{"id":18844,"date":"2025-08-06T19:39:27","date_gmt":"2025-08-06T19:39:27","guid":{"rendered":"https:\/\/aspros.cat\/sugerencias\/"},"modified":"2025-08-11T18:05:44","modified_gmt":"2025-08-11T18:05:44","slug":"sugerencias","status":"publish","type":"page","link":"https:\/\/aspros.cat\/es\/sugerencias\/","title":{"rendered":"Sugerencias"},"content":{"rendered":"\t\t<div data-elementor-type=\"wp-page\" data-elementor-id=\"18844\" class=\"elementor elementor-18844 elementor-18833\" data-elementor-post-type=\"page\">\n\t\t\t\t\t\t<section class=\"elementor-section elementor-top-section elementor-element elementor-element-94ea8c2 elementor-section-full_width elementor-section-height-default elementor-section-height-default\" data-id=\"94ea8c2\" data-element_type=\"section\" data-e-type=\"section\" data-settings=\"{&quot;background_background&quot;:&quot;classic&quot;}\">\n\t\t\t\t\t\t\t<div class=\"elementor-background-overlay\"><\/div>\n\t\t\t\t\t\t\t<div class=\"elementor-container elementor-column-gap-no\">\n\t\t\t\t\t<div class=\"elementor-column elementor-col-100 elementor-top-column elementor-element elementor-element-16fb8bd\" data-id=\"16fb8bd\" data-element_type=\"column\" data-e-type=\"column\">\n\t\t\t<div class=\"elementor-widget-wrap elementor-element-populated\">\n\t\t\t\t\t\t<div class=\"elementor-element elementor-element-15db8ee elementor-widget elementor-widget-heading\" data-id=\"15db8ee\" data-element_type=\"widget\" data-e-type=\"widget\" data-widget_type=\"heading.default\">\n\t\t\t\t<div class=\"elementor-widget-container\">\n\t\t\t\t\t<h1 class=\"elementor-heading-title elementor-size-default\">Canal de sugerencias<\/h1>\t\t\t\t<\/div>\n\t\t\t\t<\/div>\n\t\t\t\t\t<\/div>\n\t\t<\/div>\n\t\t\t\t\t<\/div>\n\t\t<\/section>\n\t\t\t\t<section class=\"elementor-section elementor-top-section elementor-element elementor-element-86762dd elementor-section-boxed elementor-section-height-default elementor-section-height-default\" data-id=\"86762dd\" data-element_type=\"section\" data-e-type=\"section\">\n\t\t\t\t\t\t<div class=\"elementor-container elementor-column-gap-no\">\n\t\t\t\t\t<div class=\"elementor-column elementor-col-50 elementor-top-column elementor-element elementor-element-6296ea7\" data-id=\"6296ea7\" data-element_type=\"column\" data-e-type=\"column\">\n\t\t\t<div class=\"elementor-widget-wrap elementor-element-populated\">\n\t\t\t\t\t\t<div class=\"elementor-element elementor-element-eefd301 blueTitle elementor-widget elementor-widget-heading\" data-id=\"eefd301\" data-element_type=\"widget\" data-e-type=\"widget\" data-widget_type=\"heading.default\">\n\t\t\t\t<div class=\"elementor-widget-container\">\n\t\t\t\t\t<h1 class=\"elementor-heading-title elementor-size-default\">\u00bfTe gustar\u00eda enviarnos alguna sugerencia?<\/h1>\t\t\t\t<\/div>\n\t\t\t\t<\/div>\n\t\t\t\t<div class=\"elementor-element elementor-element-7b5ea4f blueTitle elementor-widget elementor-widget-heading\" data-id=\"7b5ea4f\" data-element_type=\"widget\" data-e-type=\"widget\" data-widget_type=\"heading.default\">\n\t\t\t\t<div class=\"elementor-widget-container\">\n\t\t\t\t\t<h1 class=\"elementor-heading-title elementor-size-default\">\u00a1Te escuchamos!<\/h1>\t\t\t\t<\/div>\n\t\t\t\t<\/div>\n\t\t\t\t\t<\/div>\n\t\t<\/div>\n\t\t\t\t<div class=\"elementor-column elementor-col-50 elementor-top-column elementor-element elementor-element-f78eb6f\" data-id=\"f78eb6f\" data-element_type=\"column\" data-e-type=\"column\">\n\t\t\t<div class=\"elementor-widget-wrap elementor-element-populated\">\n\t\t\t\t\t\t<div class=\"elementor-element elementor-element-1a43ea0 description elementor-widget elementor-widget-text-editor\" data-id=\"1a43ea0\" data-element_type=\"widget\" data-e-type=\"widget\" data-widget_type=\"text-editor.default\">\n\t\t\t\t<div class=\"elementor-widget-container\">\n\t\t\t\t\t\t\t\t\t<p>En Fundaci\u00f3 Aspros abrimos un canal de sugerencias para que cualquier persona, vinculada o no a la Fundaci\u00f3 Aspros, pueda enviarnos propuestas que tengan un impacto positivo sobre nuestra organizaci\u00f3n y las personas que forman parte. \u00a1La escucha activa y la implicaci\u00f3n de todas las voces son herramientas esenciales para fortalecer una cultura de responsabilidad compartida y de mejora constante!<\/p>\n\t\t\t\t\t\t\t\t<\/div>\n\t\t\t\t<\/div>\n\t\t\t\t\t<\/div>\n\t\t<\/div>\n\t\t\t\t\t<\/div>\n\t\t<\/section>\n\t\t\t\t<section class=\"elementor-section elementor-top-section elementor-element elementor-element-3f7a841 elementor-section-content-middle elementor-section-boxed elementor-section-height-default elementor-section-height-default\" data-id=\"3f7a841\" data-element_type=\"section\" data-e-type=\"section\">\n\t\t\t\t\t\t<div class=\"elementor-container elementor-column-gap-no\">\n\t\t\t\t\t<div class=\"elementor-column elementor-col-50 elementor-top-column elementor-element elementor-element-506e30a\" data-id=\"506e30a\" data-element_type=\"column\" data-e-type=\"column\">\n\t\t\t<div class=\"elementor-widget-wrap elementor-element-populated\">\n\t\t\t\t\t\t<div class=\"elementor-element elementor-element-c10db67 elementor-button-align-stretch elementor-widget elementor-widget-form\" data-id=\"c10db67\" data-element_type=\"widget\" data-e-type=\"widget\" data-settings=\"{&quot;step_next_label&quot;:&quot;Siguiente&quot;,&quot;step_previous_label&quot;:&quot;Anterior&quot;,&quot;button_width&quot;:&quot;100&quot;,&quot;step_type&quot;:&quot;number_text&quot;,&quot;step_icon_shape&quot;:&quot;circle&quot;}\" data-widget_type=\"form.default\">\n\t\t\t\t<div class=\"elementor-widget-container\">\n\t\t\t\t\t\t\t<form class=\"elementor-form\" method=\"post\" name=\"Sugerencia\" aria-label=\"Sugerencia\">\n\t\t\t<input type=\"hidden\" name=\"post_id\" value=\"18844\"\/>\n\t\t\t<input type=\"hidden\" name=\"form_id\" value=\"c10db67\"\/>\n\t\t\t<input type=\"hidden\" name=\"referer_title\" value=\"Fundaci\u00f3 Aspros \u2013 Servei Integral per la discapacitat ps\u00edquica\" \/>\n\n\t\t\t\n\t\t\t<div class=\"elementor-form-fields-wrapper elementor-labels-above\">\n\t\t\t\t\t\t\t\t<div class=\"elementor-field-type-text elementor-field-group elementor-column elementor-field-group-name elementor-col-50\">\n\t\t\t\t\t\t\t\t\t\t\t\t<label for=\"form-field-name\" class=\"elementor-field-label\">\n\t\t\t\t\t\t\t\tNombre\t\t\t\t\t\t\t<\/label>\n\t\t\t\t\t\t\t\t\t\t\t\t\t\t<input size=\"1\" type=\"text\" name=\"form_fields[name]\" id=\"form-field-name\" class=\"elementor-field elementor-size-sm  elementor-field-textual\" placeholder=\"Nombre\">\n\t\t\t\t\t\t\t\t\t\t\t<\/div>\n\t\t\t\t\t\t\t\t<div class=\"elementor-field-type-text elementor-field-group elementor-column elementor-field-group-field_c2f977f elementor-col-50\">\n\t\t\t\t\t\t\t\t\t\t\t\t<label for=\"form-field-field_c2f977f\" class=\"elementor-field-label\">\n\t\t\t\t\t\t\t\tApellidos\t\t\t\t\t\t\t<\/label>\n\t\t\t\t\t\t\t\t\t\t\t\t\t\t<input size=\"1\" type=\"text\" name=\"form_fields[field_c2f977f]\" id=\"form-field-field_c2f977f\" class=\"elementor-field elementor-size-sm  elementor-field-textual\" placeholder=\"Apellidos\">\n\t\t\t\t\t\t\t\t\t\t\t<\/div>\n\t\t\t\t\t\t\t\t<div class=\"elementor-field-type-tel elementor-field-group elementor-column elementor-field-group-tel elementor-col-50\">\n\t\t\t\t\t\t\t\t\t\t\t\t<label for=\"form-field-tel\" class=\"elementor-field-label\">\n\t\t\t\t\t\t\t\tTel\u00e9fono\t\t\t\t\t\t\t<\/label>\n\t\t\t\t\t\t\t\t<input size=\"1\" type=\"tel\" name=\"form_fields[tel]\" id=\"form-field-tel\" class=\"elementor-field elementor-size-sm  elementor-field-textual\" placeholder=\"Tel\u00e9fono\" pattern=\"[0-9()#&amp;+*-=.]+\" title=\"Solo se aceptan n\u00fameros y caracteres de tel\u00e9fono (#,-,*,etc).\">\n\n\t\t\t\t\t\t<\/div>\n\t\t\t\t\t\t\t\t<div class=\"elementor-field-type-email elementor-field-group elementor-column elementor-field-group-field_f36855f elementor-col-50\">\n\t\t\t\t\t\t\t\t\t\t\t\t<label for=\"form-field-field_f36855f\" class=\"elementor-field-label\">\n\t\t\t\t\t\t\t\tCorreo electr\u00f3nico\t\t\t\t\t\t\t<\/label>\n\t\t\t\t\t\t\t\t\t\t\t\t\t\t<input size=\"1\" type=\"email\" name=\"form_fields[field_f36855f]\" id=\"form-field-field_f36855f\" class=\"elementor-field elementor-size-sm  elementor-field-textual\" placeholder=\"Correo electr\u00f3nico\">\n\t\t\t\t\t\t\t\t\t\t\t<\/div>\n\t\t\t\t\t\t\t\t<div class=\"elementor-field-type-select elementor-field-group elementor-column elementor-field-group-field_3ce9ae9 elementor-col-100\">\n\t\t\t\t\t\t\t\t\t\t\t\t<label for=\"form-field-field_3ce9ae9\" class=\"elementor-field-label\">\n\t\t\t\t\t\t\t\t\u00bfTienes alguna relaci\u00f3n con Fundaci\u00f3 Aspros?\t\t\t\t\t\t\t<\/label>\n\t\t\t\t\t\t\t\t<div class=\"elementor-field elementor-select-wrapper remove-before \">\n\t\t\t<div class=\"select-caret-down-wrapper\">\n\t\t\t\t<i aria-hidden=\"true\" class=\"eicon-caret-down\"><\/i>\t\t\t<\/div>\n\t\t\t<select name=\"form_fields[field_3ce9ae9]\" id=\"form-field-field_3ce9ae9\" class=\"elementor-field-textual elementor-size-sm\">\n\t\t\t\t\t\t\t\t\t<option value=\"S\u00ed&lt;br&gt;No\">S\u00ed&lt;br&gt;No<\/option>\n\t\t\t\t\t\t\t<\/select>\n\t\t<\/div>\n\t\t\t\t\t\t<\/div>\n\t\t\t\t\t\t\t\t<div class=\"elementor-field-type-textarea elementor-field-group elementor-column elementor-field-group-message elementor-col-100\">\n\t\t\t\t\t\t\t\t\t\t\t\t<label for=\"form-field-message\" class=\"elementor-field-label\">\n\t\t\t\t\t\t\t\tIndica tu sugerencia\t\t\t\t\t\t\t<\/label>\n\t\t\t\t\t\t<textarea class=\"elementor-field-textual elementor-field  elementor-size-sm\" name=\"form_fields[message]\" id=\"form-field-message\" rows=\"4\" placeholder=\"Indica tu sugerencia\"><\/textarea>\t\t\t\t<\/div>\n\t\t\t\t\t\t\t\t<div class=\"elementor-field-type-acceptance elementor-field-group elementor-column elementor-field-group-field_b4a0864 elementor-col-100 elementor-field-required elementor-mark-required\">\n\t\t\t\t\t\t\t<div class=\"elementor-field-subgroup\">\n\t\t\t<span class=\"elementor-field-option\">\n\t\t\t\t<input type=\"checkbox\" name=\"form_fields[field_b4a0864]\" id=\"form-field-field_b4a0864\" class=\"elementor-field elementor-size-sm  elementor-acceptance-field\" required=\"required\">\n\t\t\t\t<label for=\"form-field-field_b4a0864\">Acepto la pol\u00edtica de  <a href=\"https:\/\/aspros.cat\/es\/tratamiento-de-datos\/\"> Tratamiento de Datos <\/a> y la <a href=\"https:\/\/aspros.cat\/es\/politica-de-privacidad\/\"> Pol\u00edtica de Privacidad <\/a><\/label>\t\t\t<\/span>\n\t\t<\/div>\n\t\t\t\t\t\t<\/div>\n\t\t\t\t\t\t\t\t<div class=\"elementor-field-group elementor-column elementor-field-type-submit elementor-col-100 e-form__buttons\">\n\t\t\t\t\t<button class=\"elementor-button elementor-size-sm\" type=\"submit\">\n\t\t\t\t\t\t<span class=\"elementor-button-content-wrapper\">\n\t\t\t\t\t\t\t\t\t\t\t\t\t\t\t\t\t\t\t\t\t\t<span class=\"elementor-button-text\">Enviar<\/span>\n\t\t\t\t\t\t\t\t\t\t\t\t\t<\/span>\n\t\t\t\t\t<\/button>\n\t\t\t\t<\/div>\n\t\t\t<\/div>\n\t\t<\/form>\n\t\t\t\t\t\t<\/div>\n\t\t\t\t<\/div>\n\t\t\t\t\t<\/div>\n\t\t<\/div>\n\t\t\t\t<div class=\"elementor-column elementor-col-50 elementor-top-column elementor-element elementor-element-32424a3\" data-id=\"32424a3\" data-element_type=\"column\" data-e-type=\"column\">\n\t\t\t<div class=\"elementor-widget-wrap elementor-element-populated\">\n\t\t\t\t\t\t<div class=\"elementor-element elementor-element-6810885 elementor-widget elementor-widget-image\" data-id=\"6810885\" data-element_type=\"widget\" data-e-type=\"widget\" data-widget_type=\"image.default\">\n\t\t\t\t<div class=\"elementor-widget-container\">\n\t\t\t\t\t\t\t\t\t\t\t\t\t\t\t<img fetchpriority=\"high\" decoding=\"async\" width=\"768\" height=\"1024\" src=\"https:\/\/aspros.cat\/wp-content\/uploads\/2025\/08\/Aspros_Oficines_Centrals-DSC_1522-1-768x1024.jpg\" class=\"attachment-large size-large wp-image-18837\" alt=\"\" srcset=\"https:\/\/aspros.cat\/wp-content\/uploads\/2025\/08\/Aspros_Oficines_Centrals-DSC_1522-1-768x1024.jpg 768w, https:\/\/aspros.cat\/wp-content\/uploads\/2025\/08\/Aspros_Oficines_Centrals-DSC_1522-1-225x300.jpg 225w, https:\/\/aspros.cat\/wp-content\/uploads\/2025\/08\/Aspros_Oficines_Centrals-DSC_1522-1.jpg 900w\" sizes=\"(max-width: 768px) 100vw, 768px\" \/>\t\t\t\t\t\t\t\t\t\t\t\t\t\t\t<\/div>\n\t\t\t\t<\/div>\n\t\t\t\t\t<\/div>\n\t\t<\/div>\n\t\t\t\t\t<\/div>\n\t\t<\/section>\n\t\t\t\t<\/div>\n\t\t","protected":false},"excerpt":{"rendered":"<p>Canal de sugerencias \u00bfTe gustar\u00eda enviarnos alguna sugerencia? \u00a1Te escuchamos! En Fundaci\u00f3 Aspros abrimos un canal de sugerencias para que cualquier persona, vinculada o no a la Fundaci\u00f3 Aspros, pueda enviarnos propuestas que tengan un impacto positivo sobre nuestra organizaci\u00f3n y las personas que forman parte. \u00a1La escucha activa y la implicaci\u00f3n de todas las [&hellip;]<\/p>\n","protected":false},"author":1,"featured_media":0,"parent":0,"menu_order":0,"comment_status":"closed","ping_status":"closed","template":"","meta":{"give_campaign_id":0,"site-sidebar-layout":"no-sidebar","site-content-layout":"page-builder","ast-site-content-layout":"full-width-container","site-content-style":"unboxed","site-sidebar-style":"unboxed","ast-global-header-display":"","ast-banner-title-visibility":"","ast-main-header-display":"","ast-hfb-above-header-display":"","ast-hfb-below-header-display":"","ast-hfb-mobile-header-display":"","site-post-title":"disabled","ast-breadcrumbs-content":"","ast-featured-img":"disabled","footer-sml-layout":"","ast-disable-related-posts":"","theme-transparent-header-meta":"","adv-header-id-meta":"","stick-header-meta":"","header-above-stick-meta":"","header-main-stick-meta":"","header-below-stick-meta":"","astra-migrate-meta-layouts":"default","ast-page-background-enabled":"default","ast-page-background-meta":{"desktop":{"background-color":"var(--ast-global-color-4)","background-image":"","background-repeat":"repeat","background-position":"center center","background-size":"auto","background-attachment":"scroll","background-type":"","background-media":"","overlay-type":"","overlay-color":"","overlay-opacity":"","overlay-gradient":""},"tablet":{"background-color":"","background-image":"","background-repeat":"repeat","background-position":"center center","background-size":"auto","background-attachment":"scroll","background-type":"","background-media":"","overlay-type":"","overlay-color":"","overlay-opacity":"","overlay-gradient":""},"mobile":{"background-color":"","background-image":"","background-repeat":"repeat","background-position":"center center","background-size":"auto","background-attachment":"scroll","background-type":"","background-media":"","overlay-type":"","overlay-color":"","overlay-opacity":"","overlay-gradient":""}},"ast-content-background-meta":{"desktop":{"background-color":"var(--ast-global-color-5)","background-image":"","background-repeat":"repeat","background-position":"center center","background-size":"auto","background-attachment":"scroll","background-type":"","background-media":"","overlay-type":"","overlay-color":"","overlay-opacity":"","overlay-gradient":""},"tablet":{"background-color":"var(--ast-global-color-5)","background-image":"","background-repeat":"repeat","background-position":"center center","background-size":"auto","background-attachment":"scroll","background-type":"","background-media":"","overlay-type":"","overlay-color":"","overlay-opacity":"","overlay-gradient":""},"mobile":{"background-color":"var(--ast-global-color-5)","background-image":"","background-repeat":"repeat","background-position":"center center","background-size":"auto","background-attachment":"scroll","background-type":"","background-media":"","overlay-type":"","overlay-color":"","overlay-opacity":"","overlay-gradient":""}},"footnotes":""},"class_list":["post-18844","page","type-page","status-publish","hentry"],"yoast_head":"<!-- This site is optimized with the Yoast SEO plugin v27.2 - https:\/\/yoast.com\/product\/yoast-seo-wordpress\/ -->\n<title>Sugerencias - Fundaci\u00f3 Aspros \u2013 Servei Integral per la discapacitat ps\u00edquica<\/title>\n<meta name=\"description\" content=\"Forma part d\u2019un equip multidisciplinari format per m\u00e9s de 700 professionals.\" \/>\n<meta name=\"robots\" content=\"index, follow, max-snippet:-1, max-image-preview:large, max-video-preview:-1\" \/>\n<link rel=\"canonical\" href=\"https:\/\/aspros.cat\/suggeriments\/\" \/>\n<meta property=\"og:locale\" content=\"es_ES\" \/>\n<meta property=\"og:type\" content=\"article\" \/>\n<meta property=\"og:title\" content=\"Sugerencias - Fundaci\u00f3 Aspros \u2013 Servei Integral per la discapacitat ps\u00edquica\" \/>\n<meta property=\"og:description\" content=\"Forma part d\u2019un equip multidisciplinari format per m\u00e9s de 700 professionals.\" \/>\n<meta property=\"og:url\" content=\"https:\/\/aspros.cat\/suggeriments\/\" \/>\n<meta property=\"og:site_name\" content=\"Fundaci\u00f3 Aspros \u2013 Servei Integral per la discapacitat ps\u00edquica\" \/>\n<meta property=\"article:modified_time\" content=\"2025-08-11T18:05:44+00:00\" \/>\n<meta property=\"og:image\" content=\"https:\/\/aspros.cat\/wp-content\/uploads\/2025\/08\/Aspros_Oficines_Centrals-DSC_1522-1.jpg\" \/>\n\t<meta property=\"og:image:width\" content=\"900\" \/>\n\t<meta property=\"og:image:height\" content=\"1200\" \/>\n\t<meta property=\"og:image:type\" content=\"image\/jpeg\" \/>\n<meta name=\"twitter:card\" content=\"summary_large_image\" \/>\n<meta name=\"twitter:label1\" content=\"Tiempo de lectura\" \/>\n\t<meta name=\"twitter:data1\" content=\"1 minuto\" \/>\n<script type=\"application\/ld+json\" class=\"yoast-schema-graph\">{\"@context\":\"https:\/\/schema.org\",\"@graph\":[{\"@type\":\"WebPage\",\"@id\":\"https:\/\/aspros.cat\/suggeriments\/\",\"url\":\"https:\/\/aspros.cat\/suggeriments\/\",\"name\":\"Sugerencias - Fundaci\u00f3 Aspros \u2013 Servei Integral per la discapacitat ps\u00edquica\",\"isPartOf\":{\"@id\":\"https:\/\/aspros.cat\/#website\"},\"primaryImageOfPage\":{\"@id\":\"https:\/\/aspros.cat\/suggeriments\/#primaryimage\"},\"image\":{\"@id\":\"https:\/\/aspros.cat\/suggeriments\/#primaryimage\"},\"thumbnailUrl\":\"https:\/\/aspros.cat\/wp-content\/uploads\/2025\/08\/Aspros_Oficines_Centrals-DSC_1522-1-768x1024.jpg\",\"datePublished\":\"2025-08-06T19:39:27+00:00\",\"dateModified\":\"2025-08-11T18:05:44+00:00\",\"description\":\"Forma part d\u2019un equip multidisciplinari format per m\u00e9s de 700 professionals.\",\"breadcrumb\":{\"@id\":\"https:\/\/aspros.cat\/suggeriments\/#breadcrumb\"},\"inLanguage\":\"es\",\"potentialAction\":[{\"@type\":\"ReadAction\",\"target\":[\"https:\/\/aspros.cat\/suggeriments\/\"]}]},{\"@type\":\"ImageObject\",\"inLanguage\":\"es\",\"@id\":\"https:\/\/aspros.cat\/suggeriments\/#primaryimage\",\"url\":\"https:\/\/aspros.cat\/wp-content\/uploads\/2025\/08\/Aspros_Oficines_Centrals-DSC_1522-1-768x1024.jpg\",\"contentUrl\":\"https:\/\/aspros.cat\/wp-content\/uploads\/2025\/08\/Aspros_Oficines_Centrals-DSC_1522-1-768x1024.jpg\"},{\"@type\":\"BreadcrumbList\",\"@id\":\"https:\/\/aspros.cat\/suggeriments\/#breadcrumb\",\"itemListElement\":[{\"@type\":\"ListItem\",\"position\":1,\"name\":\"Inici\",\"item\":\"https:\/\/aspros.cat\/\"},{\"@type\":\"ListItem\",\"position\":2,\"name\":\"Sugerencias\"}]},{\"@type\":\"WebSite\",\"@id\":\"https:\/\/aspros.cat\/#website\",\"url\":\"https:\/\/aspros.cat\/\",\"name\":\"Fundaci\u00f3 Aspros \u2013 Servei Integral per la discapacitat ps\u00edquica\",\"description\":\"Otro sitio realizado con WordPress\",\"publisher\":{\"@id\":\"https:\/\/aspros.cat\/#organization\"},\"potentialAction\":[{\"@type\":\"SearchAction\",\"target\":{\"@type\":\"EntryPoint\",\"urlTemplate\":\"https:\/\/aspros.cat\/?s={search_term_string}\"},\"query-input\":{\"@type\":\"PropertyValueSpecification\",\"valueRequired\":true,\"valueName\":\"search_term_string\"}}],\"inLanguage\":\"es\"},{\"@type\":\"Organization\",\"@id\":\"https:\/\/aspros.cat\/#organization\",\"name\":\"Fundaci\u00f3 Aspros \u2013 Servei Integral per la discapacitat ps\u00edquica\",\"url\":\"https:\/\/aspros.cat\/\",\"logo\":{\"@type\":\"ImageObject\",\"inLanguage\":\"es\",\"@id\":\"https:\/\/aspros.cat\/#\/schema\/logo\/image\/\",\"url\":\"https:\/\/aspros.cat\/wp-content\/uploads\/2021\/11\/cropped-ASPROS_positiu.png\",\"contentUrl\":\"https:\/\/aspros.cat\/wp-content\/uploads\/2021\/11\/cropped-ASPROS_positiu.png\",\"width\":1200,\"height\":400,\"caption\":\"Fundaci\u00f3 Aspros \u2013 Servei Integral per la discapacitat ps\u00edquica\"},\"image\":{\"@id\":\"https:\/\/aspros.cat\/#\/schema\/logo\/image\/\"}}]}<\/script>\n<!-- \/ Yoast SEO plugin. -->","yoast_head_json":{"title":"Sugerencias - Fundaci\u00f3 Aspros \u2013 Servei Integral per la discapacitat ps\u00edquica","description":"Forma part d\u2019un equip multidisciplinari format per m\u00e9s de 700 professionals.","robots":{"index":"index","follow":"follow","max-snippet":"max-snippet:-1","max-image-preview":"max-image-preview:large","max-video-preview":"max-video-preview:-1"},"canonical":"https:\/\/aspros.cat\/suggeriments\/","og_locale":"es_ES","og_type":"article","og_title":"Sugerencias - Fundaci\u00f3 Aspros \u2013 Servei Integral per la discapacitat ps\u00edquica","og_description":"Forma part d\u2019un equip multidisciplinari format per m\u00e9s de 700 professionals.","og_url":"https:\/\/aspros.cat\/suggeriments\/","og_site_name":"Fundaci\u00f3 Aspros \u2013 Servei Integral per la discapacitat ps\u00edquica","article_modified_time":"2025-08-11T18:05:44+00:00","og_image":[{"width":900,"height":1200,"url":"https:\/\/aspros.cat\/wp-content\/uploads\/2025\/08\/Aspros_Oficines_Centrals-DSC_1522-1.jpg","type":"image\/jpeg"}],"twitter_card":"summary_large_image","twitter_misc":{"Tiempo de lectura":"1 minuto"},"schema":{"@context":"https:\/\/schema.org","@graph":[{"@type":"WebPage","@id":"https:\/\/aspros.cat\/suggeriments\/","url":"https:\/\/aspros.cat\/suggeriments\/","name":"Sugerencias - Fundaci\u00f3 Aspros \u2013 Servei Integral per la discapacitat ps\u00edquica","isPartOf":{"@id":"https:\/\/aspros.cat\/#website"},"primaryImageOfPage":{"@id":"https:\/\/aspros.cat\/suggeriments\/#primaryimage"},"image":{"@id":"https:\/\/aspros.cat\/suggeriments\/#primaryimage"},"thumbnailUrl":"https:\/\/aspros.cat\/wp-content\/uploads\/2025\/08\/Aspros_Oficines_Centrals-DSC_1522-1-768x1024.jpg","datePublished":"2025-08-06T19:39:27+00:00","dateModified":"2025-08-11T18:05:44+00:00","description":"Forma part d\u2019un equip multidisciplinari format per m\u00e9s de 700 professionals.","breadcrumb":{"@id":"https:\/\/aspros.cat\/suggeriments\/#breadcrumb"},"inLanguage":"es","potentialAction":[{"@type":"ReadAction","target":["https:\/\/aspros.cat\/suggeriments\/"]}]},{"@type":"ImageObject","inLanguage":"es","@id":"https:\/\/aspros.cat\/suggeriments\/#primaryimage","url":"https:\/\/aspros.cat\/wp-content\/uploads\/2025\/08\/Aspros_Oficines_Centrals-DSC_1522-1-768x1024.jpg","contentUrl":"https:\/\/aspros.cat\/wp-content\/uploads\/2025\/08\/Aspros_Oficines_Centrals-DSC_1522-1-768x1024.jpg"},{"@type":"BreadcrumbList","@id":"https:\/\/aspros.cat\/suggeriments\/#breadcrumb","itemListElement":[{"@type":"ListItem","position":1,"name":"Inici","item":"https:\/\/aspros.cat\/"},{"@type":"ListItem","position":2,"name":"Sugerencias"}]},{"@type":"WebSite","@id":"https:\/\/aspros.cat\/#website","url":"https:\/\/aspros.cat\/","name":"Fundaci\u00f3 Aspros \u2013 Servei Integral per la discapacitat ps\u00edquica","description":"Otro sitio realizado con WordPress","publisher":{"@id":"https:\/\/aspros.cat\/#organization"},"potentialAction":[{"@type":"SearchAction","target":{"@type":"EntryPoint","urlTemplate":"https:\/\/aspros.cat\/?s={search_term_string}"},"query-input":{"@type":"PropertyValueSpecification","valueRequired":true,"valueName":"search_term_string"}}],"inLanguage":"es"},{"@type":"Organization","@id":"https:\/\/aspros.cat\/#organization","name":"Fundaci\u00f3 Aspros \u2013 Servei Integral per la discapacitat ps\u00edquica","url":"https:\/\/aspros.cat\/","logo":{"@type":"ImageObject","inLanguage":"es","@id":"https:\/\/aspros.cat\/#\/schema\/logo\/image\/","url":"https:\/\/aspros.cat\/wp-content\/uploads\/2021\/11\/cropped-ASPROS_positiu.png","contentUrl":"https:\/\/aspros.cat\/wp-content\/uploads\/2021\/11\/cropped-ASPROS_positiu.png","width":1200,"height":400,"caption":"Fundaci\u00f3 Aspros \u2013 Servei Integral per la discapacitat ps\u00edquica"},"image":{"@id":"https:\/\/aspros.cat\/#\/schema\/logo\/image\/"}}]}},"campaignId":"","_links":{"self":[{"href":"https:\/\/aspros.cat\/es\/wp-json\/wp\/v2\/pages\/18844","targetHints":{"allow":["GET"]}}],"collection":[{"href":"https:\/\/aspros.cat\/es\/wp-json\/wp\/v2\/pages"}],"about":[{"href":"https:\/\/aspros.cat\/es\/wp-json\/wp\/v2\/types\/page"}],"author":[{"embeddable":true,"href":"https:\/\/aspros.cat\/es\/wp-json\/wp\/v2\/users\/1"}],"replies":[{"embeddable":true,"href":"https:\/\/aspros.cat\/es\/wp-json\/wp\/v2\/comments?post=18844"}],"version-history":[{"count":5,"href":"https:\/\/aspros.cat\/es\/wp-json\/wp\/v2\/pages\/18844\/revisions"}],"predecessor-version":[{"id":18882,"href":"https:\/\/aspros.cat\/es\/wp-json\/wp\/v2\/pages\/18844\/revisions\/18882"}],"wp:attachment":[{"href":"https:\/\/aspros.cat\/es\/wp-json\/wp\/v2\/media?parent=18844"}],"curies":[{"name":"wp","href":"https:\/\/api.w.org\/{rel}","templated":true}]}}