{"id":10222,"date":"2022-03-29T06:44:05","date_gmt":"2022-03-29T06:44:05","guid":{"rendered":"https:\/\/aspros.cat\/personas-y-familias\/centros-especiales-de-trabajo\/"},"modified":"2025-08-04T18:04:16","modified_gmt":"2025-08-04T18:04:16","slug":"centros-especiales-de-trabajo","status":"publish","type":"page","link":"https:\/\/aspros.cat\/es\/personas-y-familias\/centros-especiales-de-trabajo\/","title":{"rendered":"Centros especiales de trabajo"},"content":{"rendered":"\t\t<div data-elementor-type=\"wp-page\" data-elementor-id=\"10222\" class=\"elementor elementor-10222 elementor-2963\" data-elementor-post-type=\"page\">\n\t\t\t\t\t\t<section class=\"elementor-section elementor-top-section elementor-element elementor-element-d1da793 elementor-section-full_width elementor-section-height-default elementor-section-height-default\" data-id=\"d1da793\" data-element_type=\"section\" data-e-type=\"section\" data-settings=\"{&quot;background_background&quot;:&quot;classic&quot;}\">\n\t\t\t\t\t\t\t<div class=\"elementor-background-overlay\"><\/div>\n\t\t\t\t\t\t\t<div class=\"elementor-container elementor-column-gap-no\">\n\t\t\t\t\t<div class=\"elementor-column elementor-col-100 elementor-top-column elementor-element elementor-element-498d4a6\" data-id=\"498d4a6\" data-element_type=\"column\" data-e-type=\"column\">\n\t\t\t<div class=\"elementor-widget-wrap elementor-element-populated\">\n\t\t\t\t\t\t<div class=\"elementor-element elementor-element-d2413e9 elementor-widget elementor-widget-heading\" data-id=\"d2413e9\" data-element_type=\"widget\" data-e-type=\"widget\" data-widget_type=\"heading.default\">\n\t\t\t\t<div class=\"elementor-widget-container\">\n\t\t\t\t\t<h5 class=\"elementor-heading-title elementor-size-default\">Impulsa't - Orientaci\u00f3, formaci\u00f3 i ocupaci\u00f3<\/h5>\t\t\t\t<\/div>\n\t\t\t\t<\/div>\n\t\t\t\t<div class=\"elementor-element elementor-element-74f835d elementor-widget elementor-widget-heading\" data-id=\"74f835d\" data-element_type=\"widget\" data-e-type=\"widget\" data-widget_type=\"heading.default\">\n\t\t\t\t<div class=\"elementor-widget-container\">\n\t\t\t\t\t<h1 class=\"elementor-heading-title elementor-size-default\">Equipo Multidisciplinario de Apoyo (EMA)<\/h1>\t\t\t\t<\/div>\n\t\t\t\t<\/div>\n\t\t\t\t\t<\/div>\n\t\t<\/div>\n\t\t\t\t\t<\/div>\n\t\t<\/section>\n\t\t\t\t<section class=\"elementor-section elementor-top-section elementor-element elementor-element-e4d7d52 elementor-section-boxed elementor-section-height-default elementor-section-height-default\" data-id=\"e4d7d52\" data-element_type=\"section\" data-e-type=\"section\">\n\t\t\t\t\t\t<div class=\"elementor-container elementor-column-gap-no\">\n\t\t\t\t\t<div class=\"elementor-column elementor-col-100 elementor-top-column elementor-element elementor-element-cda8c65\" data-id=\"cda8c65\" data-element_type=\"column\" data-e-type=\"column\">\n\t\t\t<div class=\"elementor-widget-wrap elementor-element-populated\">\n\t\t\t\t\t\t<section class=\"elementor-section elementor-inner-section elementor-element elementor-element-a9659b0 elementor-section-full_width elementor-section-height-default elementor-section-height-default\" data-id=\"a9659b0\" data-element_type=\"section\" data-e-type=\"section\">\n\t\t\t\t\t\t<div class=\"elementor-container elementor-column-gap-default\">\n\t\t\t\t\t<div class=\"elementor-column elementor-col-50 elementor-inner-column elementor-element elementor-element-d6dab76\" data-id=\"d6dab76\" data-element_type=\"column\" data-e-type=\"column\">\n\t\t\t<div class=\"elementor-widget-wrap elementor-element-populated\">\n\t\t\t\t\t\t<div class=\"elementor-element elementor-element-4a55626 blueTitle elementor-widget elementor-widget-heading\" data-id=\"4a55626\" data-element_type=\"widget\" data-e-type=\"widget\" data-widget_type=\"heading.default\">\n\t\t\t\t<div class=\"elementor-widget-container\">\n\t\t\t\t\t<h2 class=\"elementor-heading-title elementor-size-default\">Nuestros servicios<\/h2>\t\t\t\t<\/div>\n\t\t\t\t<\/div>\n\t\t\t\t<div class=\"elementor-element elementor-element-0562683 elementor-tablet-align-right elementor-mobile-align-center elementor-align-right elementor-widget elementor-widget-button\" data-id=\"0562683\" data-element_type=\"widget\" data-e-type=\"widget\" data-widget_type=\"button.default\">\n\t\t\t\t<div class=\"elementor-widget-container\">\n\t\t\t\t\t\t\t\t\t<div class=\"elementor-button-wrapper\">\n\t\t\t\t\t<a class=\"elementor-button elementor-button-link elementor-size-sm\" href=\"https:\/\/aspros.cat\/serveis-per-lempresa\/\">\n\t\t\t\t\t\t<span class=\"elementor-button-content-wrapper\">\n\t\t\t\t\t\t\t\t\t<span class=\"elementor-button-text\">Nuestros centros<\/span>\n\t\t\t\t\t<\/span>\n\t\t\t\t\t<\/a>\n\t\t\t\t<\/div>\n\t\t\t\t\t\t\t\t<\/div>\n\t\t\t\t<\/div>\n\t\t\t\t\t<\/div>\n\t\t<\/div>\n\t\t\t\t<div class=\"elementor-column elementor-col-50 elementor-inner-column elementor-element elementor-element-8ed7882\" data-id=\"8ed7882\" data-element_type=\"column\" data-e-type=\"column\">\n\t\t\t<div class=\"elementor-widget-wrap elementor-element-populated\">\n\t\t\t\t\t\t<div class=\"elementor-element elementor-element-af5450d description elementor-widget elementor-widget-text-editor\" data-id=\"af5450d\" data-element_type=\"widget\" data-e-type=\"widget\" data-widget_type=\"text-editor.default\">\n\t\t\t\t<div class=\"elementor-widget-container\">\n\t\t\t\t\t\t\t\t\t<p>Nuestros centro especiales de trabajo (CET) y nuestro servicio de apoyo a la empresa aseguran la integraci\u00f3n de las personas con discapacidad intelectual o trastorno de salud mental en el mercado laboral.<\/p>\n<p>Para ello contamos con la <strong>Unidad de Apoyo a la Actividad Profesional (USAP)<\/strong>, un equipo t\u00e9cnico formado por profesionales que respaldan a las personas trabajadoras de estos centros y a sus familias. Adem\u00e1s, ayudan a las personas a superar las dificultades que puedan afrontar en el proceso de incorporaci\u00f3n al mundo laboral, y tambi\u00e9n mientras permanecen o progresan en \u00e9l.<\/p>\n\t\t\t\t\t\t\t\t<\/div>\n\t\t\t\t<\/div>\n\t\t\t\t\t<\/div>\n\t\t<\/div>\n\t\t\t\t\t<\/div>\n\t\t<\/section>\n\t\t\t\t<div class=\"elementor-element elementor-element-ad2814f elementor-widget elementor-widget-text-editor\" data-id=\"ad2814f\" data-element_type=\"widget\" data-e-type=\"widget\" data-widget_type=\"text-editor.default\">\n\t\t\t\t<div class=\"elementor-widget-container\">\n\t\t\t\t\t\t\t\t\t<p>Con el apoyo de la Generalitat de Catalunya<\/p>\n\t\t\t\t\t\t\t\t<\/div>\n\t\t\t\t<\/div>\n\t\t\t\t<section class=\"elementor-section elementor-inner-section elementor-element elementor-element-4f4e69b elementor-section-boxed elementor-section-height-default elementor-section-height-default\" data-id=\"4f4e69b\" data-element_type=\"section\" data-e-type=\"section\">\n\t\t\t\t\t\t<div class=\"elementor-container elementor-column-gap-default\">\n\t\t\t\t\t<div class=\"elementor-column elementor-col-50 elementor-inner-column elementor-element elementor-element-b26977e\" data-id=\"b26977e\" data-element_type=\"column\" data-e-type=\"column\">\n\t\t\t<div class=\"elementor-widget-wrap elementor-element-populated\">\n\t\t\t\t\t\t<div class=\"elementor-element elementor-element-7ff8a3d elementor-widget elementor-widget-image\" data-id=\"7ff8a3d\" data-element_type=\"widget\" data-e-type=\"widget\" data-widget_type=\"image.default\">\n\t\t\t\t<div class=\"elementor-widget-container\">\n\t\t\t\t\t\t\t\t\t\t\t\t\t\t\t<img fetchpriority=\"high\" decoding=\"async\" width=\"1024\" height=\"297\" src=\"https:\/\/aspros.cat\/wp-content\/uploads\/2025\/07\/Logotipo_de_la_Generalitat_de_Catalunya.svg-1024x297.png\" class=\"attachment-large size-large wp-image-18649\" alt=\"\" srcset=\"https:\/\/aspros.cat\/wp-content\/uploads\/2025\/07\/Logotipo_de_la_Generalitat_de_Catalunya.svg-1024x297.png 1024w, https:\/\/aspros.cat\/wp-content\/uploads\/2025\/07\/Logotipo_de_la_Generalitat_de_Catalunya.svg-300x87.png 300w, https:\/\/aspros.cat\/wp-content\/uploads\/2025\/07\/Logotipo_de_la_Generalitat_de_Catalunya.svg-768x223.png 768w, https:\/\/aspros.cat\/wp-content\/uploads\/2025\/07\/Logotipo_de_la_Generalitat_de_Catalunya.svg.png 1200w\" sizes=\"(max-width: 1024px) 100vw, 1024px\" \/>\t\t\t\t\t\t\t\t\t\t\t\t\t\t\t<\/div>\n\t\t\t\t<\/div>\n\t\t\t\t\t<\/div>\n\t\t<\/div>\n\t\t\t\t<div class=\"elementor-column elementor-col-50 elementor-inner-column elementor-element elementor-element-5bc014e\" data-id=\"5bc014e\" data-element_type=\"column\" data-e-type=\"column\">\n\t\t\t<div class=\"elementor-widget-wrap elementor-element-populated\">\n\t\t\t\t\t\t<div class=\"elementor-element elementor-element-c4d1352 elementor-widget elementor-widget-image\" data-id=\"c4d1352\" data-element_type=\"widget\" data-e-type=\"widget\" data-widget_type=\"image.default\">\n\t\t\t\t<div class=\"elementor-widget-container\">\n\t\t\t\t\t\t\t\t\t\t\t\t\t\t\t<img decoding=\"async\" width=\"1024\" height=\"283\" src=\"https:\/\/aspros.cat\/wp-content\/uploads\/2025\/08\/MTESSEPE_Color_cas-1024x283.jpg\" class=\"attachment-large size-large wp-image-18792\" alt=\"\" srcset=\"https:\/\/aspros.cat\/wp-content\/uploads\/2025\/08\/MTESSEPE_Color_cas-1024x283.jpg 1024w, https:\/\/aspros.cat\/wp-content\/uploads\/2025\/08\/MTESSEPE_Color_cas-300x83.jpg 300w, https:\/\/aspros.cat\/wp-content\/uploads\/2025\/08\/MTESSEPE_Color_cas-768x212.jpg 768w, https:\/\/aspros.cat\/wp-content\/uploads\/2025\/08\/MTESSEPE_Color_cas-1536x424.jpg 1536w, https:\/\/aspros.cat\/wp-content\/uploads\/2025\/08\/MTESSEPE_Color_cas.jpg 1811w\" sizes=\"(max-width: 1024px) 100vw, 1024px\" \/>\t\t\t\t\t\t\t\t\t\t\t\t\t\t\t<\/div>\n\t\t\t\t<\/div>\n\t\t\t\t\t<\/div>\n\t\t<\/div>\n\t\t\t\t\t<\/div>\n\t\t<\/section>\n\t\t\t\t\t<\/div>\n\t\t<\/div>\n\t\t\t\t\t<\/div>\n\t\t<\/section>\n\t\t\t\t<\/div>\n\t\t","protected":false},"excerpt":{"rendered":"<p>Impulsa&#8217;t &#8211; Orientaci\u00f3, formaci\u00f3 i ocupaci\u00f3 Equipo Multidisciplinario de Apoyo (EMA) Nuestros servicios Nuestros centros Nuestros centro especiales de trabajo (CET) y nuestro servicio de apoyo a la empresa aseguran la integraci\u00f3n de las personas con discapacidad intelectual o trastorno de salud mental en el mercado laboral. Para ello contamos con la Unidad de Apoyo [&hellip;]<\/p>\n","protected":false},"author":1,"featured_media":0,"parent":10196,"menu_order":0,"comment_status":"closed","ping_status":"closed","template":"","meta":{"give_campaign_id":0,"site-sidebar-layout":"no-sidebar","site-content-layout":"page-builder","ast-site-content-layout":"full-width-container","site-content-style":"unboxed","site-sidebar-style":"unboxed","ast-global-header-display":"","ast-banner-title-visibility":"","ast-main-header-display":"","ast-hfb-above-header-display":"","ast-hfb-below-header-display":"","ast-hfb-mobile-header-display":"","site-post-title":"disabled","ast-breadcrumbs-content":"","ast-featured-img":"disabled","footer-sml-layout":"","ast-disable-related-posts":"","theme-transparent-header-meta":"","adv-header-id-meta":"","stick-header-meta":"","header-above-stick-meta":"","header-main-stick-meta":"","header-below-stick-meta":"","astra-migrate-meta-layouts":"default","ast-page-background-enabled":"default","ast-page-background-meta":{"desktop":{"background-color":"var(--ast-global-color-4)","background-image":"","background-repeat":"repeat","background-position":"center center","background-size":"auto","background-attachment":"scroll","background-type":"","background-media":"","overlay-type":"","overlay-color":"","overlay-opacity":"","overlay-gradient":""},"tablet":{"background-color":"","background-image":"","background-repeat":"repeat","background-position":"center center","background-size":"auto","background-attachment":"scroll","background-type":"","background-media":"","overlay-type":"","overlay-color":"","overlay-opacity":"","overlay-gradient":""},"mobile":{"background-color":"","background-image":"","background-repeat":"repeat","background-position":"center center","background-size":"auto","background-attachment":"scroll","background-type":"","background-media":"","overlay-type":"","overlay-color":"","overlay-opacity":"","overlay-gradient":""}},"ast-content-background-meta":{"desktop":{"background-color":"var(--ast-global-color-5)","background-image":"","background-repeat":"repeat","background-position":"center center","background-size":"auto","background-attachment":"scroll","background-type":"","background-media":"","overlay-type":"","overlay-color":"","overlay-opacity":"","overlay-gradient":""},"tablet":{"background-color":"var(--ast-global-color-5)","background-image":"","background-repeat":"repeat","background-position":"center center","background-size":"auto","background-attachment":"scroll","background-type":"","background-media":"","overlay-type":"","overlay-color":"","overlay-opacity":"","overlay-gradient":""},"mobile":{"background-color":"var(--ast-global-color-5)","background-image":"","background-repeat":"repeat","background-position":"center center","background-size":"auto","background-attachment":"scroll","background-type":"","background-media":"","overlay-type":"","overlay-color":"","overlay-opacity":"","overlay-gradient":""}},"footnotes":""},"class_list":["post-10222","page","type-page","status-publish","hentry"],"yoast_head":"<!-- This site is optimized with the Yoast SEO plugin v27.2 - https:\/\/yoast.com\/product\/yoast-seo-wordpress\/ -->\n<title>Centros especiales de trabajo - Fundaci\u00f3 Aspros \u2013 Servei Integral per la discapacitat ps\u00edquica<\/title>\n<meta name=\"robots\" content=\"index, follow, max-snippet:-1, max-image-preview:large, max-video-preview:-1\" \/>\n<link rel=\"canonical\" href=\"https:\/\/aspros.cat\/persones-i-families\/centres-especials-de-treball\/\" \/>\n<meta property=\"og:locale\" content=\"es_ES\" \/>\n<meta property=\"og:type\" content=\"article\" \/>\n<meta property=\"og:title\" content=\"Centros especiales de trabajo - Fundaci\u00f3 Aspros \u2013 Servei Integral per la discapacitat ps\u00edquica\" \/>\n<meta property=\"og:description\" content=\"Impulsa&#8217;t &#8211; Orientaci\u00f3, formaci\u00f3 i ocupaci\u00f3 Equipo Multidisciplinario de Apoyo (EMA) Nuestros servicios Nuestros centros Nuestros centro especiales de trabajo (CET) y nuestro servicio de apoyo a la empresa aseguran la integraci\u00f3n de las personas con discapacidad intelectual o trastorno de salud mental en el mercado laboral. Para ello contamos con la Unidad de Apoyo [&hellip;]\" \/>\n<meta property=\"og:url\" content=\"https:\/\/aspros.cat\/persones-i-families\/centres-especials-de-treball\/\" \/>\n<meta property=\"og:site_name\" content=\"Fundaci\u00f3 Aspros \u2013 Servei Integral per la discapacitat ps\u00edquica\" \/>\n<meta property=\"article:modified_time\" content=\"2025-08-04T18:04:16+00:00\" \/>\n<meta property=\"og:image\" content=\"https:\/\/aspros.cat\/wp-content\/uploads\/2025\/07\/Logotipo_de_la_Generalitat_de_Catalunya.svg.png\" \/>\n\t<meta property=\"og:image:width\" content=\"1200\" \/>\n\t<meta property=\"og:image:height\" content=\"348\" \/>\n\t<meta property=\"og:image:type\" content=\"image\/png\" \/>\n<meta name=\"twitter:card\" content=\"summary_large_image\" \/>\n<meta name=\"twitter:label1\" content=\"Tiempo de lectura\" \/>\n\t<meta name=\"twitter:data1\" content=\"1 minuto\" \/>\n<script type=\"application\/ld+json\" class=\"yoast-schema-graph\">{\"@context\":\"https:\/\/schema.org\",\"@graph\":[{\"@type\":\"WebPage\",\"@id\":\"https:\/\/aspros.cat\/persones-i-families\/centres-especials-de-treball\/\",\"url\":\"https:\/\/aspros.cat\/persones-i-families\/centres-especials-de-treball\/\",\"name\":\"Centros especiales de trabajo - Fundaci\u00f3 Aspros \u2013 Servei Integral per la discapacitat ps\u00edquica\",\"isPartOf\":{\"@id\":\"https:\/\/aspros.cat\/#website\"},\"primaryImageOfPage\":{\"@id\":\"https:\/\/aspros.cat\/persones-i-families\/centres-especials-de-treball\/#primaryimage\"},\"image\":{\"@id\":\"https:\/\/aspros.cat\/persones-i-families\/centres-especials-de-treball\/#primaryimage\"},\"thumbnailUrl\":\"https:\/\/aspros.cat\/wp-content\/uploads\/2025\/07\/Logotipo_de_la_Generalitat_de_Catalunya.svg-1024x297.png\",\"datePublished\":\"2022-03-29T06:44:05+00:00\",\"dateModified\":\"2025-08-04T18:04:16+00:00\",\"breadcrumb\":{\"@id\":\"https:\/\/aspros.cat\/persones-i-families\/centres-especials-de-treball\/#breadcrumb\"},\"inLanguage\":\"es\",\"potentialAction\":[{\"@type\":\"ReadAction\",\"target\":[\"https:\/\/aspros.cat\/persones-i-families\/centres-especials-de-treball\/\"]}]},{\"@type\":\"ImageObject\",\"inLanguage\":\"es\",\"@id\":\"https:\/\/aspros.cat\/persones-i-families\/centres-especials-de-treball\/#primaryimage\",\"url\":\"https:\/\/aspros.cat\/wp-content\/uploads\/2025\/07\/Logotipo_de_la_Generalitat_de_Catalunya.svg-1024x297.png\",\"contentUrl\":\"https:\/\/aspros.cat\/wp-content\/uploads\/2025\/07\/Logotipo_de_la_Generalitat_de_Catalunya.svg-1024x297.png\"},{\"@type\":\"BreadcrumbList\",\"@id\":\"https:\/\/aspros.cat\/persones-i-families\/centres-especials-de-treball\/#breadcrumb\",\"itemListElement\":[{\"@type\":\"ListItem\",\"position\":1,\"name\":\"Inici\",\"item\":\"https:\/\/aspros.cat\/\"},{\"@type\":\"ListItem\",\"position\":2,\"name\":\"Personas y familias\",\"item\":\"https:\/\/aspros.cat\/persones-i-families\/\"},{\"@type\":\"ListItem\",\"position\":3,\"name\":\"Centros especiales de trabajo\"}]},{\"@type\":\"WebSite\",\"@id\":\"https:\/\/aspros.cat\/#website\",\"url\":\"https:\/\/aspros.cat\/\",\"name\":\"Fundaci\u00f3 Aspros \u2013 Servei Integral per la discapacitat ps\u00edquica\",\"description\":\"Otro sitio realizado con WordPress\",\"publisher\":{\"@id\":\"https:\/\/aspros.cat\/#organization\"},\"potentialAction\":[{\"@type\":\"SearchAction\",\"target\":{\"@type\":\"EntryPoint\",\"urlTemplate\":\"https:\/\/aspros.cat\/?s={search_term_string}\"},\"query-input\":{\"@type\":\"PropertyValueSpecification\",\"valueRequired\":true,\"valueName\":\"search_term_string\"}}],\"inLanguage\":\"es\"},{\"@type\":\"Organization\",\"@id\":\"https:\/\/aspros.cat\/#organization\",\"name\":\"Fundaci\u00f3 Aspros \u2013 Servei Integral per la discapacitat ps\u00edquica\",\"url\":\"https:\/\/aspros.cat\/\",\"logo\":{\"@type\":\"ImageObject\",\"inLanguage\":\"es\",\"@id\":\"https:\/\/aspros.cat\/#\/schema\/logo\/image\/\",\"url\":\"https:\/\/aspros.cat\/wp-content\/uploads\/2021\/11\/cropped-ASPROS_positiu.png\",\"contentUrl\":\"https:\/\/aspros.cat\/wp-content\/uploads\/2021\/11\/cropped-ASPROS_positiu.png\",\"width\":1200,\"height\":400,\"caption\":\"Fundaci\u00f3 Aspros \u2013 Servei Integral per la discapacitat ps\u00edquica\"},\"image\":{\"@id\":\"https:\/\/aspros.cat\/#\/schema\/logo\/image\/\"}}]}<\/script>\n<!-- \/ Yoast SEO plugin. -->","yoast_head_json":{"title":"Centros especiales de trabajo - Fundaci\u00f3 Aspros \u2013 Servei Integral per la discapacitat ps\u00edquica","robots":{"index":"index","follow":"follow","max-snippet":"max-snippet:-1","max-image-preview":"max-image-preview:large","max-video-preview":"max-video-preview:-1"},"canonical":"https:\/\/aspros.cat\/persones-i-families\/centres-especials-de-treball\/","og_locale":"es_ES","og_type":"article","og_title":"Centros especiales de trabajo - Fundaci\u00f3 Aspros \u2013 Servei Integral per la discapacitat ps\u00edquica","og_description":"Impulsa&#8217;t &#8211; Orientaci\u00f3, formaci\u00f3 i ocupaci\u00f3 Equipo Multidisciplinario de Apoyo (EMA) Nuestros servicios Nuestros centros Nuestros centro especiales de trabajo (CET) y nuestro servicio de apoyo a la empresa aseguran la integraci\u00f3n de las personas con discapacidad intelectual o trastorno de salud mental en el mercado laboral. Para ello contamos con la Unidad de Apoyo [&hellip;]","og_url":"https:\/\/aspros.cat\/persones-i-families\/centres-especials-de-treball\/","og_site_name":"Fundaci\u00f3 Aspros \u2013 Servei Integral per la discapacitat ps\u00edquica","article_modified_time":"2025-08-04T18:04:16+00:00","og_image":[{"width":1200,"height":348,"url":"https:\/\/aspros.cat\/wp-content\/uploads\/2025\/07\/Logotipo_de_la_Generalitat_de_Catalunya.svg.png","type":"image\/png"}],"twitter_card":"summary_large_image","twitter_misc":{"Tiempo de lectura":"1 minuto"},"schema":{"@context":"https:\/\/schema.org","@graph":[{"@type":"WebPage","@id":"https:\/\/aspros.cat\/persones-i-families\/centres-especials-de-treball\/","url":"https:\/\/aspros.cat\/persones-i-families\/centres-especials-de-treball\/","name":"Centros especiales de trabajo - Fundaci\u00f3 Aspros \u2013 Servei Integral per la discapacitat ps\u00edquica","isPartOf":{"@id":"https:\/\/aspros.cat\/#website"},"primaryImageOfPage":{"@id":"https:\/\/aspros.cat\/persones-i-families\/centres-especials-de-treball\/#primaryimage"},"image":{"@id":"https:\/\/aspros.cat\/persones-i-families\/centres-especials-de-treball\/#primaryimage"},"thumbnailUrl":"https:\/\/aspros.cat\/wp-content\/uploads\/2025\/07\/Logotipo_de_la_Generalitat_de_Catalunya.svg-1024x297.png","datePublished":"2022-03-29T06:44:05+00:00","dateModified":"2025-08-04T18:04:16+00:00","breadcrumb":{"@id":"https:\/\/aspros.cat\/persones-i-families\/centres-especials-de-treball\/#breadcrumb"},"inLanguage":"es","potentialAction":[{"@type":"ReadAction","target":["https:\/\/aspros.cat\/persones-i-families\/centres-especials-de-treball\/"]}]},{"@type":"ImageObject","inLanguage":"es","@id":"https:\/\/aspros.cat\/persones-i-families\/centres-especials-de-treball\/#primaryimage","url":"https:\/\/aspros.cat\/wp-content\/uploads\/2025\/07\/Logotipo_de_la_Generalitat_de_Catalunya.svg-1024x297.png","contentUrl":"https:\/\/aspros.cat\/wp-content\/uploads\/2025\/07\/Logotipo_de_la_Generalitat_de_Catalunya.svg-1024x297.png"},{"@type":"BreadcrumbList","@id":"https:\/\/aspros.cat\/persones-i-families\/centres-especials-de-treball\/#breadcrumb","itemListElement":[{"@type":"ListItem","position":1,"name":"Inici","item":"https:\/\/aspros.cat\/"},{"@type":"ListItem","position":2,"name":"Personas y familias","item":"https:\/\/aspros.cat\/persones-i-families\/"},{"@type":"ListItem","position":3,"name":"Centros especiales de trabajo"}]},{"@type":"WebSite","@id":"https:\/\/aspros.cat\/#website","url":"https:\/\/aspros.cat\/","name":"Fundaci\u00f3 Aspros \u2013 Servei Integral per la discapacitat ps\u00edquica","description":"Otro sitio realizado con WordPress","publisher":{"@id":"https:\/\/aspros.cat\/#organization"},"potentialAction":[{"@type":"SearchAction","target":{"@type":"EntryPoint","urlTemplate":"https:\/\/aspros.cat\/?s={search_term_string}"},"query-input":{"@type":"PropertyValueSpecification","valueRequired":true,"valueName":"search_term_string"}}],"inLanguage":"es"},{"@type":"Organization","@id":"https:\/\/aspros.cat\/#organization","name":"Fundaci\u00f3 Aspros \u2013 Servei Integral per la discapacitat ps\u00edquica","url":"https:\/\/aspros.cat\/","logo":{"@type":"ImageObject","inLanguage":"es","@id":"https:\/\/aspros.cat\/#\/schema\/logo\/image\/","url":"https:\/\/aspros.cat\/wp-content\/uploads\/2021\/11\/cropped-ASPROS_positiu.png","contentUrl":"https:\/\/aspros.cat\/wp-content\/uploads\/2021\/11\/cropped-ASPROS_positiu.png","width":1200,"height":400,"caption":"Fundaci\u00f3 Aspros \u2013 Servei Integral per la discapacitat ps\u00edquica"},"image":{"@id":"https:\/\/aspros.cat\/#\/schema\/logo\/image\/"}}]}},"campaignId":"","_links":{"self":[{"href":"https:\/\/aspros.cat\/es\/wp-json\/wp\/v2\/pages\/10222","targetHints":{"allow":["GET"]}}],"collection":[{"href":"https:\/\/aspros.cat\/es\/wp-json\/wp\/v2\/pages"}],"about":[{"href":"https:\/\/aspros.cat\/es\/wp-json\/wp\/v2\/types\/page"}],"author":[{"embeddable":true,"href":"https:\/\/aspros.cat\/es\/wp-json\/wp\/v2\/users\/1"}],"replies":[{"embeddable":true,"href":"https:\/\/aspros.cat\/es\/wp-json\/wp\/v2\/comments?post=10222"}],"version-history":[{"count":5,"href":"https:\/\/aspros.cat\/es\/wp-json\/wp\/v2\/pages\/10222\/revisions"}],"predecessor-version":[{"id":18797,"href":"https:\/\/aspros.cat\/es\/wp-json\/wp\/v2\/pages\/10222\/revisions\/18797"}],"up":[{"embeddable":true,"href":"https:\/\/aspros.cat\/es\/wp-json\/wp\/v2\/pages\/10196"}],"wp:attachment":[{"href":"https:\/\/aspros.cat\/es\/wp-json\/wp\/v2\/media?parent=10222"}],"curies":[{"name":"wp","href":"https:\/\/api.w.org\/{rel}","templated":true}]}}