{"id":10190,"date":"2022-07-25T09:46:05","date_gmt":"2022-07-25T09:46:05","guid":{"rendered":"https:\/\/aspros.cat\/rincon-de-ocio-aspros\/"},"modified":"2022-11-11T09:01:31","modified_gmt":"2022-11-11T09:01:31","slug":"rincon-de-ocio-aspros","status":"publish","type":"page","link":"https:\/\/aspros.cat\/es\/rincon-de-ocio-aspros\/","title":{"rendered":"Rinc\u00f3n de Ocio Aspros"},"content":{"rendered":"\t\t<div data-elementor-type=\"wp-page\" data-elementor-id=\"10190\" class=\"elementor elementor-10190 elementor-7726\" data-elementor-post-type=\"page\">\n\t\t\t\t\t\t<section class=\"elementor-section elementor-top-section elementor-element elementor-element-284815c1 elementor-section-full_width elementor-section-height-default elementor-section-height-default\" data-id=\"284815c1\" data-element_type=\"section\" data-e-type=\"section\" data-settings=\"{&quot;background_background&quot;:&quot;classic&quot;}\">\n\t\t\t\t\t\t\t<div class=\"elementor-background-overlay\"><\/div>\n\t\t\t\t\t\t\t<div class=\"elementor-container elementor-column-gap-no\">\n\t\t\t\t\t<div class=\"elementor-column elementor-col-100 elementor-top-column elementor-element elementor-element-78dbee0\" data-id=\"78dbee0\" data-element_type=\"column\" data-e-type=\"column\">\n\t\t\t<div class=\"elementor-widget-wrap elementor-element-populated\">\n\t\t\t\t\t\t<div class=\"elementor-element elementor-element-6744aa6 elementor-widget elementor-widget-heading\" data-id=\"6744aa6\" data-element_type=\"widget\" data-e-type=\"widget\" data-widget_type=\"heading.default\">\n\t\t\t\t<div class=\"elementor-widget-container\">\n\t\t\t\t\t<h5 class=\"elementor-heading-title elementor-size-default\">Colabora<\/h5>\t\t\t\t<\/div>\n\t\t\t\t<\/div>\n\t\t\t\t<div class=\"elementor-element elementor-element-52e2ac04 elementor-widget elementor-widget-heading\" data-id=\"52e2ac04\" data-element_type=\"widget\" data-e-type=\"widget\" data-widget_type=\"heading.default\">\n\t\t\t\t<div class=\"elementor-widget-container\">\n\t\t\t\t\t<h1 class=\"elementor-heading-title elementor-size-default\">Rinc\u00f3n de Ocio Aspros<\/h1>\t\t\t\t<\/div>\n\t\t\t\t<\/div>\n\t\t\t\t\t<\/div>\n\t\t<\/div>\n\t\t\t\t\t<\/div>\n\t\t<\/section>\n\t\t\t\t<section class=\"elementor-section elementor-top-section elementor-element elementor-element-72381105 elementor-section-boxed elementor-section-height-default elementor-section-height-default\" data-id=\"72381105\" data-element_type=\"section\" data-e-type=\"section\">\n\t\t\t\t\t\t<div class=\"elementor-container elementor-column-gap-no\">\n\t\t\t\t\t<div class=\"elementor-column elementor-col-50 elementor-top-column elementor-element elementor-element-2d2cf0ac\" data-id=\"2d2cf0ac\" data-element_type=\"column\" data-e-type=\"column\">\n\t\t\t<div class=\"elementor-widget-wrap elementor-element-populated\">\n\t\t\t\t\t\t<div class=\"elementor-element elementor-element-9ec4f21 blueTitle elementor-widget elementor-widget-heading\" data-id=\"9ec4f21\" data-element_type=\"widget\" data-e-type=\"widget\" data-widget_type=\"heading.default\">\n\t\t\t\t<div class=\"elementor-widget-container\">\n\t\t\t\t\t<h1 class=\"elementor-heading-title elementor-size-default\">Colabora con un donativo en el proyecto Rinc\u00f3n de Ocio<\/h1>\t\t\t\t<\/div>\n\t\t\t\t<\/div>\n\t\t\t\t\t<\/div>\n\t\t<\/div>\n\t\t\t\t<div class=\"elementor-column elementor-col-50 elementor-top-column elementor-element elementor-element-39b4104\" data-id=\"39b4104\" data-element_type=\"column\" data-e-type=\"column\">\n\t\t\t<div class=\"elementor-widget-wrap elementor-element-populated\">\n\t\t\t\t\t\t<div class=\"elementor-element elementor-element-81c6b99 description elementor-widget elementor-widget-text-editor\" data-id=\"81c6b99\" data-element_type=\"widget\" data-e-type=\"widget\" data-widget_type=\"text-editor.default\">\n\t\t\t\t<div class=\"elementor-widget-container\">\n\t\t\t\t\t\t\t\t\t<p>Con tu aportaci\u00f3n colaboras en el proyecto educativo, laboral y de vida de cientos de personas con discapacidad intelectual y enfermedad mental<\/p>\n\t\t\t\t\t\t\t\t<\/div>\n\t\t\t\t<\/div>\n\t\t\t\t\t<\/div>\n\t\t<\/div>\n\t\t\t\t\t<\/div>\n\t\t<\/section>\n\t\t\t\t<section class=\"elementor-section elementor-top-section elementor-element elementor-element-b24d3b0 elementor-section-boxed elementor-section-height-default elementor-section-height-default\" data-id=\"b24d3b0\" data-element_type=\"section\" data-e-type=\"section\">\n\t\t\t\t\t\t<div class=\"elementor-container elementor-column-gap-default\">\n\t\t\t\t\t<div class=\"elementor-column elementor-col-100 elementor-top-column elementor-element elementor-element-1da8ef7\" data-id=\"1da8ef7\" data-element_type=\"column\" data-e-type=\"column\">\n\t\t\t<div class=\"elementor-widget-wrap elementor-element-populated\">\n\t\t\t\t\t\t<div class=\"elementor-element elementor-element-caf56b3 elementor-widget elementor-widget-shortcode\" data-id=\"caf56b3\" data-element_type=\"widget\" data-e-type=\"widget\" data-widget_type=\"shortcode.default\">\n\t\t\t\t<div class=\"elementor-widget-container\">\n\t\t\t\t\t\t\t<div class=\"elementor-shortcode\"><div class=\"give-embed-form-wrapper\" id=\"give-69d8e28fdefe5\"><iframe\n\t\t\t\tname=\"give-embed-form\"\n\t\t\t\tsrc=\"https:\/\/aspros.cat\/es\/give\/4900-2-2\/?giveDonationFormInIframe=1\"\n\t\t\t\t\n\t\t\t\tdata-autoScroll=\"0\"\n\t\t\t\tonload=\"if( 'undefined' !== typeof Give ) { Give.initializeIframeResize(this) }\"\n\t\t\t\tstyle=\"border: 0;visibility: hidden;min-height: 600px;\"><\/iframe><div class=\"iframe-loader\">\n<div style=\"\n        height: 100%;\n        width: 100%;\n        display: flex;\n        align-items: center;\n        justify-content: center;\n    \">\n    <div style=\"\n        pointer-events: none;\n        height: 90px;\n        width: 90px;\n        background-image: url(&quot;data:image\/svg+xml;charset=utf8,%3C?xml version='1.0' encoding='utf-8'?%3E%3C!-- Generator: Adobe Illustrator 24.1.0, SVG Export Plug-In . SVG Version: 6.00 Build 0) --%3E%3Csvg version='1.1' id='Layer_1' xmlns='http:\/\/www.w3.org\/2000\/svg' xmlns:xlink='http:\/\/www.w3.org\/1999\/xlink' x='0px' y='0px' viewBox='0 0 349 348' style='enable-background:new 0 0 349 348;' xml:space='preserve'%3E%3Cstyle type='text\/css'%3E .st0{fill:%231E8CBE;} %3C\/style%3E%3Cpath class='st0' d='M25.1,204.57c-13.38,0-24.47-10.6-24.97-24.08C0.04,178.09,0,175.97,0,174C0,77.78,78.28-0.5,174.5-0.5 c13.81,0,25,11.19,25,25s-11.19,25-25,25C105.85,49.5,50,105.35,50,174c0,1.37,0.03,2.85,0.1,4.65c0.51,13.8-10.27,25.39-24.07,25.9 C25.72,204.56,25.41,204.57,25.1,204.57z'\/%3E%3Cpath class='st0' d='M174.5,348.5c-13.81,0-25-11.19-25-25c0-13.81,11.19-25,25-25c68.65,0,124.5-55.85,124.5-124.5 c0-1.38-0.03-2.85-0.1-4.65c-0.51-13.8,10.26-25.4,24.06-25.91c13.83-0.53,25.4,10.26,25.91,24.06c0.09,2.39,0.13,4.51,0.13,6.49 C349,270.22,270.72,348.5,174.5,348.5z'\/%3E%3C\/svg%3E&quot;);\n        animation: spin 0.6s linear infinite;\n        \"><\/div>\n<\/div>\n<\/div><\/div><\/div>\n\t\t\t\t\t\t<\/div>\n\t\t\t\t<\/div>\n\t\t\t\t\t<\/div>\n\t\t<\/div>\n\t\t\t\t\t<\/div>\n\t\t<\/section>\n\t\t\t\t<\/div>\n\t\t","protected":false},"excerpt":{"rendered":"<p>Colabora Colabora con un donativo en el proyecto Rinc\u00f3n de Ocio Con tu aportaci\u00f3n colaboras en el proyecto educativo, laboral y de vida de cientos de personas con discapacidad intelectual y enfermedad mental<\/p>\n","protected":false},"author":1,"featured_media":0,"parent":0,"menu_order":0,"comment_status":"closed","ping_status":"closed","template":"elementor_header_footer","meta":{"give_campaign_id":0,"site-sidebar-layout":"no-sidebar","site-content-layout":"page-builder","ast-site-content-layout":"default","site-content-style":"default","site-sidebar-style":"default","ast-global-header-display":"","ast-banner-title-visibility":"","ast-main-header-display":"","ast-hfb-above-header-display":"","ast-hfb-below-header-display":"","ast-hfb-mobile-header-display":"","site-post-title":"disabled","ast-breadcrumbs-content":"","ast-featured-img":"disabled","footer-sml-layout":"","ast-disable-related-posts":"","theme-transparent-header-meta":"","adv-header-id-meta":"","stick-header-meta":"","header-above-stick-meta":"","header-main-stick-meta":"","header-below-stick-meta":"","astra-migrate-meta-layouts":"default","ast-page-background-enabled":"default","ast-page-background-meta":{"desktop":{"background-color":"var(--ast-global-color-4)","background-image":"","background-repeat":"repeat","background-position":"center center","background-size":"auto","background-attachment":"scroll","background-type":"","background-media":"","overlay-type":"","overlay-color":"","overlay-opacity":"","overlay-gradient":""},"tablet":{"background-color":"","background-image":"","background-repeat":"repeat","background-position":"center center","background-size":"auto","background-attachment":"scroll","background-type":"","background-media":"","overlay-type":"","overlay-color":"","overlay-opacity":"","overlay-gradient":""},"mobile":{"background-color":"","background-image":"","background-repeat":"repeat","background-position":"center center","background-size":"auto","background-attachment":"scroll","background-type":"","background-media":"","overlay-type":"","overlay-color":"","overlay-opacity":"","overlay-gradient":""}},"ast-content-background-meta":{"desktop":{"background-color":"var(--ast-global-color-5)","background-image":"","background-repeat":"repeat","background-position":"center center","background-size":"auto","background-attachment":"scroll","background-type":"","background-media":"","overlay-type":"","overlay-color":"","overlay-opacity":"","overlay-gradient":""},"tablet":{"background-color":"var(--ast-global-color-5)","background-image":"","background-repeat":"repeat","background-position":"center center","background-size":"auto","background-attachment":"scroll","background-type":"","background-media":"","overlay-type":"","overlay-color":"","overlay-opacity":"","overlay-gradient":""},"mobile":{"background-color":"var(--ast-global-color-5)","background-image":"","background-repeat":"repeat","background-position":"center center","background-size":"auto","background-attachment":"scroll","background-type":"","background-media":"","overlay-type":"","overlay-color":"","overlay-opacity":"","overlay-gradient":""}},"footnotes":""},"class_list":["post-10190","page","type-page","status-publish","hentry"],"yoast_head":"<!-- This site is optimized with the Yoast SEO plugin v27.2 - https:\/\/yoast.com\/product\/yoast-seo-wordpress\/ -->\n<title>Rinc\u00f3n de Ocio Aspros - Fundaci\u00f3 Aspros \u2013 Servei Integral per la discapacitat ps\u00edquica<\/title>\n<meta name=\"robots\" content=\"index, follow, max-snippet:-1, max-image-preview:large, max-video-preview:-1\" \/>\n<link rel=\"canonical\" href=\"https:\/\/aspros.cat\/raco-de-lleure-aspros\/\" \/>\n<meta property=\"og:locale\" content=\"es_ES\" \/>\n<meta property=\"og:type\" content=\"article\" \/>\n<meta property=\"og:title\" content=\"Rinc\u00f3n de Ocio Aspros - Fundaci\u00f3 Aspros \u2013 Servei Integral per la discapacitat ps\u00edquica\" \/>\n<meta property=\"og:description\" content=\"Colabora Colabora con un donativo en el proyecto Rinc\u00f3n de Ocio Con tu aportaci\u00f3n colaboras en el proyecto educativo, laboral y de vida de cientos de personas con discapacidad intelectual y enfermedad mental\" \/>\n<meta property=\"og:url\" content=\"https:\/\/aspros.cat\/raco-de-lleure-aspros\/\" \/>\n<meta property=\"og:site_name\" content=\"Fundaci\u00f3 Aspros \u2013 Servei Integral per la discapacitat ps\u00edquica\" \/>\n<meta property=\"article:modified_time\" content=\"2022-11-11T09:01:31+00:00\" \/>\n<meta name=\"twitter:card\" content=\"summary_large_image\" \/>\n<script type=\"application\/ld+json\" class=\"yoast-schema-graph\">{\"@context\":\"https:\/\/schema.org\",\"@graph\":[{\"@type\":\"WebPage\",\"@id\":\"https:\/\/aspros.cat\/raco-de-lleure-aspros\/\",\"url\":\"https:\/\/aspros.cat\/raco-de-lleure-aspros\/\",\"name\":\"Rinc\u00f3n de Ocio Aspros - Fundaci\u00f3 Aspros \u2013 Servei Integral per la discapacitat ps\u00edquica\",\"isPartOf\":{\"@id\":\"https:\/\/aspros.cat\/#website\"},\"datePublished\":\"2022-07-25T09:46:05+00:00\",\"dateModified\":\"2022-11-11T09:01:31+00:00\",\"breadcrumb\":{\"@id\":\"https:\/\/aspros.cat\/raco-de-lleure-aspros\/#breadcrumb\"},\"inLanguage\":\"es\",\"potentialAction\":[{\"@type\":\"ReadAction\",\"target\":[\"https:\/\/aspros.cat\/raco-de-lleure-aspros\/\"]}]},{\"@type\":\"BreadcrumbList\",\"@id\":\"https:\/\/aspros.cat\/raco-de-lleure-aspros\/#breadcrumb\",\"itemListElement\":[{\"@type\":\"ListItem\",\"position\":1,\"name\":\"Inici\",\"item\":\"https:\/\/aspros.cat\/\"},{\"@type\":\"ListItem\",\"position\":2,\"name\":\"Rinc\u00f3n de Ocio Aspros\"}]},{\"@type\":\"WebSite\",\"@id\":\"https:\/\/aspros.cat\/#website\",\"url\":\"https:\/\/aspros.cat\/\",\"name\":\"Fundaci\u00f3 Aspros \u2013 Servei Integral per la discapacitat ps\u00edquica\",\"description\":\"Otro sitio realizado con WordPress\",\"publisher\":{\"@id\":\"https:\/\/aspros.cat\/#organization\"},\"potentialAction\":[{\"@type\":\"SearchAction\",\"target\":{\"@type\":\"EntryPoint\",\"urlTemplate\":\"https:\/\/aspros.cat\/?s={search_term_string}\"},\"query-input\":{\"@type\":\"PropertyValueSpecification\",\"valueRequired\":true,\"valueName\":\"search_term_string\"}}],\"inLanguage\":\"es\"},{\"@type\":\"Organization\",\"@id\":\"https:\/\/aspros.cat\/#organization\",\"name\":\"Fundaci\u00f3 Aspros \u2013 Servei Integral per la discapacitat ps\u00edquica\",\"url\":\"https:\/\/aspros.cat\/\",\"logo\":{\"@type\":\"ImageObject\",\"inLanguage\":\"es\",\"@id\":\"https:\/\/aspros.cat\/#\/schema\/logo\/image\/\",\"url\":\"https:\/\/aspros.cat\/wp-content\/uploads\/2021\/11\/cropped-ASPROS_positiu.png\",\"contentUrl\":\"https:\/\/aspros.cat\/wp-content\/uploads\/2021\/11\/cropped-ASPROS_positiu.png\",\"width\":1200,\"height\":400,\"caption\":\"Fundaci\u00f3 Aspros \u2013 Servei Integral per la discapacitat ps\u00edquica\"},\"image\":{\"@id\":\"https:\/\/aspros.cat\/#\/schema\/logo\/image\/\"}}]}<\/script>\n<!-- \/ Yoast SEO plugin. -->","yoast_head_json":{"title":"Rinc\u00f3n de Ocio Aspros - Fundaci\u00f3 Aspros \u2013 Servei Integral per la discapacitat ps\u00edquica","robots":{"index":"index","follow":"follow","max-snippet":"max-snippet:-1","max-image-preview":"max-image-preview:large","max-video-preview":"max-video-preview:-1"},"canonical":"https:\/\/aspros.cat\/raco-de-lleure-aspros\/","og_locale":"es_ES","og_type":"article","og_title":"Rinc\u00f3n de Ocio Aspros - Fundaci\u00f3 Aspros \u2013 Servei Integral per la discapacitat ps\u00edquica","og_description":"Colabora Colabora con un donativo en el proyecto Rinc\u00f3n de Ocio Con tu aportaci\u00f3n colaboras en el proyecto educativo, laboral y de vida de cientos de personas con discapacidad intelectual y enfermedad mental","og_url":"https:\/\/aspros.cat\/raco-de-lleure-aspros\/","og_site_name":"Fundaci\u00f3 Aspros \u2013 Servei Integral per la discapacitat ps\u00edquica","article_modified_time":"2022-11-11T09:01:31+00:00","twitter_card":"summary_large_image","schema":{"@context":"https:\/\/schema.org","@graph":[{"@type":"WebPage","@id":"https:\/\/aspros.cat\/raco-de-lleure-aspros\/","url":"https:\/\/aspros.cat\/raco-de-lleure-aspros\/","name":"Rinc\u00f3n de Ocio Aspros - Fundaci\u00f3 Aspros \u2013 Servei Integral per la discapacitat ps\u00edquica","isPartOf":{"@id":"https:\/\/aspros.cat\/#website"},"datePublished":"2022-07-25T09:46:05+00:00","dateModified":"2022-11-11T09:01:31+00:00","breadcrumb":{"@id":"https:\/\/aspros.cat\/raco-de-lleure-aspros\/#breadcrumb"},"inLanguage":"es","potentialAction":[{"@type":"ReadAction","target":["https:\/\/aspros.cat\/raco-de-lleure-aspros\/"]}]},{"@type":"BreadcrumbList","@id":"https:\/\/aspros.cat\/raco-de-lleure-aspros\/#breadcrumb","itemListElement":[{"@type":"ListItem","position":1,"name":"Inici","item":"https:\/\/aspros.cat\/"},{"@type":"ListItem","position":2,"name":"Rinc\u00f3n de Ocio Aspros"}]},{"@type":"WebSite","@id":"https:\/\/aspros.cat\/#website","url":"https:\/\/aspros.cat\/","name":"Fundaci\u00f3 Aspros \u2013 Servei Integral per la discapacitat ps\u00edquica","description":"Otro sitio realizado con WordPress","publisher":{"@id":"https:\/\/aspros.cat\/#organization"},"potentialAction":[{"@type":"SearchAction","target":{"@type":"EntryPoint","urlTemplate":"https:\/\/aspros.cat\/?s={search_term_string}"},"query-input":{"@type":"PropertyValueSpecification","valueRequired":true,"valueName":"search_term_string"}}],"inLanguage":"es"},{"@type":"Organization","@id":"https:\/\/aspros.cat\/#organization","name":"Fundaci\u00f3 Aspros \u2013 Servei Integral per la discapacitat ps\u00edquica","url":"https:\/\/aspros.cat\/","logo":{"@type":"ImageObject","inLanguage":"es","@id":"https:\/\/aspros.cat\/#\/schema\/logo\/image\/","url":"https:\/\/aspros.cat\/wp-content\/uploads\/2021\/11\/cropped-ASPROS_positiu.png","contentUrl":"https:\/\/aspros.cat\/wp-content\/uploads\/2021\/11\/cropped-ASPROS_positiu.png","width":1200,"height":400,"caption":"Fundaci\u00f3 Aspros \u2013 Servei Integral per la discapacitat ps\u00edquica"},"image":{"@id":"https:\/\/aspros.cat\/#\/schema\/logo\/image\/"}}]}},"campaignId":"","_links":{"self":[{"href":"https:\/\/aspros.cat\/es\/wp-json\/wp\/v2\/pages\/10190","targetHints":{"allow":["GET"]}}],"collection":[{"href":"https:\/\/aspros.cat\/es\/wp-json\/wp\/v2\/pages"}],"about":[{"href":"https:\/\/aspros.cat\/es\/wp-json\/wp\/v2\/types\/page"}],"author":[{"embeddable":true,"href":"https:\/\/aspros.cat\/es\/wp-json\/wp\/v2\/users\/1"}],"replies":[{"embeddable":true,"href":"https:\/\/aspros.cat\/es\/wp-json\/wp\/v2\/comments?post=10190"}],"version-history":[{"count":1,"href":"https:\/\/aspros.cat\/es\/wp-json\/wp\/v2\/pages\/10190\/revisions"}],"predecessor-version":[{"id":10191,"href":"https:\/\/aspros.cat\/es\/wp-json\/wp\/v2\/pages\/10190\/revisions\/10191"}],"wp:attachment":[{"href":"https:\/\/aspros.cat\/es\/wp-json\/wp\/v2\/media?parent=10190"}],"curies":[{"name":"wp","href":"https:\/\/api.w.org\/{rel}","templated":true}]}}