{"id":10158,"date":"2022-02-18T13:13:32","date_gmt":"2022-02-18T13:13:32","guid":{"rendered":"https:\/\/aspros.cat\/patronato\/"},"modified":"2023-04-05T07:13:23","modified_gmt":"2023-04-05T07:13:23","slug":"patronato","status":"publish","type":"page","link":"https:\/\/aspros.cat\/es\/patronato\/","title":{"rendered":"Patronato"},"content":{"rendered":"\t\t<div data-elementor-type=\"wp-page\" data-elementor-id=\"10158\" class=\"elementor elementor-10158 elementor-1079\" data-elementor-post-type=\"page\">\n\t\t\t\t\t\t<section class=\"elementor-section elementor-top-section elementor-element elementor-element-68f8310b elementor-section-full_width elementor-section-height-default elementor-section-height-default\" data-id=\"68f8310b\" data-element_type=\"section\" data-e-type=\"section\" data-settings=\"{&quot;background_background&quot;:&quot;classic&quot;}\">\n\t\t\t\t\t\t\t<div class=\"elementor-background-overlay\"><\/div>\n\t\t\t\t\t\t\t<div class=\"elementor-container elementor-column-gap-no\">\n\t\t\t\t\t<div class=\"elementor-column elementor-col-100 elementor-top-column elementor-element elementor-element-714c2d3a\" data-id=\"714c2d3a\" data-element_type=\"column\" data-e-type=\"column\">\n\t\t\t<div class=\"elementor-widget-wrap elementor-element-populated\">\n\t\t\t\t\t\t<div class=\"elementor-element elementor-element-194d7c15 elementor-widget elementor-widget-heading\" data-id=\"194d7c15\" data-element_type=\"widget\" data-e-type=\"widget\" data-widget_type=\"heading.default\">\n\t\t\t\t<div class=\"elementor-widget-container\">\n\t\t\t\t\t<h5 class=\"elementor-heading-title elementor-size-default\">60 a\u00f1os caminando juntos<\/h5>\t\t\t\t<\/div>\n\t\t\t\t<\/div>\n\t\t\t\t<div class=\"elementor-element elementor-element-b357705 elementor-widget elementor-widget-heading\" data-id=\"b357705\" data-element_type=\"widget\" data-e-type=\"widget\" data-widget_type=\"heading.default\">\n\t\t\t\t<div class=\"elementor-widget-container\">\n\t\t\t\t\t<h1 class=\"elementor-heading-title elementor-size-default\">Patronato<\/h1>\t\t\t\t<\/div>\n\t\t\t\t<\/div>\n\t\t\t\t\t<\/div>\n\t\t<\/div>\n\t\t\t\t\t<\/div>\n\t\t<\/section>\n\t\t\t\t<section class=\"elementor-section elementor-top-section elementor-element elementor-element-26645b8a elementor-section-boxed elementor-section-height-default elementor-section-height-default\" data-id=\"26645b8a\" data-element_type=\"section\" data-e-type=\"section\">\n\t\t\t\t\t\t<div class=\"elementor-container elementor-column-gap-no\">\n\t\t\t\t\t<div class=\"elementor-column elementor-col-50 elementor-top-column elementor-element elementor-element-62036fb5\" data-id=\"62036fb5\" data-element_type=\"column\" data-e-type=\"column\">\n\t\t\t<div class=\"elementor-widget-wrap elementor-element-populated\">\n\t\t\t\t\t\t<div class=\"elementor-element elementor-element-2cdb9b2 blueTitle elementor-widget elementor-widget-heading\" data-id=\"2cdb9b2\" data-element_type=\"widget\" data-e-type=\"widget\" data-widget_type=\"heading.default\">\n\t\t\t\t<div class=\"elementor-widget-container\">\n\t\t\t\t\t<h2 class=\"elementor-heading-title elementor-size-default\">La Fundaci\u00f3n se rige por un Patronato<\/h2>\t\t\t\t<\/div>\n\t\t\t\t<\/div>\n\t\t\t\t\t<\/div>\n\t\t<\/div>\n\t\t\t\t<div class=\"elementor-column elementor-col-50 elementor-top-column elementor-element elementor-element-9ef09b3\" data-id=\"9ef09b3\" data-element_type=\"column\" data-e-type=\"column\">\n\t\t\t<div class=\"elementor-widget-wrap elementor-element-populated\">\n\t\t\t\t\t\t<div class=\"elementor-element elementor-element-ee5d0fe description elementor-widget elementor-widget-text-editor\" data-id=\"ee5d0fe\" data-element_type=\"widget\" data-e-type=\"widget\" data-widget_type=\"text-editor.default\">\n\t\t\t\t<div class=\"elementor-widget-container\">\n\t\t\t\t\t\t\t\t\t<p>Nuestra Fundaci\u00f3n, privada y sin \u00e1nimo de lucro, se rige por un Patronato, que vela por el cumplimiento de la misi\u00f3n de la entidad, la cual est\u00e1 inscrita, desde enero de 2005, <u><a href=\"https:\/\/www.dropbox.com\/s\/gwrp7bsk9mb9ne8\/ESCRIPTURA%20MODIF%20REFUND%20ESTATUTS%202015%20cas.pdf?dl=0\">en el registro de Fundaciones de la Generalitat de Catalunya<\/a><\/u> como Fundaci\u00f3n Privada Aspros<u><a href=\"https:\/\/asprosg43604628-my.sharepoint.com\/personal\/marketing_aspros_cat\/_layouts\/15\/onedrive.aspx?id=\/personal\/marketing_aspros_cat\/Documents\/TransparEnt\/Registre%20Fundacions.pdf&amp;parent=\/personal\/marketing_aspros_cat\/Documents\/TransparEnt\"> con el n\u00famero 1414.<\/a><\/u><\/p>\n<p>El Patronato es el m\u00e1ximo \u00f3rgano de decisi\u00f3n de la Fundaci\u00f3n, y a \u00e9l corresponden la representaci\u00f3n, el gobierno y la administraci\u00f3n de la entidad. Aun as\u00ed, puede delegar sus funciones a otros \u00f3rganos, exceptuando aquellas que la Ley y\/o los estatutos establecen como indelegables. Sus miembros ejercen su cargo gratuitamente.<\/p>\n\t\t\t\t\t\t\t\t<\/div>\n\t\t\t\t<\/div>\n\t\t\t\t<div class=\"elementor-element elementor-element-db31191 description elementor-widget elementor-widget-text-editor\" data-id=\"db31191\" data-element_type=\"widget\" data-e-type=\"widget\" data-widget_type=\"text-editor.default\">\n\t\t\t\t<div class=\"elementor-widget-container\">\n\t\t\t\t\t\t\t\t\t<p>El Patronato se re\u00fane tres veces al a\u00f1o, si bien puede celebrar reuniones extraordinarias. Sus funciones son las siguientes:<\/p>\n\t\t\t\t\t\t\t\t<\/div>\n\t\t\t\t<\/div>\n\t\t\t\t<div class=\"elementor-element elementor-element-a7f16e6 description elementor-widget elementor-widget-text-editor\" data-id=\"a7f16e6\" data-element_type=\"widget\" data-e-type=\"widget\" data-widget_type=\"text-editor.default\">\n\t\t\t\t<div class=\"elementor-widget-container\">\n\t\t\t\t\t\t\t\t\t<ul>\n<li>La modificaci\u00f3n de los estatutos<\/li>\n<li>La fusi\u00f3n, escisi\u00f3n o cesi\u00f3n de la totalidad o parte de los activos y pasivos de la entidad<\/li>\n<li>La escisi\u00f3n, extinci\u00f3n o disoluci\u00f3n de la Fundaci\u00f3n<\/li>\n<li>El nombramiento de los cargos de confianza<\/li>\n<li>La aprobaci\u00f3n de las cuentas anuales y del presupuesto<\/li>\n<li>El nombramiento del auditor de cuentas<\/li>\n<li>El cese de un patr\u00f3n<\/li>\n<li>La constituci\u00f3n o dotaci\u00f3n de otra persona jur\u00eddica<\/li>\n<li>La disoluci\u00f3n de sociedades o de otras personas jur\u00eddicas.<\/li>\n<\/ul>\n\t\t\t\t\t\t\t\t<\/div>\n\t\t\t\t<\/div>\n\t\t\t\t\t<\/div>\n\t\t<\/div>\n\t\t\t\t\t<\/div>\n\t\t<\/section>\n\t\t\t\t<section class=\"elementor-section elementor-top-section elementor-element elementor-element-0b02e19 elementor-section-boxed elementor-section-height-default elementor-section-height-default\" data-id=\"0b02e19\" data-element_type=\"section\" data-e-type=\"section\" data-settings=\"{&quot;background_background&quot;:&quot;classic&quot;}\">\n\t\t\t\t\t\t<div class=\"elementor-container elementor-column-gap-default\">\n\t\t\t\t\t<div class=\"elementor-column elementor-col-50 elementor-top-column elementor-element elementor-element-f197f07\" data-id=\"f197f07\" data-element_type=\"column\" data-e-type=\"column\">\n\t\t\t<div class=\"elementor-widget-wrap elementor-element-populated\">\n\t\t\t\t\t\t<div class=\"elementor-element elementor-element-f29f253 elementor-widget elementor-widget-heading\" data-id=\"f29f253\" data-element_type=\"widget\" data-e-type=\"widget\" data-widget_type=\"heading.default\">\n\t\t\t\t<div class=\"elementor-widget-container\">\n\t\t\t\t\t<h2 class=\"elementor-heading-title elementor-size-default\">Los actuales miembros del patronato son:<\/h2>\t\t\t\t<\/div>\n\t\t\t\t<\/div>\n\t\t\t\t\t<\/div>\n\t\t<\/div>\n\t\t\t\t<div class=\"elementor-column elementor-col-50 elementor-top-column elementor-element elementor-element-e02619e\" data-id=\"e02619e\" data-element_type=\"column\" data-e-type=\"column\">\n\t\t\t<div class=\"elementor-widget-wrap elementor-element-populated\">\n\t\t\t\t\t\t<div class=\"elementor-element elementor-element-36c4503 elementor-widget elementor-widget-text-editor\" data-id=\"36c4503\" data-element_type=\"widget\" data-e-type=\"widget\" data-widget_type=\"text-editor.default\">\n\t\t\t\t<div class=\"elementor-widget-container\">\n\t\t\t\t\t\t\t\t\t<p style=\"text-align: left;\"><span style=\"font-weight: var( --e-global-typography-text-font-weight ); color: var( --e-global-color-text );\">Rosa Maria Mej\u00f3n Berg\u00e9s&nbsp;<\/span><span style=\"color: var( --e-global-color-text );\"><span style=\"font-weight: 700;\">PRESIDENTA<\/span><\/span><br><\/p><p style=\"text-align: left;\"><span style=\"color: var( --e-global-color-text ); font-style: inherit; font-weight: inherit;\">Pere Blanco Felip&nbsp;<\/span><span style=\"color: var( --e-global-color-text ); font-style: inherit; font-weight: bold;\">VICEPRESIDENTE<\/span><span style=\"color: var( --e-global-color-text );\"><span style=\"font-weight: 700;\"><br><\/span><\/span><\/p>\n<p style=\"font-size: 16px; font-style: normal; font-weight: 400;\">Raimon Berg\u00f3s Civit&nbsp;<span style=\"font-weight: 700;\">SECRETARIO NO PATR\u00d3N<\/span><\/p>\n<p style=\"font-size: 16px; font-style: normal; font-weight: 400;\"><span style=\"background-color: var(--ast-global-color-4); color: var( --e-global-color-text );\">Enric Herrera Bresc\u00f3&nbsp;<\/span><span style=\"background-color: var(--ast-global-color-4); color: var( --e-global-color-text ); font-weight: bold;\">VOCAL<\/span><br><\/p>\n<p style=\"font-size: 16px; font-style: normal; font-weight: 400;\">Miquel Llompart Mallorques&nbsp;<span style=\"font-weight: bold;\">VOCAL<\/span><\/p>\n<p style=\"font-size: 16px; font-style: normal; font-weight: 400;\">Xavier Moix Cavia&nbsp;<span style=\"font-weight: 700;\">VOCAL<\/span><\/p><p style=\"font-size: 16px; font-style: normal;\">Delf\u00ed Robinat <b>VOCAL<\/b><\/p>\n<p style=\"font-size: 16px; font-style: normal; font-weight: 400;\">Teresa Teixin\u00e9<span style=\"font-weight: 700;\">&nbsp;VOCAL<\/span><\/p>\n<p style=\"font-size: 16px; font-style: normal; font-weight: 400;\">Josep Vall Esquerda&nbsp;<span style=\"font-weight: 700;\">VOCAL<\/span><\/p>\t\t\t\t\t\t\t\t<\/div>\n\t\t\t\t<\/div>\n\t\t\t\t\t<\/div>\n\t\t<\/div>\n\t\t\t\t\t<\/div>\n\t\t<\/section>\n\t\t\t\t<\/div>\n\t\t","protected":false},"excerpt":{"rendered":"<p>60 a\u00f1os caminando juntos Patronato La Fundaci\u00f3n se rige por un Patronato Nuestra Fundaci\u00f3n, privada y sin \u00e1nimo de lucro, se rige por un Patronato, que vela por el cumplimiento de la misi\u00f3n de la entidad, la cual est\u00e1 inscrita, desde enero de 2005, en el registro de Fundaciones de la Generalitat de Catalunya como [&hellip;]<\/p>\n","protected":false},"author":1,"featured_media":0,"parent":0,"menu_order":0,"comment_status":"closed","ping_status":"closed","template":"","meta":{"give_campaign_id":0,"site-sidebar-layout":"no-sidebar","site-content-layout":"page-builder","ast-site-content-layout":"default","site-content-style":"default","site-sidebar-style":"default","ast-global-header-display":"","ast-banner-title-visibility":"","ast-main-header-display":"","ast-hfb-above-header-display":"","ast-hfb-below-header-display":"","ast-hfb-mobile-header-display":"","site-post-title":"disabled","ast-breadcrumbs-content":"","ast-featured-img":"disabled","footer-sml-layout":"","ast-disable-related-posts":"","theme-transparent-header-meta":"","adv-header-id-meta":"","stick-header-meta":"","header-above-stick-meta":"","header-main-stick-meta":"","header-below-stick-meta":"","astra-migrate-meta-layouts":"default","ast-page-background-enabled":"default","ast-page-background-meta":{"desktop":{"background-color":"var(--ast-global-color-4)","background-image":"","background-repeat":"repeat","background-position":"center center","background-size":"auto","background-attachment":"scroll","background-type":"","background-media":"","overlay-type":"","overlay-color":"","overlay-opacity":"","overlay-gradient":""},"tablet":{"background-color":"","background-image":"","background-repeat":"repeat","background-position":"center center","background-size":"auto","background-attachment":"scroll","background-type":"","background-media":"","overlay-type":"","overlay-color":"","overlay-opacity":"","overlay-gradient":""},"mobile":{"background-color":"","background-image":"","background-repeat":"repeat","background-position":"center center","background-size":"auto","background-attachment":"scroll","background-type":"","background-media":"","overlay-type":"","overlay-color":"","overlay-opacity":"","overlay-gradient":""}},"ast-content-background-meta":{"desktop":{"background-color":"var(--ast-global-color-5)","background-image":"","background-repeat":"repeat","background-position":"center center","background-size":"auto","background-attachment":"scroll","background-type":"","background-media":"","overlay-type":"","overlay-color":"","overlay-opacity":"","overlay-gradient":""},"tablet":{"background-color":"var(--ast-global-color-5)","background-image":"","background-repeat":"repeat","background-position":"center center","background-size":"auto","background-attachment":"scroll","background-type":"","background-media":"","overlay-type":"","overlay-color":"","overlay-opacity":"","overlay-gradient":""},"mobile":{"background-color":"var(--ast-global-color-5)","background-image":"","background-repeat":"repeat","background-position":"center center","background-size":"auto","background-attachment":"scroll","background-type":"","background-media":"","overlay-type":"","overlay-color":"","overlay-opacity":"","overlay-gradient":""}},"footnotes":""},"class_list":["post-10158","page","type-page","status-publish","hentry"],"yoast_head":"<!-- This site is optimized with the Yoast SEO plugin v27.2 - https:\/\/yoast.com\/product\/yoast-seo-wordpress\/ -->\n<title>Patronato - Fundaci\u00f3 Aspros \u2013 Servei Integral per la discapacitat ps\u00edquica<\/title>\n<meta name=\"robots\" content=\"index, follow, max-snippet:-1, max-image-preview:large, max-video-preview:-1\" \/>\n<link rel=\"canonical\" href=\"https:\/\/aspros.cat\/patronat\/\" \/>\n<meta property=\"og:locale\" content=\"es_ES\" \/>\n<meta property=\"og:type\" content=\"article\" \/>\n<meta property=\"og:title\" content=\"Patronato - Fundaci\u00f3 Aspros \u2013 Servei Integral per la discapacitat ps\u00edquica\" \/>\n<meta property=\"og:description\" content=\"60 a\u00f1os caminando juntos Patronato La Fundaci\u00f3n se rige por un Patronato Nuestra Fundaci\u00f3n, privada y sin \u00e1nimo de lucro, se rige por un Patronato, que vela por el cumplimiento de la misi\u00f3n de la entidad, la cual est\u00e1 inscrita, desde enero de 2005, en el registro de Fundaciones de la Generalitat de Catalunya como [&hellip;]\" \/>\n<meta property=\"og:url\" content=\"https:\/\/aspros.cat\/patronat\/\" \/>\n<meta property=\"og:site_name\" content=\"Fundaci\u00f3 Aspros \u2013 Servei Integral per la discapacitat ps\u00edquica\" \/>\n<meta property=\"article:modified_time\" content=\"2023-04-05T07:13:23+00:00\" \/>\n<meta name=\"twitter:card\" content=\"summary_large_image\" \/>\n<meta name=\"twitter:label1\" content=\"Tiempo de lectura\" \/>\n\t<meta name=\"twitter:data1\" content=\"1 minuto\" \/>\n<script type=\"application\/ld+json\" class=\"yoast-schema-graph\">{\"@context\":\"https:\/\/schema.org\",\"@graph\":[{\"@type\":\"WebPage\",\"@id\":\"https:\/\/aspros.cat\/patronat\/\",\"url\":\"https:\/\/aspros.cat\/patronat\/\",\"name\":\"Patronato - Fundaci\u00f3 Aspros \u2013 Servei Integral per la discapacitat ps\u00edquica\",\"isPartOf\":{\"@id\":\"https:\/\/aspros.cat\/#website\"},\"datePublished\":\"2022-02-18T13:13:32+00:00\",\"dateModified\":\"2023-04-05T07:13:23+00:00\",\"breadcrumb\":{\"@id\":\"https:\/\/aspros.cat\/patronat\/#breadcrumb\"},\"inLanguage\":\"es\",\"potentialAction\":[{\"@type\":\"ReadAction\",\"target\":[\"https:\/\/aspros.cat\/patronat\/\"]}]},{\"@type\":\"BreadcrumbList\",\"@id\":\"https:\/\/aspros.cat\/patronat\/#breadcrumb\",\"itemListElement\":[{\"@type\":\"ListItem\",\"position\":1,\"name\":\"Inici\",\"item\":\"https:\/\/aspros.cat\/\"},{\"@type\":\"ListItem\",\"position\":2,\"name\":\"Patronato\"}]},{\"@type\":\"WebSite\",\"@id\":\"https:\/\/aspros.cat\/#website\",\"url\":\"https:\/\/aspros.cat\/\",\"name\":\"Fundaci\u00f3 Aspros \u2013 Servei Integral per la discapacitat ps\u00edquica\",\"description\":\"Otro sitio realizado con WordPress\",\"publisher\":{\"@id\":\"https:\/\/aspros.cat\/#organization\"},\"potentialAction\":[{\"@type\":\"SearchAction\",\"target\":{\"@type\":\"EntryPoint\",\"urlTemplate\":\"https:\/\/aspros.cat\/?s={search_term_string}\"},\"query-input\":{\"@type\":\"PropertyValueSpecification\",\"valueRequired\":true,\"valueName\":\"search_term_string\"}}],\"inLanguage\":\"es\"},{\"@type\":\"Organization\",\"@id\":\"https:\/\/aspros.cat\/#organization\",\"name\":\"Fundaci\u00f3 Aspros \u2013 Servei Integral per la discapacitat ps\u00edquica\",\"url\":\"https:\/\/aspros.cat\/\",\"logo\":{\"@type\":\"ImageObject\",\"inLanguage\":\"es\",\"@id\":\"https:\/\/aspros.cat\/#\/schema\/logo\/image\/\",\"url\":\"https:\/\/aspros.cat\/wp-content\/uploads\/2021\/11\/cropped-ASPROS_positiu.png\",\"contentUrl\":\"https:\/\/aspros.cat\/wp-content\/uploads\/2021\/11\/cropped-ASPROS_positiu.png\",\"width\":1200,\"height\":400,\"caption\":\"Fundaci\u00f3 Aspros \u2013 Servei Integral per la discapacitat ps\u00edquica\"},\"image\":{\"@id\":\"https:\/\/aspros.cat\/#\/schema\/logo\/image\/\"}}]}<\/script>\n<!-- \/ Yoast SEO plugin. -->","yoast_head_json":{"title":"Patronato - Fundaci\u00f3 Aspros \u2013 Servei Integral per la discapacitat ps\u00edquica","robots":{"index":"index","follow":"follow","max-snippet":"max-snippet:-1","max-image-preview":"max-image-preview:large","max-video-preview":"max-video-preview:-1"},"canonical":"https:\/\/aspros.cat\/patronat\/","og_locale":"es_ES","og_type":"article","og_title":"Patronato - Fundaci\u00f3 Aspros \u2013 Servei Integral per la discapacitat ps\u00edquica","og_description":"60 a\u00f1os caminando juntos Patronato La Fundaci\u00f3n se rige por un Patronato Nuestra Fundaci\u00f3n, privada y sin \u00e1nimo de lucro, se rige por un Patronato, que vela por el cumplimiento de la misi\u00f3n de la entidad, la cual est\u00e1 inscrita, desde enero de 2005, en el registro de Fundaciones de la Generalitat de Catalunya como [&hellip;]","og_url":"https:\/\/aspros.cat\/patronat\/","og_site_name":"Fundaci\u00f3 Aspros \u2013 Servei Integral per la discapacitat ps\u00edquica","article_modified_time":"2023-04-05T07:13:23+00:00","twitter_card":"summary_large_image","twitter_misc":{"Tiempo de lectura":"1 minuto"},"schema":{"@context":"https:\/\/schema.org","@graph":[{"@type":"WebPage","@id":"https:\/\/aspros.cat\/patronat\/","url":"https:\/\/aspros.cat\/patronat\/","name":"Patronato - Fundaci\u00f3 Aspros \u2013 Servei Integral per la discapacitat ps\u00edquica","isPartOf":{"@id":"https:\/\/aspros.cat\/#website"},"datePublished":"2022-02-18T13:13:32+00:00","dateModified":"2023-04-05T07:13:23+00:00","breadcrumb":{"@id":"https:\/\/aspros.cat\/patronat\/#breadcrumb"},"inLanguage":"es","potentialAction":[{"@type":"ReadAction","target":["https:\/\/aspros.cat\/patronat\/"]}]},{"@type":"BreadcrumbList","@id":"https:\/\/aspros.cat\/patronat\/#breadcrumb","itemListElement":[{"@type":"ListItem","position":1,"name":"Inici","item":"https:\/\/aspros.cat\/"},{"@type":"ListItem","position":2,"name":"Patronato"}]},{"@type":"WebSite","@id":"https:\/\/aspros.cat\/#website","url":"https:\/\/aspros.cat\/","name":"Fundaci\u00f3 Aspros \u2013 Servei Integral per la discapacitat ps\u00edquica","description":"Otro sitio realizado con WordPress","publisher":{"@id":"https:\/\/aspros.cat\/#organization"},"potentialAction":[{"@type":"SearchAction","target":{"@type":"EntryPoint","urlTemplate":"https:\/\/aspros.cat\/?s={search_term_string}"},"query-input":{"@type":"PropertyValueSpecification","valueRequired":true,"valueName":"search_term_string"}}],"inLanguage":"es"},{"@type":"Organization","@id":"https:\/\/aspros.cat\/#organization","name":"Fundaci\u00f3 Aspros \u2013 Servei Integral per la discapacitat ps\u00edquica","url":"https:\/\/aspros.cat\/","logo":{"@type":"ImageObject","inLanguage":"es","@id":"https:\/\/aspros.cat\/#\/schema\/logo\/image\/","url":"https:\/\/aspros.cat\/wp-content\/uploads\/2021\/11\/cropped-ASPROS_positiu.png","contentUrl":"https:\/\/aspros.cat\/wp-content\/uploads\/2021\/11\/cropped-ASPROS_positiu.png","width":1200,"height":400,"caption":"Fundaci\u00f3 Aspros \u2013 Servei Integral per la discapacitat ps\u00edquica"},"image":{"@id":"https:\/\/aspros.cat\/#\/schema\/logo\/image\/"}}]}},"campaignId":"","_links":{"self":[{"href":"https:\/\/aspros.cat\/es\/wp-json\/wp\/v2\/pages\/10158","targetHints":{"allow":["GET"]}}],"collection":[{"href":"https:\/\/aspros.cat\/es\/wp-json\/wp\/v2\/pages"}],"about":[{"href":"https:\/\/aspros.cat\/es\/wp-json\/wp\/v2\/types\/page"}],"author":[{"embeddable":true,"href":"https:\/\/aspros.cat\/es\/wp-json\/wp\/v2\/users\/1"}],"replies":[{"embeddable":true,"href":"https:\/\/aspros.cat\/es\/wp-json\/wp\/v2\/comments?post=10158"}],"version-history":[{"count":7,"href":"https:\/\/aspros.cat\/es\/wp-json\/wp\/v2\/pages\/10158\/revisions"}],"predecessor-version":[{"id":11611,"href":"https:\/\/aspros.cat\/es\/wp-json\/wp\/v2\/pages\/10158\/revisions\/11611"}],"wp:attachment":[{"href":"https:\/\/aspros.cat\/es\/wp-json\/wp\/v2\/media?parent=10158"}],"curies":[{"name":"wp","href":"https:\/\/api.w.org\/{rel}","templated":true}]}}