{"id":10156,"date":"2022-02-18T12:11:05","date_gmt":"2022-02-18T12:11:05","guid":{"rendered":"https:\/\/aspros.cat\/organigrama\/"},"modified":"2025-09-16T18:18:20","modified_gmt":"2025-09-16T18:18:20","slug":"organigrama","status":"publish","type":"page","link":"https:\/\/aspros.cat\/es\/organigrama\/","title":{"rendered":"Organigrama"},"content":{"rendered":"\t\t<div data-elementor-type=\"wp-page\" data-elementor-id=\"10156\" class=\"elementor elementor-10156 elementor-1066\" data-elementor-post-type=\"page\">\n\t\t\t\t\t\t<section class=\"elementor-section elementor-top-section elementor-element elementor-element-79711e84 elementor-section-full_width elementor-section-height-default elementor-section-height-default\" data-id=\"79711e84\" data-element_type=\"section\" data-e-type=\"section\" data-settings=\"{&quot;background_background&quot;:&quot;classic&quot;}\">\n\t\t\t\t\t\t\t<div class=\"elementor-background-overlay\"><\/div>\n\t\t\t\t\t\t\t<div class=\"elementor-container elementor-column-gap-no\">\n\t\t\t\t\t<div class=\"elementor-column elementor-col-100 elementor-top-column elementor-element elementor-element-13c13b91\" data-id=\"13c13b91\" data-element_type=\"column\" data-e-type=\"column\">\n\t\t\t<div class=\"elementor-widget-wrap elementor-element-populated\">\n\t\t\t\t\t\t<div class=\"elementor-element elementor-element-14d94536 elementor-widget elementor-widget-heading\" data-id=\"14d94536\" data-element_type=\"widget\" data-e-type=\"widget\" data-widget_type=\"heading.default\">\n\t\t\t\t<div class=\"elementor-widget-container\">\n\t\t\t\t\t<h5 class=\"elementor-heading-title elementor-size-default\">60 a\u00f1os caminando juntos<\/h5>\t\t\t\t<\/div>\n\t\t\t\t<\/div>\n\t\t\t\t<div class=\"elementor-element elementor-element-6dca3a15 elementor-widget elementor-widget-heading\" data-id=\"6dca3a15\" data-element_type=\"widget\" data-e-type=\"widget\" data-widget_type=\"heading.default\">\n\t\t\t\t<div class=\"elementor-widget-container\">\n\t\t\t\t\t<h1 class=\"elementor-heading-title elementor-size-default\">Organigrama<\/h1>\t\t\t\t<\/div>\n\t\t\t\t<\/div>\n\t\t\t\t\t<\/div>\n\t\t<\/div>\n\t\t\t\t\t<\/div>\n\t\t<\/section>\n\t\t\t\t<section class=\"elementor-section elementor-top-section elementor-element elementor-element-c580638 elementor-section-boxed elementor-section-height-default elementor-section-height-default\" data-id=\"c580638\" data-element_type=\"section\" data-e-type=\"section\">\n\t\t\t\t\t\t<div class=\"elementor-container elementor-column-gap-default\">\n\t\t\t\t\t<div class=\"elementor-column elementor-col-50 elementor-top-column elementor-element elementor-element-a7518ce\" data-id=\"a7518ce\" data-element_type=\"column\" data-e-type=\"column\">\n\t\t\t<div class=\"elementor-widget-wrap elementor-element-populated\">\n\t\t\t\t\t\t<div class=\"elementor-element elementor-element-de62fc7 blueTitle elementor-widget elementor-widget-heading\" data-id=\"de62fc7\" data-element_type=\"widget\" data-e-type=\"widget\" data-widget_type=\"heading.default\">\n\t\t\t\t<div class=\"elementor-widget-container\">\n\t\t\t\t\t<h2 class=\"elementor-heading-title elementor-size-default\">Somos personas <br>Somos un equipo humano<\/h2>\t\t\t\t<\/div>\n\t\t\t\t<\/div>\n\t\t\t\t\t<\/div>\n\t\t<\/div>\n\t\t\t\t<div class=\"elementor-column elementor-col-50 elementor-top-column elementor-element elementor-element-9b3c81f\" data-id=\"9b3c81f\" data-element_type=\"column\" data-e-type=\"column\">\n\t\t\t<div class=\"elementor-widget-wrap elementor-element-populated\">\n\t\t\t\t\t\t<div class=\"elementor-element elementor-element-7c594ae7 elementor-widget elementor-widget-text-editor\" data-id=\"7c594ae7\" data-element_type=\"widget\" data-e-type=\"widget\" data-widget_type=\"text-editor.default\">\n\t\t\t\t<div class=\"elementor-widget-container\">\n\t\t\t\t\t\t\t\t\t<p>Nuestro equipo humano es uno de nuestros principales activos. Est\u00e1 formado por m\u00e1s de 580 trabajadores altamente cualificados, que cuentan con una amplia y reconocida experiencia, y entre los cuales se hallan distintos perfiles profesionales: psiquiatras, psic\u00f3logos, dietistas, trabajadores sociales, pedagogos, enfermeros, logopedas, fisioterapeutas, graduados sociales y abogados.<\/p>\n<p>En el \u00e1mbito empresarial, tambi\u00e9n contamos con la colaboraci\u00f3n de profesionales especializados en distintos campos productivos.<\/p>\n\t\t\t\t\t\t\t\t<\/div>\n\t\t\t\t<\/div>\n\t\t\t\t<div class=\"elementor-element elementor-element-0ca87e6 whiteTitle elementor-widget elementor-widget-heading\" data-id=\"0ca87e6\" data-element_type=\"widget\" data-e-type=\"widget\" data-widget_type=\"heading.default\">\n\t\t\t\t<div class=\"elementor-widget-container\">\n\t\t\t\t\t<h2 class=\"elementor-heading-title elementor-size-default\">+580 profesionales<\/h2>\t\t\t\t<\/div>\n\t\t\t\t<\/div>\n\t\t\t\t\t<\/div>\n\t\t<\/div>\n\t\t\t\t\t<\/div>\n\t\t<\/section>\n\t\t\t\t<section class=\"elementor-section elementor-top-section elementor-element elementor-element-2a9c607 elementor-section-boxed elementor-section-height-default elementor-section-height-default\" data-id=\"2a9c607\" data-element_type=\"section\" data-e-type=\"section\">\n\t\t\t\t\t\t<div class=\"elementor-container elementor-column-gap-default\">\n\t\t\t\t\t<div class=\"elementor-column elementor-col-100 elementor-top-column elementor-element elementor-element-4b03fab\" data-id=\"4b03fab\" data-element_type=\"column\" data-e-type=\"column\">\n\t\t\t<div class=\"elementor-widget-wrap elementor-element-populated\">\n\t\t\t\t\t\t<div class=\"elementor-element elementor-element-d334bc8 elementor-hidden-mobile elementor-widget elementor-widget-image\" data-id=\"d334bc8\" data-element_type=\"widget\" data-e-type=\"widget\" data-widget_type=\"image.default\">\n\t\t\t\t<div class=\"elementor-widget-container\">\n\t\t\t\t\t\t\t\t\t\t\t\t\t\t\t<img fetchpriority=\"high\" decoding=\"async\" width=\"1167\" height=\"2560\" src=\"https:\/\/aspros.cat\/wp-content\/uploads\/2025\/09\/ESP_Organigrama-Aspros-Web-Taula-scaled.webp\" class=\"attachment-full size-full wp-image-18953\" alt=\"\" srcset=\"https:\/\/aspros.cat\/wp-content\/uploads\/2025\/09\/ESP_Organigrama-Aspros-Web-Taula-scaled.webp 1167w, https:\/\/aspros.cat\/wp-content\/uploads\/2025\/09\/ESP_Organigrama-Aspros-Web-Taula-137x300.webp 137w, https:\/\/aspros.cat\/wp-content\/uploads\/2025\/09\/ESP_Organigrama-Aspros-Web-Taula-467x1024.webp 467w, https:\/\/aspros.cat\/wp-content\/uploads\/2025\/09\/ESP_Organigrama-Aspros-Web-Taula-768x1685.webp 768w, https:\/\/aspros.cat\/wp-content\/uploads\/2025\/09\/ESP_Organigrama-Aspros-Web-Taula-700x1536.webp 700w, https:\/\/aspros.cat\/wp-content\/uploads\/2025\/09\/ESP_Organigrama-Aspros-Web-Taula-934x2048.webp 934w\" sizes=\"(max-width: 1167px) 100vw, 1167px\" \/>\t\t\t\t\t\t\t\t\t\t\t\t\t\t\t<\/div>\n\t\t\t\t<\/div>\n\t\t\t\t<div class=\"elementor-element elementor-element-035cc4d elementor-hidden-desktop elementor-hidden-tablet elementor-widget elementor-widget-image\" data-id=\"035cc4d\" data-element_type=\"widget\" data-e-type=\"widget\" data-widget_type=\"image.default\">\n\t\t\t\t<div class=\"elementor-widget-container\">\n\t\t\t\t\t\t\t\t\t\t\t\t\t\t\t<img decoding=\"async\" width=\"1027\" height=\"2560\" src=\"https:\/\/aspros.cat\/wp-content\/uploads\/2025\/09\/ESP_Organigrama-Aspros-Web-Movil-scaled.webp\" class=\"attachment-full size-full wp-image-18956\" alt=\"\" srcset=\"https:\/\/aspros.cat\/wp-content\/uploads\/2025\/09\/ESP_Organigrama-Aspros-Web-Movil-scaled.webp 1027w, https:\/\/aspros.cat\/wp-content\/uploads\/2025\/09\/ESP_Organigrama-Aspros-Web-Movil-120x300.webp 120w, https:\/\/aspros.cat\/wp-content\/uploads\/2025\/09\/ESP_Organigrama-Aspros-Web-Movil-411x1024.webp 411w, https:\/\/aspros.cat\/wp-content\/uploads\/2025\/09\/ESP_Organigrama-Aspros-Web-Movil-768x1914.webp 768w, https:\/\/aspros.cat\/wp-content\/uploads\/2025\/09\/ESP_Organigrama-Aspros-Web-Movil-616x1536.webp 616w, https:\/\/aspros.cat\/wp-content\/uploads\/2025\/09\/ESP_Organigrama-Aspros-Web-Movil-822x2048.webp 822w\" sizes=\"(max-width: 1027px) 100vw, 1027px\" \/>\t\t\t\t\t\t\t\t\t\t\t\t\t\t\t<\/div>\n\t\t\t\t<\/div>\n\t\t\t\t\t<\/div>\n\t\t<\/div>\n\t\t\t\t\t<\/div>\n\t\t<\/section>\n\t\t\t\t<section class=\"elementor-section elementor-top-section elementor-element elementor-element-25ef1ac9 elementor-section-boxed elementor-section-height-default elementor-section-height-default\" data-id=\"25ef1ac9\" data-element_type=\"section\" data-e-type=\"section\">\n\t\t\t\t\t\t<div class=\"elementor-container elementor-column-gap-default\">\n\t\t\t\t\t<div class=\"elementor-column elementor-col-100 elementor-top-column elementor-element elementor-element-435678d0\" data-id=\"435678d0\" data-element_type=\"column\" data-e-type=\"column\">\n\t\t\t<div class=\"elementor-widget-wrap elementor-element-populated\">\n\t\t\t\t\t\t<div class=\"elementor-element elementor-element-15ecd28d elementor-widget elementor-widget-heading\" data-id=\"15ecd28d\" data-element_type=\"widget\" data-e-type=\"widget\" data-widget_type=\"heading.default\">\n\t\t\t\t<div class=\"elementor-widget-container\">\n\t\t\t\t\t<h2 class=\"elementor-heading-title elementor-size-default\">\n<\/h2>\t\t\t\t<\/div>\n\t\t\t\t<\/div>\n\t\t\t\t\t<\/div>\n\t\t<\/div>\n\t\t\t\t\t<\/div>\n\t\t<\/section>\n\t\t\t\t<\/div>\n\t\t","protected":false},"excerpt":{"rendered":"<p>60 a\u00f1os caminando juntos Organigrama Somos personas Somos un equipo humano Nuestro equipo humano es uno de nuestros principales activos. Est\u00e1 formado por m\u00e1s de 580 trabajadores altamente cualificados, que cuentan con una amplia y reconocida experiencia, y entre los cuales se hallan distintos perfiles profesionales: psiquiatras, psic\u00f3logos, dietistas, trabajadores sociales, pedagogos, enfermeros, logopedas, fisioterapeutas, [&hellip;]<\/p>\n","protected":false},"author":1,"featured_media":0,"parent":0,"menu_order":0,"comment_status":"closed","ping_status":"closed","template":"","meta":{"give_campaign_id":0,"site-sidebar-layout":"no-sidebar","site-content-layout":"page-builder","ast-site-content-layout":"full-width-container","site-content-style":"unboxed","site-sidebar-style":"unboxed","ast-global-header-display":"","ast-banner-title-visibility":"","ast-main-header-display":"","ast-hfb-above-header-display":"","ast-hfb-below-header-display":"","ast-hfb-mobile-header-display":"","site-post-title":"disabled","ast-breadcrumbs-content":"","ast-featured-img":"disabled","footer-sml-layout":"","ast-disable-related-posts":"","theme-transparent-header-meta":"","adv-header-id-meta":"","stick-header-meta":"","header-above-stick-meta":"","header-main-stick-meta":"","header-below-stick-meta":"","astra-migrate-meta-layouts":"default","ast-page-background-enabled":"default","ast-page-background-meta":{"desktop":{"background-color":"var(--ast-global-color-4)","background-image":"","background-repeat":"repeat","background-position":"center center","background-size":"auto","background-attachment":"scroll","background-type":"","background-media":"","overlay-type":"","overlay-color":"","overlay-opacity":"","overlay-gradient":""},"tablet":{"background-color":"","background-image":"","background-repeat":"repeat","background-position":"center center","background-size":"auto","background-attachment":"scroll","background-type":"","background-media":"","overlay-type":"","overlay-color":"","overlay-opacity":"","overlay-gradient":""},"mobile":{"background-color":"","background-image":"","background-repeat":"repeat","background-position":"center center","background-size":"auto","background-attachment":"scroll","background-type":"","background-media":"","overlay-type":"","overlay-color":"","overlay-opacity":"","overlay-gradient":""}},"ast-content-background-meta":{"desktop":{"background-color":"var(--ast-global-color-5)","background-image":"","background-repeat":"repeat","background-position":"center center","background-size":"auto","background-attachment":"scroll","background-type":"","background-media":"","overlay-type":"","overlay-color":"","overlay-opacity":"","overlay-gradient":""},"tablet":{"background-color":"var(--ast-global-color-5)","background-image":"","background-repeat":"repeat","background-position":"center center","background-size":"auto","background-attachment":"scroll","background-type":"","background-media":"","overlay-type":"","overlay-color":"","overlay-opacity":"","overlay-gradient":""},"mobile":{"background-color":"var(--ast-global-color-5)","background-image":"","background-repeat":"repeat","background-position":"center center","background-size":"auto","background-attachment":"scroll","background-type":"","background-media":"","overlay-type":"","overlay-color":"","overlay-opacity":"","overlay-gradient":""}},"footnotes":""},"class_list":["post-10156","page","type-page","status-publish","hentry"],"yoast_head":"<!-- This site is optimized with the Yoast SEO plugin v27.2 - https:\/\/yoast.com\/product\/yoast-seo-wordpress\/ -->\n<title>Organigrama - Fundaci\u00f3 Aspros \u2013 Servei Integral per la discapacitat ps\u00edquica<\/title>\n<meta name=\"robots\" content=\"index, follow, max-snippet:-1, max-image-preview:large, max-video-preview:-1\" \/>\n<link rel=\"canonical\" href=\"https:\/\/aspros.cat\/organigrama\/\" \/>\n<meta property=\"og:locale\" content=\"es_ES\" \/>\n<meta property=\"og:type\" content=\"article\" \/>\n<meta property=\"og:title\" content=\"Organigrama - Fundaci\u00f3 Aspros \u2013 Servei Integral per la discapacitat ps\u00edquica\" \/>\n<meta property=\"og:description\" content=\"60 a\u00f1os caminando juntos Organigrama Somos personas Somos un equipo humano Nuestro equipo humano es uno de nuestros principales activos. Est\u00e1 formado por m\u00e1s de 580 trabajadores altamente cualificados, que cuentan con una amplia y reconocida experiencia, y entre los cuales se hallan distintos perfiles profesionales: psiquiatras, psic\u00f3logos, dietistas, trabajadores sociales, pedagogos, enfermeros, logopedas, fisioterapeutas, [&hellip;]\" \/>\n<meta property=\"og:url\" content=\"https:\/\/aspros.cat\/organigrama\/\" \/>\n<meta property=\"og:site_name\" content=\"Fundaci\u00f3 Aspros \u2013 Servei Integral per la discapacitat ps\u00edquica\" \/>\n<meta property=\"article:modified_time\" content=\"2025-09-16T18:18:20+00:00\" \/>\n<meta property=\"og:image\" content=\"https:\/\/aspros.cat\/wp-content\/uploads\/2025\/09\/ESP_Organigrama-Aspros-Web-Taula-scaled.webp\" \/>\n\t<meta property=\"og:image:width\" content=\"1167\" \/>\n\t<meta property=\"og:image:height\" content=\"2560\" \/>\n\t<meta property=\"og:image:type\" content=\"image\/webp\" \/>\n<meta name=\"twitter:card\" content=\"summary_large_image\" \/>\n<meta name=\"twitter:label1\" content=\"Tiempo de lectura\" \/>\n\t<meta name=\"twitter:data1\" content=\"1 minuto\" \/>\n<script type=\"application\/ld+json\" class=\"yoast-schema-graph\">{\"@context\":\"https:\/\/schema.org\",\"@graph\":[{\"@type\":\"WebPage\",\"@id\":\"https:\/\/aspros.cat\/organigrama\/\",\"url\":\"https:\/\/aspros.cat\/organigrama\/\",\"name\":\"Organigrama - Fundaci\u00f3 Aspros \u2013 Servei Integral per la discapacitat ps\u00edquica\",\"isPartOf\":{\"@id\":\"https:\/\/aspros.cat\/#website\"},\"primaryImageOfPage\":{\"@id\":\"https:\/\/aspros.cat\/organigrama\/#primaryimage\"},\"image\":{\"@id\":\"https:\/\/aspros.cat\/organigrama\/#primaryimage\"},\"thumbnailUrl\":\"https:\/\/aspros.cat\/wp-content\/uploads\/2025\/09\/ESP_Organigrama-Aspros-Web-Taula-scaled.webp\",\"datePublished\":\"2022-02-18T12:11:05+00:00\",\"dateModified\":\"2025-09-16T18:18:20+00:00\",\"breadcrumb\":{\"@id\":\"https:\/\/aspros.cat\/organigrama\/#breadcrumb\"},\"inLanguage\":\"es\",\"potentialAction\":[{\"@type\":\"ReadAction\",\"target\":[\"https:\/\/aspros.cat\/organigrama\/\"]}]},{\"@type\":\"ImageObject\",\"inLanguage\":\"es\",\"@id\":\"https:\/\/aspros.cat\/organigrama\/#primaryimage\",\"url\":\"https:\/\/aspros.cat\/wp-content\/uploads\/2025\/09\/ESP_Organigrama-Aspros-Web-Taula-scaled.webp\",\"contentUrl\":\"https:\/\/aspros.cat\/wp-content\/uploads\/2025\/09\/ESP_Organigrama-Aspros-Web-Taula-scaled.webp\"},{\"@type\":\"BreadcrumbList\",\"@id\":\"https:\/\/aspros.cat\/organigrama\/#breadcrumb\",\"itemListElement\":[{\"@type\":\"ListItem\",\"position\":1,\"name\":\"Inici\",\"item\":\"https:\/\/aspros.cat\/\"},{\"@type\":\"ListItem\",\"position\":2,\"name\":\"Organigrama\"}]},{\"@type\":\"WebSite\",\"@id\":\"https:\/\/aspros.cat\/#website\",\"url\":\"https:\/\/aspros.cat\/\",\"name\":\"Fundaci\u00f3 Aspros \u2013 Servei Integral per la discapacitat ps\u00edquica\",\"description\":\"Otro sitio realizado con WordPress\",\"publisher\":{\"@id\":\"https:\/\/aspros.cat\/#organization\"},\"potentialAction\":[{\"@type\":\"SearchAction\",\"target\":{\"@type\":\"EntryPoint\",\"urlTemplate\":\"https:\/\/aspros.cat\/?s={search_term_string}\"},\"query-input\":{\"@type\":\"PropertyValueSpecification\",\"valueRequired\":true,\"valueName\":\"search_term_string\"}}],\"inLanguage\":\"es\"},{\"@type\":\"Organization\",\"@id\":\"https:\/\/aspros.cat\/#organization\",\"name\":\"Fundaci\u00f3 Aspros \u2013 Servei Integral per la discapacitat ps\u00edquica\",\"url\":\"https:\/\/aspros.cat\/\",\"logo\":{\"@type\":\"ImageObject\",\"inLanguage\":\"es\",\"@id\":\"https:\/\/aspros.cat\/#\/schema\/logo\/image\/\",\"url\":\"https:\/\/aspros.cat\/wp-content\/uploads\/2021\/11\/cropped-ASPROS_positiu.png\",\"contentUrl\":\"https:\/\/aspros.cat\/wp-content\/uploads\/2021\/11\/cropped-ASPROS_positiu.png\",\"width\":1200,\"height\":400,\"caption\":\"Fundaci\u00f3 Aspros \u2013 Servei Integral per la discapacitat ps\u00edquica\"},\"image\":{\"@id\":\"https:\/\/aspros.cat\/#\/schema\/logo\/image\/\"}}]}<\/script>\n<!-- \/ Yoast SEO plugin. -->","yoast_head_json":{"title":"Organigrama - Fundaci\u00f3 Aspros \u2013 Servei Integral per la discapacitat ps\u00edquica","robots":{"index":"index","follow":"follow","max-snippet":"max-snippet:-1","max-image-preview":"max-image-preview:large","max-video-preview":"max-video-preview:-1"},"canonical":"https:\/\/aspros.cat\/organigrama\/","og_locale":"es_ES","og_type":"article","og_title":"Organigrama - Fundaci\u00f3 Aspros \u2013 Servei Integral per la discapacitat ps\u00edquica","og_description":"60 a\u00f1os caminando juntos Organigrama Somos personas Somos un equipo humano Nuestro equipo humano es uno de nuestros principales activos. Est\u00e1 formado por m\u00e1s de 580 trabajadores altamente cualificados, que cuentan con una amplia y reconocida experiencia, y entre los cuales se hallan distintos perfiles profesionales: psiquiatras, psic\u00f3logos, dietistas, trabajadores sociales, pedagogos, enfermeros, logopedas, fisioterapeutas, [&hellip;]","og_url":"https:\/\/aspros.cat\/organigrama\/","og_site_name":"Fundaci\u00f3 Aspros \u2013 Servei Integral per la discapacitat ps\u00edquica","article_modified_time":"2025-09-16T18:18:20+00:00","og_image":[{"width":1167,"height":2560,"url":"https:\/\/aspros.cat\/wp-content\/uploads\/2025\/09\/ESP_Organigrama-Aspros-Web-Taula-scaled.webp","type":"image\/webp"}],"twitter_card":"summary_large_image","twitter_misc":{"Tiempo de lectura":"1 minuto"},"schema":{"@context":"https:\/\/schema.org","@graph":[{"@type":"WebPage","@id":"https:\/\/aspros.cat\/organigrama\/","url":"https:\/\/aspros.cat\/organigrama\/","name":"Organigrama - Fundaci\u00f3 Aspros \u2013 Servei Integral per la discapacitat ps\u00edquica","isPartOf":{"@id":"https:\/\/aspros.cat\/#website"},"primaryImageOfPage":{"@id":"https:\/\/aspros.cat\/organigrama\/#primaryimage"},"image":{"@id":"https:\/\/aspros.cat\/organigrama\/#primaryimage"},"thumbnailUrl":"https:\/\/aspros.cat\/wp-content\/uploads\/2025\/09\/ESP_Organigrama-Aspros-Web-Taula-scaled.webp","datePublished":"2022-02-18T12:11:05+00:00","dateModified":"2025-09-16T18:18:20+00:00","breadcrumb":{"@id":"https:\/\/aspros.cat\/organigrama\/#breadcrumb"},"inLanguage":"es","potentialAction":[{"@type":"ReadAction","target":["https:\/\/aspros.cat\/organigrama\/"]}]},{"@type":"ImageObject","inLanguage":"es","@id":"https:\/\/aspros.cat\/organigrama\/#primaryimage","url":"https:\/\/aspros.cat\/wp-content\/uploads\/2025\/09\/ESP_Organigrama-Aspros-Web-Taula-scaled.webp","contentUrl":"https:\/\/aspros.cat\/wp-content\/uploads\/2025\/09\/ESP_Organigrama-Aspros-Web-Taula-scaled.webp"},{"@type":"BreadcrumbList","@id":"https:\/\/aspros.cat\/organigrama\/#breadcrumb","itemListElement":[{"@type":"ListItem","position":1,"name":"Inici","item":"https:\/\/aspros.cat\/"},{"@type":"ListItem","position":2,"name":"Organigrama"}]},{"@type":"WebSite","@id":"https:\/\/aspros.cat\/#website","url":"https:\/\/aspros.cat\/","name":"Fundaci\u00f3 Aspros \u2013 Servei Integral per la discapacitat ps\u00edquica","description":"Otro sitio realizado con WordPress","publisher":{"@id":"https:\/\/aspros.cat\/#organization"},"potentialAction":[{"@type":"SearchAction","target":{"@type":"EntryPoint","urlTemplate":"https:\/\/aspros.cat\/?s={search_term_string}"},"query-input":{"@type":"PropertyValueSpecification","valueRequired":true,"valueName":"search_term_string"}}],"inLanguage":"es"},{"@type":"Organization","@id":"https:\/\/aspros.cat\/#organization","name":"Fundaci\u00f3 Aspros \u2013 Servei Integral per la discapacitat ps\u00edquica","url":"https:\/\/aspros.cat\/","logo":{"@type":"ImageObject","inLanguage":"es","@id":"https:\/\/aspros.cat\/#\/schema\/logo\/image\/","url":"https:\/\/aspros.cat\/wp-content\/uploads\/2021\/11\/cropped-ASPROS_positiu.png","contentUrl":"https:\/\/aspros.cat\/wp-content\/uploads\/2021\/11\/cropped-ASPROS_positiu.png","width":1200,"height":400,"caption":"Fundaci\u00f3 Aspros \u2013 Servei Integral per la discapacitat ps\u00edquica"},"image":{"@id":"https:\/\/aspros.cat\/#\/schema\/logo\/image\/"}}]}},"campaignId":"","_links":{"self":[{"href":"https:\/\/aspros.cat\/es\/wp-json\/wp\/v2\/pages\/10156","targetHints":{"allow":["GET"]}}],"collection":[{"href":"https:\/\/aspros.cat\/es\/wp-json\/wp\/v2\/pages"}],"about":[{"href":"https:\/\/aspros.cat\/es\/wp-json\/wp\/v2\/types\/page"}],"author":[{"embeddable":true,"href":"https:\/\/aspros.cat\/es\/wp-json\/wp\/v2\/users\/1"}],"replies":[{"embeddable":true,"href":"https:\/\/aspros.cat\/es\/wp-json\/wp\/v2\/comments?post=10156"}],"version-history":[{"count":37,"href":"https:\/\/aspros.cat\/es\/wp-json\/wp\/v2\/pages\/10156\/revisions"}],"predecessor-version":[{"id":18961,"href":"https:\/\/aspros.cat\/es\/wp-json\/wp\/v2\/pages\/10156\/revisions\/18961"}],"wp:attachment":[{"href":"https:\/\/aspros.cat\/es\/wp-json\/wp\/v2\/media?parent=10156"}],"curies":[{"name":"wp","href":"https:\/\/api.w.org\/{rel}","templated":true}]}}