{"id":10150,"date":"2022-03-14T10:15:18","date_gmt":"2022-03-14T10:15:18","guid":{"rendered":"https:\/\/aspros.cat\/certificaciones\/"},"modified":"2025-05-28T08:00:55","modified_gmt":"2025-05-28T08:00:55","slug":"certificaciones","status":"publish","type":"page","link":"https:\/\/aspros.cat\/es\/certificaciones\/","title":{"rendered":"Certificaciones"},"content":{"rendered":"\t\t<div data-elementor-type=\"wp-page\" data-elementor-id=\"10150\" class=\"elementor elementor-10150 elementor-2213\" data-elementor-post-type=\"page\">\n\t\t\t\t\t\t<section class=\"elementor-section elementor-top-section elementor-element elementor-element-7a6d8425 elementor-section-full_width elementor-section-height-default elementor-section-height-default\" data-id=\"7a6d8425\" data-element_type=\"section\" data-e-type=\"section\" data-settings=\"{&quot;background_background&quot;:&quot;classic&quot;}\">\n\t\t\t\t\t\t\t<div class=\"elementor-background-overlay\"><\/div>\n\t\t\t\t\t\t\t<div class=\"elementor-container elementor-column-gap-no\">\n\t\t\t\t\t<div class=\"elementor-column elementor-col-100 elementor-top-column elementor-element elementor-element-47ef0528\" data-id=\"47ef0528\" data-element_type=\"column\" data-e-type=\"column\">\n\t\t\t<div class=\"elementor-widget-wrap elementor-element-populated\">\n\t\t\t\t\t\t<div class=\"elementor-element elementor-element-604b073 elementor-widget elementor-widget-heading\" data-id=\"604b073\" data-element_type=\"widget\" data-e-type=\"widget\" data-widget_type=\"heading.default\">\n\t\t\t\t<div class=\"elementor-widget-container\">\n\t\t\t\t\t<h5 class=\"elementor-heading-title elementor-size-default\">Sostenibilidad e innovaci\u00f3n<\/h5>\t\t\t\t<\/div>\n\t\t\t\t<\/div>\n\t\t\t\t<div class=\"elementor-element elementor-element-b47f074 elementor-widget elementor-widget-heading\" data-id=\"b47f074\" data-element_type=\"widget\" data-e-type=\"widget\" data-widget_type=\"heading.default\">\n\t\t\t\t<div class=\"elementor-widget-container\">\n\t\t\t\t\t<h1 class=\"elementor-heading-title elementor-size-default\">Certificaciones<\/h1>\t\t\t\t<\/div>\n\t\t\t\t<\/div>\n\t\t\t\t\t<\/div>\n\t\t<\/div>\n\t\t\t\t\t<\/div>\n\t\t<\/section>\n\t\t\t\t<section class=\"elementor-section elementor-top-section elementor-element elementor-element-37a6a6e4 elementor-section-boxed elementor-section-height-default elementor-section-height-default\" data-id=\"37a6a6e4\" data-element_type=\"section\" data-e-type=\"section\">\n\t\t\t\t\t\t<div class=\"elementor-container elementor-column-gap-no\">\n\t\t\t\t\t<div class=\"elementor-column elementor-col-50 elementor-top-column elementor-element elementor-element-2e357550\" data-id=\"2e357550\" data-element_type=\"column\" data-e-type=\"column\">\n\t\t\t<div class=\"elementor-widget-wrap elementor-element-populated\">\n\t\t\t\t\t\t<div class=\"elementor-element elementor-element-5de9165 elementor-position-left elementor-vertical-align-top elementor-widget elementor-widget-image-box\" data-id=\"5de9165\" data-element_type=\"widget\" data-e-type=\"widget\" data-widget_type=\"image-box.default\">\n\t\t\t\t<div class=\"elementor-widget-container\">\n\t\t\t\t\t<div class=\"elementor-image-box-wrapper\"><figure class=\"elementor-image-box-img\"><a href=\"https:\/\/aspros.cat\/wp-content\/uploads\/2025\/05\/9001-CAST-FUNDACIO-ASPROS_signed.pdf\" tabindex=\"-1\"><img fetchpriority=\"high\" decoding=\"async\" width=\"1500\" height=\"2621\" src=\"https:\/\/aspros.cat\/wp-content\/uploads\/2025\/05\/CMYK_EN.png\" class=\"attachment-full size-full wp-image-18225\" alt=\"\" srcset=\"https:\/\/aspros.cat\/wp-content\/uploads\/2025\/05\/CMYK_EN.png 1500w, https:\/\/aspros.cat\/wp-content\/uploads\/2025\/05\/CMYK_EN-172x300.png 172w, https:\/\/aspros.cat\/wp-content\/uploads\/2025\/05\/CMYK_EN-586x1024.png 586w, https:\/\/aspros.cat\/wp-content\/uploads\/2025\/05\/CMYK_EN-768x1342.png 768w, https:\/\/aspros.cat\/wp-content\/uploads\/2025\/05\/CMYK_EN-879x1536.png 879w, https:\/\/aspros.cat\/wp-content\/uploads\/2025\/05\/CMYK_EN-1172x2048.png 1172w\" sizes=\"(max-width: 1500px) 100vw, 1500px\" \/><\/a><\/figure><div class=\"elementor-image-box-content\"><h3 class=\"elementor-image-box-title\"><a href=\"https:\/\/aspros.cat\/wp-content\/uploads\/2025\/05\/9001-CAST-FUNDACIO-ASPROS_signed.pdf\">ISO 9001 | Sistema de Gesti\u00f3n de Calidad<\/a><\/h3><p class=\"elementor-image-box-description\">La Fundaci\u00f3 Aspros cumple con los est\u00e1ndares internacionales de gesti\u00f3n de calidad, lo que certifica su compromiso con el cumplimiento de los requisitos del cliente, la satisfacci\u00f3n y colaboraci\u00f3n de las partes interesadas y la mejora continua. \n<\/p><\/div><\/div>\t\t\t\t<\/div>\n\t\t\t\t<\/div>\n\t\t\t\t\t<\/div>\n\t\t<\/div>\n\t\t\t\t<div class=\"elementor-column elementor-col-50 elementor-top-column elementor-element elementor-element-c861830\" data-id=\"c861830\" data-element_type=\"column\" data-e-type=\"column\">\n\t\t\t<div class=\"elementor-widget-wrap elementor-element-populated\">\n\t\t\t\t\t\t<div class=\"elementor-element elementor-element-1cb2374 elementor-position-left elementor-vertical-align-top elementor-widget elementor-widget-image-box\" data-id=\"1cb2374\" data-element_type=\"widget\" data-e-type=\"widget\" data-widget_type=\"image-box.default\">\n\t\t\t\t<div class=\"elementor-widget-container\">\n\t\t\t\t\t<div class=\"elementor-image-box-wrapper\"><figure class=\"elementor-image-box-img\"><a href=\"https:\/\/aspros.cat\/wp-content\/uploads\/2024\/07\/14001-CAST-FUNDACIO-ASPROS.pdf\" tabindex=\"-1\"><img decoding=\"async\" width=\"350\" height=\"500\" src=\"https:\/\/aspros.cat\/wp-content\/uploads\/2022\/06\/ISO-14001.png\" class=\"attachment-full size-full wp-image-6110\" alt=\"\" srcset=\"https:\/\/aspros.cat\/wp-content\/uploads\/2022\/06\/ISO-14001.png 350w, https:\/\/aspros.cat\/wp-content\/uploads\/2022\/06\/ISO-14001-210x300.png 210w\" sizes=\"(max-width: 350px) 100vw, 350px\" \/><\/a><\/figure><div class=\"elementor-image-box-content\"><h3 class=\"elementor-image-box-title\"><a href=\"https:\/\/aspros.cat\/wp-content\/uploads\/2024\/07\/14001-CAST-FUNDACIO-ASPROS.pdf\">ISO 14001 | Sistema de Gesti\u00f3n Medioambiental<\/a><\/h3><p class=\"elementor-image-box-description\">La Fundaci\u00f3 Aspros cumple con los est\u00e1ndares internacionales de gesti\u00f3n ambiental, lo que certifica su compromiso con la prevenci\u00f3n y la reducci\u00f3n de los impactos medioambientales de sus actividades, y tambi\u00e9n con la comunicaci\u00f3n, la sensibilizaci\u00f3n y la formaci\u00f3n con respecto a todos los elementos que est\u00e1n relacionados. <\/p><\/div><\/div>\t\t\t\t<\/div>\n\t\t\t\t<\/div>\n\t\t\t\t\t<\/div>\n\t\t<\/div>\n\t\t\t\t\t<\/div>\n\t\t<\/section>\n\t\t\t\t<section class=\"elementor-section elementor-top-section elementor-element elementor-element-70d8752 elementor-section-boxed elementor-section-height-default elementor-section-height-default\" data-id=\"70d8752\" data-element_type=\"section\" data-e-type=\"section\">\n\t\t\t\t\t\t<div class=\"elementor-container elementor-column-gap-no\">\n\t\t\t\t\t<div class=\"elementor-column elementor-col-50 elementor-top-column elementor-element elementor-element-21438b8\" data-id=\"21438b8\" data-element_type=\"column\" data-e-type=\"column\">\n\t\t\t<div class=\"elementor-widget-wrap elementor-element-populated\">\n\t\t\t\t\t\t<div class=\"elementor-element elementor-element-36cb746 elementor-position-left elementor-vertical-align-top elementor-widget elementor-widget-image-box\" data-id=\"36cb746\" data-element_type=\"widget\" data-e-type=\"widget\" data-widget_type=\"image-box.default\">\n\t\t\t\t<div class=\"elementor-widget-container\">\n\t\t\t\t\t<div class=\"elementor-image-box-wrapper\"><figure class=\"elementor-image-box-img\"><a href=\"https:\/\/aspros.cat\/wp-content\/uploads\/2024\/07\/27001-CAST-FUNDACIO-ASPROS.pdf\" tabindex=\"-1\"><img decoding=\"async\" width=\"350\" height=\"500\" src=\"https:\/\/aspros.cat\/wp-content\/uploads\/2022\/06\/ISO-27001.jpg\" class=\"attachment-full size-full wp-image-6108\" alt=\"\" srcset=\"https:\/\/aspros.cat\/wp-content\/uploads\/2022\/06\/ISO-27001.jpg 350w, https:\/\/aspros.cat\/wp-content\/uploads\/2022\/06\/ISO-27001-210x300.jpg 210w\" sizes=\"(max-width: 350px) 100vw, 350px\" \/><\/a><\/figure><div class=\"elementor-image-box-content\"><h3 class=\"elementor-image-box-title\"><a href=\"https:\/\/aspros.cat\/wp-content\/uploads\/2024\/07\/27001-CAST-FUNDACIO-ASPROS.pdf\">ISO 27001 | Sistema de Gesti\u00f3n de Seguridad de la informaci\u00f3n de la organizaci\u00f3n<\/a><\/h3><p class=\"elementor-image-box-description\">Tecnosolucions cuenta con esta certificaci\u00f3n, que acredita los servicios de gesti\u00f3n, digitalizaci\u00f3n y custodia documental, de acuerdo con la Declaraci\u00f3n de Aplicabilidad versi\u00f3n 1.2.<\/p><\/div><\/div>\t\t\t\t<\/div>\n\t\t\t\t<\/div>\n\t\t\t\t\t<\/div>\n\t\t<\/div>\n\t\t\t\t<div class=\"elementor-column elementor-col-50 elementor-top-column elementor-element elementor-element-26ccd30\" data-id=\"26ccd30\" data-element_type=\"column\" data-e-type=\"column\">\n\t\t\t<div class=\"elementor-widget-wrap elementor-element-populated\">\n\t\t\t\t\t\t<div class=\"elementor-element elementor-element-d302dac elementor-position-left elementor-vertical-align-top elementor-widget elementor-widget-image-box\" data-id=\"d302dac\" data-element_type=\"widget\" data-e-type=\"widget\" data-widget_type=\"image-box.default\">\n\t\t\t\t<div class=\"elementor-widget-container\">\n\t\t\t\t\t<div class=\"elementor-image-box-wrapper\"><figure class=\"elementor-image-box-img\"><a href=\"https:\/\/aspros.cat\/wp-content\/uploads\/2025\/05\/15713-CAST-FUNDACIO-ASPROS_signed.pdf\" tabindex=\"-1\"><img loading=\"lazy\" decoding=\"async\" width=\"1500\" height=\"2621\" src=\"https:\/\/aspros.cat\/wp-content\/uploads\/2025\/05\/RGB_EN.png\" class=\"attachment-full size-full wp-image-18207\" alt=\"\" srcset=\"https:\/\/aspros.cat\/wp-content\/uploads\/2025\/05\/RGB_EN.png 1500w, https:\/\/aspros.cat\/wp-content\/uploads\/2025\/05\/RGB_EN-172x300.png 172w, https:\/\/aspros.cat\/wp-content\/uploads\/2025\/05\/RGB_EN-586x1024.png 586w, https:\/\/aspros.cat\/wp-content\/uploads\/2025\/05\/RGB_EN-768x1342.png 768w, https:\/\/aspros.cat\/wp-content\/uploads\/2025\/05\/RGB_EN-879x1536.png 879w, https:\/\/aspros.cat\/wp-content\/uploads\/2025\/05\/RGB_EN-1172x2048.png 1172w\" sizes=\"(max-width: 1500px) 100vw, 1500px\" \/><\/a><\/figure><div class=\"elementor-image-box-content\"><h3 class=\"elementor-image-box-title\"><a href=\"https:\/\/aspros.cat\/wp-content\/uploads\/2025\/05\/15713-CAST-FUNDACIO-ASPROS_signed.pdf\">UNE 15713 | Sistema de Gesti\u00f3n de la Destrucci\u00f3n segura<\/a><\/h3><p class=\"elementor-image-box-description\">Tecnosolucions dispone de esta acreditaci\u00f3n, que certifica que su sistema de gesti\u00f3n de destrucci\u00f3n segura de material confidencial se ajusta a los requisitos de esta norma. <\/p><\/div><\/div>\t\t\t\t<\/div>\n\t\t\t\t<\/div>\n\t\t\t\t\t<\/div>\n\t\t<\/div>\n\t\t\t\t\t<\/div>\n\t\t<\/section>\n\t\t\t\t<section class=\"elementor-section elementor-top-section elementor-element elementor-element-58d5289 elementor-section-boxed elementor-section-height-default elementor-section-height-default\" data-id=\"58d5289\" data-element_type=\"section\" data-e-type=\"section\">\n\t\t\t\t\t\t<div class=\"elementor-container elementor-column-gap-no\">\n\t\t\t\t\t<div class=\"elementor-column elementor-col-50 elementor-top-column elementor-element elementor-element-9e3143a\" data-id=\"9e3143a\" data-element_type=\"column\" data-e-type=\"column\">\n\t\t\t<div class=\"elementor-widget-wrap elementor-element-populated\">\n\t\t\t\t\t\t<div class=\"elementor-element elementor-element-9e5cceb elementor-position-left elementor-vertical-align-top elementor-widget elementor-widget-image-box\" data-id=\"9e5cceb\" data-element_type=\"widget\" data-e-type=\"widget\" data-widget_type=\"image-box.default\">\n\t\t\t\t<div class=\"elementor-widget-container\">\n\t\t\t\t\t<div class=\"elementor-image-box-wrapper\"><figure class=\"elementor-image-box-img\"><a href=\"https:\/\/aspros.cat\/wp-content\/uploads\/2024\/07\/153101-CAST-FUNDACIO-ASPROS.pdf\" tabindex=\"-1\"><img loading=\"lazy\" decoding=\"async\" width=\"772\" height=\"1400\" src=\"https:\/\/aspros.cat\/wp-content\/uploads\/2024\/07\/RGB_EN.png\" class=\"attachment-full size-full wp-image-14636\" alt=\"\" srcset=\"https:\/\/aspros.cat\/wp-content\/uploads\/2024\/07\/RGB_EN.png 772w, https:\/\/aspros.cat\/wp-content\/uploads\/2024\/07\/RGB_EN-165x300.png 165w, https:\/\/aspros.cat\/wp-content\/uploads\/2024\/07\/RGB_EN-565x1024.png 565w, https:\/\/aspros.cat\/wp-content\/uploads\/2024\/07\/RGB_EN-768x1393.png 768w\" sizes=\"(max-width: 772px) 100vw, 772px\" \/><\/a><\/figure><div class=\"elementor-image-box-content\"><h3 class=\"elementor-image-box-title\"><a href=\"https:\/\/aspros.cat\/wp-content\/uploads\/2024\/07\/153101-CAST-FUNDACIO-ASPROS.pdf\"><span style=\"color: var( --e-global-color-secondary );background-color: var(--ast-global-color-5)\">UNE 153101 |  Sistema de Gesti\u00f3n de Lectura F\u00e1cil <\/span><\/a><\/h3><p class=\"elementor-image-box-description\">El equipo de adaptaci\u00f3n y validaci\u00f3n de documentos en lectura f\u00e1cil de la entidad cuenta con este certificado.<\/p><\/div><\/div>\t\t\t\t<\/div>\n\t\t\t\t<\/div>\n\t\t\t\t\t<\/div>\n\t\t<\/div>\n\t\t\t\t<div class=\"elementor-column elementor-col-50 elementor-top-column elementor-element elementor-element-8fdca51\" data-id=\"8fdca51\" data-element_type=\"column\" data-e-type=\"column\">\n\t\t\t<div class=\"elementor-widget-wrap\">\n\t\t\t\t\t\t\t<\/div>\n\t\t<\/div>\n\t\t\t\t\t<\/div>\n\t\t<\/section>\n\t\t\t\t<\/div>\n\t\t","protected":false},"excerpt":{"rendered":"<p>Sostenibilidad e innovaci\u00f3n Certificaciones ISO 9001 | Sistema de Gesti\u00f3n de Calidad La Fundaci\u00f3 Aspros cumple con los est\u00e1ndares internacionales de gesti\u00f3n de calidad, lo que certifica su compromiso con el cumplimiento de los requisitos del cliente, la satisfacci\u00f3n y colaboraci\u00f3n de las partes interesadas y la mejora continua. ISO 14001 | Sistema de Gesti\u00f3n [&hellip;]<\/p>\n","protected":false},"author":1,"featured_media":0,"parent":0,"menu_order":0,"comment_status":"closed","ping_status":"closed","template":"","meta":{"give_campaign_id":0,"site-sidebar-layout":"no-sidebar","site-content-layout":"page-builder","ast-site-content-layout":"default","site-content-style":"default","site-sidebar-style":"default","ast-global-header-display":"","ast-banner-title-visibility":"","ast-main-header-display":"","ast-hfb-above-header-display":"","ast-hfb-below-header-display":"","ast-hfb-mobile-header-display":"","site-post-title":"disabled","ast-breadcrumbs-content":"","ast-featured-img":"disabled","footer-sml-layout":"","ast-disable-related-posts":"","theme-transparent-header-meta":"","adv-header-id-meta":"","stick-header-meta":"","header-above-stick-meta":"","header-main-stick-meta":"","header-below-stick-meta":"","astra-migrate-meta-layouts":"default","ast-page-background-enabled":"default","ast-page-background-meta":{"desktop":{"background-color":"var(--ast-global-color-4)","background-image":"","background-repeat":"repeat","background-position":"center center","background-size":"auto","background-attachment":"scroll","background-type":"","background-media":"","overlay-type":"","overlay-color":"","overlay-opacity":"","overlay-gradient":""},"tablet":{"background-color":"","background-image":"","background-repeat":"repeat","background-position":"center center","background-size":"auto","background-attachment":"scroll","background-type":"","background-media":"","overlay-type":"","overlay-color":"","overlay-opacity":"","overlay-gradient":""},"mobile":{"background-color":"","background-image":"","background-repeat":"repeat","background-position":"center center","background-size":"auto","background-attachment":"scroll","background-type":"","background-media":"","overlay-type":"","overlay-color":"","overlay-opacity":"","overlay-gradient":""}},"ast-content-background-meta":{"desktop":{"background-color":"var(--ast-global-color-5)","background-image":"","background-repeat":"repeat","background-position":"center center","background-size":"auto","background-attachment":"scroll","background-type":"","background-media":"","overlay-type":"","overlay-color":"","overlay-opacity":"","overlay-gradient":""},"tablet":{"background-color":"var(--ast-global-color-5)","background-image":"","background-repeat":"repeat","background-position":"center center","background-size":"auto","background-attachment":"scroll","background-type":"","background-media":"","overlay-type":"","overlay-color":"","overlay-opacity":"","overlay-gradient":""},"mobile":{"background-color":"var(--ast-global-color-5)","background-image":"","background-repeat":"repeat","background-position":"center center","background-size":"auto","background-attachment":"scroll","background-type":"","background-media":"","overlay-type":"","overlay-color":"","overlay-opacity":"","overlay-gradient":""}},"footnotes":""},"class_list":["post-10150","page","type-page","status-publish","hentry"],"yoast_head":"<!-- This site is optimized with the Yoast SEO plugin v27.2 - https:\/\/yoast.com\/product\/yoast-seo-wordpress\/ -->\n<title>Certificaciones - Fundaci\u00f3 Aspros \u2013 Servei Integral per la discapacitat ps\u00edquica<\/title>\n<meta name=\"robots\" content=\"index, follow, max-snippet:-1, max-image-preview:large, max-video-preview:-1\" \/>\n<link rel=\"canonical\" href=\"https:\/\/aspros.cat\/certificacions\/\" \/>\n<meta property=\"og:locale\" content=\"es_ES\" \/>\n<meta property=\"og:type\" content=\"article\" \/>\n<meta property=\"og:title\" content=\"Certificaciones - Fundaci\u00f3 Aspros \u2013 Servei Integral per la discapacitat ps\u00edquica\" \/>\n<meta property=\"og:description\" content=\"Sostenibilidad e innovaci\u00f3n Certificaciones ISO 9001 | Sistema de Gesti\u00f3n de Calidad La Fundaci\u00f3 Aspros cumple con los est\u00e1ndares internacionales de gesti\u00f3n de calidad, lo que certifica su compromiso con el cumplimiento de los requisitos del cliente, la satisfacci\u00f3n y colaboraci\u00f3n de las partes interesadas y la mejora continua. ISO 14001 | Sistema de Gesti\u00f3n [&hellip;]\" \/>\n<meta property=\"og:url\" content=\"https:\/\/aspros.cat\/certificacions\/\" \/>\n<meta property=\"og:site_name\" content=\"Fundaci\u00f3 Aspros \u2013 Servei Integral per la discapacitat ps\u00edquica\" \/>\n<meta property=\"article:modified_time\" content=\"2025-05-28T08:00:55+00:00\" \/>\n<meta property=\"og:image\" content=\"https:\/\/aspros.cat\/wp-content\/uploads\/2025\/05\/CMYK_EN.png\" \/>\n\t<meta property=\"og:image:width\" content=\"1500\" \/>\n\t<meta property=\"og:image:height\" content=\"2621\" \/>\n\t<meta property=\"og:image:type\" content=\"image\/png\" \/>\n<meta name=\"twitter:card\" content=\"summary_large_image\" \/>\n<meta name=\"twitter:label1\" content=\"Tiempo de lectura\" \/>\n\t<meta name=\"twitter:data1\" content=\"2 minutos\" \/>\n<script type=\"application\/ld+json\" class=\"yoast-schema-graph\">{\"@context\":\"https:\/\/schema.org\",\"@graph\":[{\"@type\":\"WebPage\",\"@id\":\"https:\/\/aspros.cat\/certificacions\/\",\"url\":\"https:\/\/aspros.cat\/certificacions\/\",\"name\":\"Certificaciones - Fundaci\u00f3 Aspros \u2013 Servei Integral per la discapacitat ps\u00edquica\",\"isPartOf\":{\"@id\":\"https:\/\/aspros.cat\/#website\"},\"primaryImageOfPage\":{\"@id\":\"https:\/\/aspros.cat\/certificacions\/#primaryimage\"},\"image\":{\"@id\":\"https:\/\/aspros.cat\/certificacions\/#primaryimage\"},\"thumbnailUrl\":\"https:\/\/aspros.cat\/wp-content\/uploads\/2025\/05\/CMYK_EN.png\",\"datePublished\":\"2022-03-14T10:15:18+00:00\",\"dateModified\":\"2025-05-28T08:00:55+00:00\",\"breadcrumb\":{\"@id\":\"https:\/\/aspros.cat\/certificacions\/#breadcrumb\"},\"inLanguage\":\"es\",\"potentialAction\":[{\"@type\":\"ReadAction\",\"target\":[\"https:\/\/aspros.cat\/certificacions\/\"]}]},{\"@type\":\"ImageObject\",\"inLanguage\":\"es\",\"@id\":\"https:\/\/aspros.cat\/certificacions\/#primaryimage\",\"url\":\"https:\/\/aspros.cat\/wp-content\/uploads\/2025\/05\/CMYK_EN.png\",\"contentUrl\":\"https:\/\/aspros.cat\/wp-content\/uploads\/2025\/05\/CMYK_EN.png\"},{\"@type\":\"BreadcrumbList\",\"@id\":\"https:\/\/aspros.cat\/certificacions\/#breadcrumb\",\"itemListElement\":[{\"@type\":\"ListItem\",\"position\":1,\"name\":\"Inici\",\"item\":\"https:\/\/aspros.cat\/\"},{\"@type\":\"ListItem\",\"position\":2,\"name\":\"Certificaciones\"}]},{\"@type\":\"WebSite\",\"@id\":\"https:\/\/aspros.cat\/#website\",\"url\":\"https:\/\/aspros.cat\/\",\"name\":\"Fundaci\u00f3 Aspros \u2013 Servei Integral per la discapacitat ps\u00edquica\",\"description\":\"Otro sitio realizado con WordPress\",\"publisher\":{\"@id\":\"https:\/\/aspros.cat\/#organization\"},\"potentialAction\":[{\"@type\":\"SearchAction\",\"target\":{\"@type\":\"EntryPoint\",\"urlTemplate\":\"https:\/\/aspros.cat\/?s={search_term_string}\"},\"query-input\":{\"@type\":\"PropertyValueSpecification\",\"valueRequired\":true,\"valueName\":\"search_term_string\"}}],\"inLanguage\":\"es\"},{\"@type\":\"Organization\",\"@id\":\"https:\/\/aspros.cat\/#organization\",\"name\":\"Fundaci\u00f3 Aspros \u2013 Servei Integral per la discapacitat ps\u00edquica\",\"url\":\"https:\/\/aspros.cat\/\",\"logo\":{\"@type\":\"ImageObject\",\"inLanguage\":\"es\",\"@id\":\"https:\/\/aspros.cat\/#\/schema\/logo\/image\/\",\"url\":\"https:\/\/aspros.cat\/wp-content\/uploads\/2021\/11\/cropped-ASPROS_positiu.png\",\"contentUrl\":\"https:\/\/aspros.cat\/wp-content\/uploads\/2021\/11\/cropped-ASPROS_positiu.png\",\"width\":1200,\"height\":400,\"caption\":\"Fundaci\u00f3 Aspros \u2013 Servei Integral per la discapacitat ps\u00edquica\"},\"image\":{\"@id\":\"https:\/\/aspros.cat\/#\/schema\/logo\/image\/\"}}]}<\/script>\n<!-- \/ Yoast SEO plugin. -->","yoast_head_json":{"title":"Certificaciones - Fundaci\u00f3 Aspros \u2013 Servei Integral per la discapacitat ps\u00edquica","robots":{"index":"index","follow":"follow","max-snippet":"max-snippet:-1","max-image-preview":"max-image-preview:large","max-video-preview":"max-video-preview:-1"},"canonical":"https:\/\/aspros.cat\/certificacions\/","og_locale":"es_ES","og_type":"article","og_title":"Certificaciones - Fundaci\u00f3 Aspros \u2013 Servei Integral per la discapacitat ps\u00edquica","og_description":"Sostenibilidad e innovaci\u00f3n Certificaciones ISO 9001 | Sistema de Gesti\u00f3n de Calidad La Fundaci\u00f3 Aspros cumple con los est\u00e1ndares internacionales de gesti\u00f3n de calidad, lo que certifica su compromiso con el cumplimiento de los requisitos del cliente, la satisfacci\u00f3n y colaboraci\u00f3n de las partes interesadas y la mejora continua. ISO 14001 | Sistema de Gesti\u00f3n [&hellip;]","og_url":"https:\/\/aspros.cat\/certificacions\/","og_site_name":"Fundaci\u00f3 Aspros \u2013 Servei Integral per la discapacitat ps\u00edquica","article_modified_time":"2025-05-28T08:00:55+00:00","og_image":[{"width":1500,"height":2621,"url":"https:\/\/aspros.cat\/wp-content\/uploads\/2025\/05\/CMYK_EN.png","type":"image\/png"}],"twitter_card":"summary_large_image","twitter_misc":{"Tiempo de lectura":"2 minutos"},"schema":{"@context":"https:\/\/schema.org","@graph":[{"@type":"WebPage","@id":"https:\/\/aspros.cat\/certificacions\/","url":"https:\/\/aspros.cat\/certificacions\/","name":"Certificaciones - Fundaci\u00f3 Aspros \u2013 Servei Integral per la discapacitat ps\u00edquica","isPartOf":{"@id":"https:\/\/aspros.cat\/#website"},"primaryImageOfPage":{"@id":"https:\/\/aspros.cat\/certificacions\/#primaryimage"},"image":{"@id":"https:\/\/aspros.cat\/certificacions\/#primaryimage"},"thumbnailUrl":"https:\/\/aspros.cat\/wp-content\/uploads\/2025\/05\/CMYK_EN.png","datePublished":"2022-03-14T10:15:18+00:00","dateModified":"2025-05-28T08:00:55+00:00","breadcrumb":{"@id":"https:\/\/aspros.cat\/certificacions\/#breadcrumb"},"inLanguage":"es","potentialAction":[{"@type":"ReadAction","target":["https:\/\/aspros.cat\/certificacions\/"]}]},{"@type":"ImageObject","inLanguage":"es","@id":"https:\/\/aspros.cat\/certificacions\/#primaryimage","url":"https:\/\/aspros.cat\/wp-content\/uploads\/2025\/05\/CMYK_EN.png","contentUrl":"https:\/\/aspros.cat\/wp-content\/uploads\/2025\/05\/CMYK_EN.png"},{"@type":"BreadcrumbList","@id":"https:\/\/aspros.cat\/certificacions\/#breadcrumb","itemListElement":[{"@type":"ListItem","position":1,"name":"Inici","item":"https:\/\/aspros.cat\/"},{"@type":"ListItem","position":2,"name":"Certificaciones"}]},{"@type":"WebSite","@id":"https:\/\/aspros.cat\/#website","url":"https:\/\/aspros.cat\/","name":"Fundaci\u00f3 Aspros \u2013 Servei Integral per la discapacitat ps\u00edquica","description":"Otro sitio realizado con WordPress","publisher":{"@id":"https:\/\/aspros.cat\/#organization"},"potentialAction":[{"@type":"SearchAction","target":{"@type":"EntryPoint","urlTemplate":"https:\/\/aspros.cat\/?s={search_term_string}"},"query-input":{"@type":"PropertyValueSpecification","valueRequired":true,"valueName":"search_term_string"}}],"inLanguage":"es"},{"@type":"Organization","@id":"https:\/\/aspros.cat\/#organization","name":"Fundaci\u00f3 Aspros \u2013 Servei Integral per la discapacitat ps\u00edquica","url":"https:\/\/aspros.cat\/","logo":{"@type":"ImageObject","inLanguage":"es","@id":"https:\/\/aspros.cat\/#\/schema\/logo\/image\/","url":"https:\/\/aspros.cat\/wp-content\/uploads\/2021\/11\/cropped-ASPROS_positiu.png","contentUrl":"https:\/\/aspros.cat\/wp-content\/uploads\/2021\/11\/cropped-ASPROS_positiu.png","width":1200,"height":400,"caption":"Fundaci\u00f3 Aspros \u2013 Servei Integral per la discapacitat ps\u00edquica"},"image":{"@id":"https:\/\/aspros.cat\/#\/schema\/logo\/image\/"}}]}},"campaignId":"","_links":{"self":[{"href":"https:\/\/aspros.cat\/es\/wp-json\/wp\/v2\/pages\/10150","targetHints":{"allow":["GET"]}}],"collection":[{"href":"https:\/\/aspros.cat\/es\/wp-json\/wp\/v2\/pages"}],"about":[{"href":"https:\/\/aspros.cat\/es\/wp-json\/wp\/v2\/types\/page"}],"author":[{"embeddable":true,"href":"https:\/\/aspros.cat\/es\/wp-json\/wp\/v2\/users\/1"}],"replies":[{"embeddable":true,"href":"https:\/\/aspros.cat\/es\/wp-json\/wp\/v2\/comments?post=10150"}],"version-history":[{"count":31,"href":"https:\/\/aspros.cat\/es\/wp-json\/wp\/v2\/pages\/10150\/revisions"}],"predecessor-version":[{"id":18406,"href":"https:\/\/aspros.cat\/es\/wp-json\/wp\/v2\/pages\/10150\/revisions\/18406"}],"wp:attachment":[{"href":"https:\/\/aspros.cat\/es\/wp-json\/wp\/v2\/media?parent=10150"}],"curies":[{"name":"wp","href":"https:\/\/api.w.org\/{rel}","templated":true}]}}