{"id":10131,"date":"2022-07-20T11:19:19","date_gmt":"2022-07-20T11:19:19","guid":{"rendered":"https:\/\/aspros.cat\/politica-de-cookies\/"},"modified":"2022-11-11T07:49:47","modified_gmt":"2022-11-11T07:49:47","slug":"politica-de-cookies","status":"publish","type":"page","link":"https:\/\/aspros.cat\/es\/politica-de-cookies\/","title":{"rendered":"Pol\u00edtica de cookies"},"content":{"rendered":"\t\t<div data-elementor-type=\"wp-page\" data-elementor-id=\"10131\" class=\"elementor elementor-10131 elementor-7661\" data-elementor-post-type=\"page\">\n\t\t\t\t\t\t<section class=\"elementor-section elementor-top-section elementor-element elementor-element-62a2692 elementor-section-full_width elementor-section-height-default elementor-section-height-default\" data-id=\"62a2692\" data-element_type=\"section\" data-e-type=\"section\" data-settings=\"{&quot;background_background&quot;:&quot;classic&quot;}\">\n\t\t\t\t\t\t\t<div class=\"elementor-background-overlay\"><\/div>\n\t\t\t\t\t\t\t<div class=\"elementor-container elementor-column-gap-no\">\n\t\t\t\t\t<div class=\"elementor-column elementor-col-100 elementor-top-column elementor-element elementor-element-2837066\" data-id=\"2837066\" data-element_type=\"column\" data-e-type=\"column\">\n\t\t\t<div class=\"elementor-widget-wrap elementor-element-populated\">\n\t\t\t\t\t\t<div class=\"elementor-element elementor-element-891b898 elementor-widget elementor-widget-heading\" data-id=\"891b898\" data-element_type=\"widget\" data-e-type=\"widget\" data-widget_type=\"heading.default\">\n\t\t\t\t<div class=\"elementor-widget-container\">\n\t\t\t\t\t<h1 class=\"elementor-heading-title elementor-size-default\">Pol\u00edtica de cookies<\/h1>\t\t\t\t<\/div>\n\t\t\t\t<\/div>\n\t\t\t\t\t<\/div>\n\t\t<\/div>\n\t\t\t\t\t<\/div>\n\t\t<\/section>\n\t\t\t\t<section class=\"elementor-section elementor-top-section elementor-element elementor-element-82eaab0 elementor-section-boxed elementor-section-height-default elementor-section-height-default\" data-id=\"82eaab0\" data-element_type=\"section\" data-e-type=\"section\">\n\t\t\t\t\t\t<div class=\"elementor-container elementor-column-gap-default\">\n\t\t\t\t\t<div class=\"elementor-column elementor-col-100 elementor-top-column elementor-element elementor-element-2afed59\" data-id=\"2afed59\" data-element_type=\"column\" data-e-type=\"column\">\n\t\t\t<div class=\"elementor-widget-wrap elementor-element-populated\">\n\t\t\t\t\t\t<div class=\"elementor-element elementor-element-8fcc504 elementor-widget elementor-widget-text-editor\" data-id=\"8fcc504\" data-element_type=\"widget\" data-e-type=\"widget\" data-widget_type=\"text-editor.default\">\n\t\t\t\t<div class=\"elementor-widget-container\">\n\t\t\t\t\t\t\t\t\t<p>INFORMACI\u00d3N SOBRE COOKIES<\/p>\n<p>De acuerdo con la Ley 34\/2002, de 11 de julio, de servicios de la sociedad de la informaci\u00f3n y de comercio electr\u00f3nico (LSSI), en relaci\u00f3n con el Reglamento (UE) 2016\/679 del Parlamento Europeo y de Consejo, de 27 de abril de 2016, General de Protecci\u00f3n de Datos (GDPR), y la Ley Org\u00e1nica 3\/2018, de 5 de diciembre, de Protecci\u00f3n de Datos y Garant\u00eda de los Derechos Digitales (LOPDGDD), es obligatorio obtener el consentimiento expreso del usuario de todas las p\u00e1ginas web que utilizan cookies prescindibles antes de que este navegue por ellas.<\/p>\n<p>\u00bfQU\u00c9 SON LAS COOKIES?<\/p>\n<p>Las cookies y otras tecnolog\u00edas similares, como los <em>local shared objects<\/em>, <em>flash cookies<\/em> o p\u00edxeles, son herramientas utilizadas por los servidores web para almacenar y recuperar informaci\u00f3n sobre sus visitantes, as\u00ed como para ofrecer un correcto funcionamiento del sitio. El uso de estos dispositivos permite al servidor web recordar algunos datos referentes al usuario, como sus preferencias para la visualizaci\u00f3n de las p\u00e1ginas de ese servidor, nombre y contrase\u00f1a, productos que m\u00e1s le interesan, etc.<\/p>\n<p>COOKIES AFECTADAS POR LA NORMATIVA Y COOKIES EXCEPTUADAS<\/p>\n<p>Seg\u00fan la directiva de la UE, las cookies que requieren el consentimiento informado por parte del usuario son las cookies anal\u00edticas y las de publicidad y afiliaci\u00f3n, y quedan exceptuadas las de car\u00e1cter t\u00e9cnico y las necesarias para el funcionamiento del sitio web o la prestaci\u00f3n de servicios expresamente solicitados por el usuario.<\/p>\n<p>TIPO DE COOKIES<\/p>\n<p>SEG\u00daN LA FINALIDAD<\/p>\n<p>Cookies t\u00e9cnicas y funcionales: son las que permiten al usuario navegar a trav\u00e9s de una p\u00e1gina web, plataforma o aplicaci\u00f3n y utilizar las distintas opciones o servicios existentes.<\/p>\n<p>Cookies de an\u00e1lisis: son las que permiten al responsable monitorizar y analizar el comportamiento de los usuarios en los sitios web a los que est\u00e1n vinculados. La informaci\u00f3n recogida mediante este tipo de cookies se utiliza en la medici\u00f3n de la actividad de los sitios web, aplicaciones o plataformas, y en la elaboraci\u00f3n de perfiles de navegaci\u00f3n de los usuarios de los sitios web, aplicaciones y plataformas, a fin de introducir mejoras en funci\u00f3n del an\u00e1lisis de los datos de uso que hacen los usuarios.<\/p>\n<p>Cookies publicitarias: son aquellas que permiten gestionar, de la forma m\u00e1s eficaz posible, los espacios publicitarios que, en su caso, el editor haya incluido en una p\u00e1gina web, aplicaci\u00f3n o plataforma desde la que presta el servicio solicitado, seg\u00fan criterios como el contenido editado o la frecuencia en la que se muestran los anuncios.<\/p>\n<p>Cookies de publicidad comportamental: recogen informaci\u00f3n sobre las preferencias y elecciones personales del usuario (<em>retargeting<\/em>) para permitir gestionar, de la forma m\u00e1s eficaz posible, los espacios publicitarios que, en su caso, el editor haya incluido en una p\u00e1gina web, aplicaci\u00f3n o plataforma desde la que presta el servicio solicitado.<\/p>\n<p>Cookies sociales: son aquellas que han sido instaladas por las plataformas de redes sociales en los servicios para permitirle compartir contenido con sus amigos y redes. Las plataformas de medios sociales tienen la capacidad de rastrear su actividad online fuera de los servicios. Ello puede afectar al contenido y mensajes que vea en otros servicios que visite.<\/p>\n<p>Cookies de afiliados: permiten realizar un seguimiento de las visitas procedentes de otras webs con las que el sitio web establece un contrato de afiliaci\u00f3n (empresas de afiliaci\u00f3n).<\/p>\n<p>Cookies de seguridad: almacenan informaci\u00f3n cifrada para evitar que los datos que se guardan sean vulnerables a ataques maliciosos de terceros.<\/p>\n<p>SEG\u00daN LA PROPIEDAD<\/p>\n<p>Cookies propias: son las que se env\u00edan al equipo terminal del usuario desde un equipo o dominio gestionado por el propio editor y desde el que se proporciona el servicio solicitado por el usuario.<\/p>\n<p>Cookies de terceros: son las que se env\u00edan al equipo terminal del usuario desde un equipo o dominio que no es gestionado por el editor, sino por otra entidad que trata los datos obtenidos mediante las cookies.<\/p>\n<p>SEG\u00daN EL PLAZO DE CONSERVACI\u00d3N<\/p>\n<p>Cookies de sesi\u00f3n: son un tipo de cookies dise\u00f1adas para obtener y almacenar datos mientras el usuario accede a una p\u00e1gina web.<\/p>\n<p>Cookies persistentes: son un tipo de cookies en las que los datos siguen almacenados en el terminal, y a las que se puede acceder o que pueden ser tratadas durante un periodo definido por el responsable de la cookie; este periodo que puede durar desde unos minutos hasta varios a\u00f1os.<\/p>\n<p>TRATAMIENTO DE DATOS PERSONALES<\/p>\n<p>FUNDACI\u00d3N PRIVADA ASPROS es el Responsable del tratamiento de los datos personales del Interesado y le informa de que dichos datos se tratar\u00e1n de conformidad con lo establecido en el Reglamento (UE) 2016\/679, de 27 de abril de 2016 (GDPR), por lo que se le facilita la siguiente informaci\u00f3n del tratamiento:<\/p>\n<p>Finalidades del tratamiento: seg\u00fan se especifica en el apartado de cookies que se utilizan en este sitio web.<\/p>\n<p>Legitimaci\u00f3n del tratamiento: salvo en los casos en los que resulte necesario para la navegaci\u00f3n por la web, por consentimiento del interesado (art. 6.1 GDPR). Criterios de conservaci\u00f3n de los datos: seg\u00fan se especifica en el apartado de cookies utilizadas en la web.<\/p>\n<p>Comunicaci\u00f3n de los datos: no se facilitar\u00e1n los datos a terceros, salvo en cookies propiedad de terceros o por obligaci\u00f3n legal.<\/p>\n<p>Derechos que tiene el Interesado:<\/p>\n<p>&#8211; Derecho a retirar el consentimiento en cualquier momento. Derecho de acceso, rectificaci\u00f3n, portabilidad y supresi\u00f3n de sus datos y de limitaci\u00f3n u oposici\u00f3n a su tratamiento.<\/p>\n<p>&#8211; Derecho a presentar reclamaci\u00f3n ante la Autoridad de control (www.aepd.es) si considera que el tratamiento no se ajusta a la normativa vigente. Datos de contacto para ejercer sus derechos:<\/p>\n<p>FUNDACI\u00d3N PRIVADA ASPROS. Avda. Joana Raspall, 30 &#8211; 25901 Lleida (Lleida). Direcci\u00f3n electr\u00f3nica: dpd@aspros.cat<\/p>\n<p>Datos de contacto del delegado de protecci\u00f3n de datos: Avda. Alcalde Areny, n.\u00ba 30, 25002 (Lleida).<\/p>\n<p>COOKIES UTILIZADAS EN ESTE SITIO WEB<\/p>\n<p>COOKIES CONTROLADAS POR EL EDITOR<\/p>\n\t\t\t\t\t\t\t\t<\/div>\n\t\t\t\t<\/div>\n\t\t\t\t<div class=\"elementor-element elementor-element-51bc24f elementor-widget elementor-widget-image\" data-id=\"51bc24f\" data-element_type=\"widget\" data-e-type=\"widget\" data-widget_type=\"image.default\">\n\t\t\t\t<div class=\"elementor-widget-container\">\n\t\t\t\t\t\t\t\t\t\t\t\t\t\t\t<img fetchpriority=\"high\" decoding=\"async\" width=\"645\" height=\"670\" src=\"https:\/\/aspros.cat\/wp-content\/uploads\/2022\/07\/Captura-de-pantalla-2022-07-20-a-las-13.15.53.png\" class=\"attachment-large size-large wp-image-7668\" alt=\"\" srcset=\"https:\/\/aspros.cat\/wp-content\/uploads\/2022\/07\/Captura-de-pantalla-2022-07-20-a-las-13.15.53.png 645w, https:\/\/aspros.cat\/wp-content\/uploads\/2022\/07\/Captura-de-pantalla-2022-07-20-a-las-13.15.53-289x300.png 289w\" sizes=\"(max-width: 645px) 100vw, 645px\" \/>\t\t\t\t\t\t\t\t\t\t\t\t\t\t\t<\/div>\n\t\t\t\t<\/div>\n\t\t\t\t<div class=\"elementor-element elementor-element-f7407e1 elementor-widget elementor-widget-image\" data-id=\"f7407e1\" data-element_type=\"widget\" data-e-type=\"widget\" data-widget_type=\"image.default\">\n\t\t\t\t<div class=\"elementor-widget-container\">\n\t\t\t\t\t\t\t\t\t\t\t\t\t\t\t<img decoding=\"async\" width=\"644\" height=\"799\" src=\"https:\/\/aspros.cat\/wp-content\/uploads\/2022\/07\/Captura-de-pantalla-2022-07-20-a-las-13.16.03.png\" class=\"attachment-large size-large wp-image-7666\" alt=\"\" srcset=\"https:\/\/aspros.cat\/wp-content\/uploads\/2022\/07\/Captura-de-pantalla-2022-07-20-a-las-13.16.03.png 644w, https:\/\/aspros.cat\/wp-content\/uploads\/2022\/07\/Captura-de-pantalla-2022-07-20-a-las-13.16.03-242x300.png 242w\" sizes=\"(max-width: 644px) 100vw, 644px\" \/>\t\t\t\t\t\t\t\t\t\t\t\t\t\t\t<\/div>\n\t\t\t\t<\/div>\n\t\t\t\t<div class=\"elementor-element elementor-element-a5be3a8 elementor-widget elementor-widget-image\" data-id=\"a5be3a8\" data-element_type=\"widget\" data-e-type=\"widget\" data-widget_type=\"image.default\">\n\t\t\t\t<div class=\"elementor-widget-container\">\n\t\t\t\t\t\t\t\t\t\t\t\t\t\t\t<img decoding=\"async\" width=\"639\" height=\"257\" src=\"https:\/\/aspros.cat\/wp-content\/uploads\/2022\/07\/Captura-de-pantalla-2022-07-20-a-las-13.16.11.png\" class=\"attachment-large size-large wp-image-7664\" alt=\"\" srcset=\"https:\/\/aspros.cat\/wp-content\/uploads\/2022\/07\/Captura-de-pantalla-2022-07-20-a-las-13.16.11.png 639w, https:\/\/aspros.cat\/wp-content\/uploads\/2022\/07\/Captura-de-pantalla-2022-07-20-a-las-13.16.11-300x121.png 300w\" sizes=\"(max-width: 639px) 100vw, 639px\" \/>\t\t\t\t\t\t\t\t\t\t\t\t\t\t\t<\/div>\n\t\t\t\t<\/div>\n\t\t\t\t<div class=\"elementor-element elementor-element-7acbb56 elementor-widget elementor-widget-text-editor\" data-id=\"7acbb56\" data-element_type=\"widget\" data-e-type=\"widget\" data-widget_type=\"text-editor.default\">\n\t\t\t\t<div class=\"elementor-widget-container\">\n\t\t\t\t\t\t\t\t\t<p>COOKIES DE TERCEROS<\/p>\n<p>Los servicios de terceros son ajenos al control del editor. Los proveedores pueden modificar en cualquier momento sus condiciones de servicio, finalidad y uso de cookies, etc. Proveedores externos de este sitio web: Google Analytics Google Google Editor Pol\u00edtica de privacidad Google Analytics https:\/\/privacy.google.com\/take-control.html Google https:\/\/privacy.google.com\/take-control.html Google https:\/\/safety.google\/privacy\/privacy-controls\/<\/p>\n<p>PANEL DE CONFIGURACI\u00d3N DE COOKIES<\/p>\n<p>Desde este panel puede configurar las cookies que el sitio web puede instalar en su navegador, excepto las cookies t\u00e9cnicas o funcionales necesarias para la navegaci\u00f3n y la utilizaci\u00f3n de las diferentes opciones o servicios que se ofrecen.<\/p>\n<p>Panel de cookies<\/p>\n<p>C\u00d3MO GESTIONAR LAS COOKIES DESDE EL NAVEGADOR<\/p>\n<p>Eliminar las cookies del dispositivo. Las cookies que ya se encuentran en un dispositivo se pueden eliminar borrando el historial del navegador, con lo que se suprimen las cookies de todos los sitios web visitados. Sin embargo, tambi\u00e9n puede perderse parte de la informaci\u00f3n guardada (por ejemplo, los datos de inicio de sesi\u00f3n o las preferencias de sitio web). Gestionar las cookies espec\u00edficas del sitio. Para tener un control m\u00e1s preciso de las cookies espec\u00edficas de cada sitio, los usuarios pueden ajustar su configuraci\u00f3n de privacidad y cookies en el navegador. Bloquear las cookies. Aunque la mayor\u00eda de los navegadores modernos se pueden configurar para evitar que se instalen cookies en los dispositivos, ello puede obligar a ajustar manualmente determinadas preferencias cada vez que se visite un sitio o p\u00e1gina. Algunos servicios y caracter\u00edsticas pueden no funcionar correctamente (por ejemplo, los inicios de sesi\u00f3n con perfil).<\/p>\n<p>C\u00d3MO ELIMINAR LAS COOKIES DE LOS NAVEGADORES M\u00c1S COMUNES<\/p>\n\t\t\t\t\t\t\t\t<\/div>\n\t\t\t\t<\/div>\n\t\t\t\t\t<\/div>\n\t\t<\/div>\n\t\t\t\t\t<\/div>\n\t\t<\/section>\n\t\t\t\t<\/div>\n\t\t","protected":false},"excerpt":{"rendered":"<p>INFORMACI\u00d3N SOBRE COOKIES De acuerdo con la Ley 34\/2002, de 11 de julio, de servicios de la sociedad de la informaci\u00f3n y de comercio electr\u00f3nico (LSSI), en relaci\u00f3n con el Reglamento (UE) 2016\/679 del Parlamento Europeo y de Consejo, de 27 de abril de 2016, General de Protecci\u00f3n de Datos (GDPR), y la Ley Org\u00e1nica [&hellip;]<\/p>\n","protected":false},"author":1,"featured_media":0,"parent":0,"menu_order":0,"comment_status":"closed","ping_status":"closed","template":"","meta":{"give_campaign_id":0,"site-sidebar-layout":"no-sidebar","site-content-layout":"page-builder","ast-site-content-layout":"default","site-content-style":"default","site-sidebar-style":"default","ast-global-header-display":"","ast-banner-title-visibility":"","ast-main-header-display":"","ast-hfb-above-header-display":"","ast-hfb-below-header-display":"","ast-hfb-mobile-header-display":"","site-post-title":"disabled","ast-breadcrumbs-content":"","ast-featured-img":"disabled","footer-sml-layout":"","ast-disable-related-posts":"","theme-transparent-header-meta":"","adv-header-id-meta":"","stick-header-meta":"","header-above-stick-meta":"","header-main-stick-meta":"","header-below-stick-meta":"","astra-migrate-meta-layouts":"default","ast-page-background-enabled":"default","ast-page-background-meta":{"desktop":{"background-color":"var(--ast-global-color-4)","background-image":"","background-repeat":"repeat","background-position":"center center","background-size":"auto","background-attachment":"scroll","background-type":"","background-media":"","overlay-type":"","overlay-color":"","overlay-opacity":"","overlay-gradient":""},"tablet":{"background-color":"","background-image":"","background-repeat":"repeat","background-position":"center center","background-size":"auto","background-attachment":"scroll","background-type":"","background-media":"","overlay-type":"","overlay-color":"","overlay-opacity":"","overlay-gradient":""},"mobile":{"background-color":"","background-image":"","background-repeat":"repeat","background-position":"center center","background-size":"auto","background-attachment":"scroll","background-type":"","background-media":"","overlay-type":"","overlay-color":"","overlay-opacity":"","overlay-gradient":""}},"ast-content-background-meta":{"desktop":{"background-color":"var(--ast-global-color-5)","background-image":"","background-repeat":"repeat","background-position":"center center","background-size":"auto","background-attachment":"scroll","background-type":"","background-media":"","overlay-type":"","overlay-color":"","overlay-opacity":"","overlay-gradient":""},"tablet":{"background-color":"var(--ast-global-color-5)","background-image":"","background-repeat":"repeat","background-position":"center center","background-size":"auto","background-attachment":"scroll","background-type":"","background-media":"","overlay-type":"","overlay-color":"","overlay-opacity":"","overlay-gradient":""},"mobile":{"background-color":"var(--ast-global-color-5)","background-image":"","background-repeat":"repeat","background-position":"center center","background-size":"auto","background-attachment":"scroll","background-type":"","background-media":"","overlay-type":"","overlay-color":"","overlay-opacity":"","overlay-gradient":""}},"footnotes":""},"class_list":["post-10131","page","type-page","status-publish","hentry"],"yoast_head":"<!-- This site is optimized with the Yoast SEO plugin v27.2 - https:\/\/yoast.com\/product\/yoast-seo-wordpress\/ -->\n<title>Pol\u00edtica de cookies - Fundaci\u00f3 Aspros \u2013 Servei Integral per la discapacitat ps\u00edquica<\/title>\n<meta name=\"robots\" content=\"index, follow, max-snippet:-1, max-image-preview:large, max-video-preview:-1\" \/>\n<link rel=\"canonical\" href=\"https:\/\/aspros.cat\/politica-de-cookies\/\" \/>\n<meta property=\"og:locale\" content=\"es_ES\" \/>\n<meta property=\"og:type\" content=\"article\" \/>\n<meta property=\"og:title\" content=\"Pol\u00edtica de cookies - Fundaci\u00f3 Aspros \u2013 Servei Integral per la discapacitat ps\u00edquica\" \/>\n<meta property=\"og:description\" content=\"INFORMACI\u00d3N SOBRE COOKIES De acuerdo con la Ley 34\/2002, de 11 de julio, de servicios de la sociedad de la informaci\u00f3n y de comercio electr\u00f3nico (LSSI), en relaci\u00f3n con el Reglamento (UE) 2016\/679 del Parlamento Europeo y de Consejo, de 27 de abril de 2016, General de Protecci\u00f3n de Datos (GDPR), y la Ley Org\u00e1nica [&hellip;]\" \/>\n<meta property=\"og:url\" content=\"https:\/\/aspros.cat\/politica-de-cookies\/\" \/>\n<meta property=\"og:site_name\" content=\"Fundaci\u00f3 Aspros \u2013 Servei Integral per la discapacitat ps\u00edquica\" \/>\n<meta property=\"article:modified_time\" content=\"2022-11-11T07:49:47+00:00\" \/>\n<meta property=\"og:image\" content=\"https:\/\/aspros.cat\/wp-content\/uploads\/2022\/07\/Captura-de-pantalla-2022-07-20-a-las-13.15.53.png\" \/>\n<meta name=\"twitter:card\" content=\"summary_large_image\" \/>\n<meta name=\"twitter:label1\" content=\"Tiempo de lectura\" \/>\n\t<meta name=\"twitter:data1\" content=\"7 minutos\" \/>\n<script type=\"application\/ld+json\" class=\"yoast-schema-graph\">{\"@context\":\"https:\/\/schema.org\",\"@graph\":[{\"@type\":\"WebPage\",\"@id\":\"https:\/\/aspros.cat\/politica-de-cookies\/\",\"url\":\"https:\/\/aspros.cat\/politica-de-cookies\/\",\"name\":\"Pol\u00edtica de cookies - Fundaci\u00f3 Aspros \u2013 Servei Integral per la discapacitat ps\u00edquica\",\"isPartOf\":{\"@id\":\"https:\/\/aspros.cat\/#website\"},\"primaryImageOfPage\":{\"@id\":\"https:\/\/aspros.cat\/politica-de-cookies\/#primaryimage\"},\"image\":{\"@id\":\"https:\/\/aspros.cat\/politica-de-cookies\/#primaryimage\"},\"thumbnailUrl\":\"https:\/\/aspros.cat\/wp-content\/uploads\/2022\/07\/Captura-de-pantalla-2022-07-20-a-las-13.15.53.png\",\"datePublished\":\"2022-07-20T11:19:19+00:00\",\"dateModified\":\"2022-11-11T07:49:47+00:00\",\"breadcrumb\":{\"@id\":\"https:\/\/aspros.cat\/politica-de-cookies\/#breadcrumb\"},\"inLanguage\":\"es\",\"potentialAction\":[{\"@type\":\"ReadAction\",\"target\":[\"https:\/\/aspros.cat\/politica-de-cookies\/\"]}]},{\"@type\":\"ImageObject\",\"inLanguage\":\"es\",\"@id\":\"https:\/\/aspros.cat\/politica-de-cookies\/#primaryimage\",\"url\":\"https:\/\/aspros.cat\/wp-content\/uploads\/2022\/07\/Captura-de-pantalla-2022-07-20-a-las-13.15.53.png\",\"contentUrl\":\"https:\/\/aspros.cat\/wp-content\/uploads\/2022\/07\/Captura-de-pantalla-2022-07-20-a-las-13.15.53.png\"},{\"@type\":\"BreadcrumbList\",\"@id\":\"https:\/\/aspros.cat\/politica-de-cookies\/#breadcrumb\",\"itemListElement\":[{\"@type\":\"ListItem\",\"position\":1,\"name\":\"Inici\",\"item\":\"https:\/\/aspros.cat\/\"},{\"@type\":\"ListItem\",\"position\":2,\"name\":\"Pol\u00edtica de cookies\"}]},{\"@type\":\"WebSite\",\"@id\":\"https:\/\/aspros.cat\/#website\",\"url\":\"https:\/\/aspros.cat\/\",\"name\":\"Fundaci\u00f3 Aspros \u2013 Servei Integral per la discapacitat ps\u00edquica\",\"description\":\"Otro sitio realizado con WordPress\",\"publisher\":{\"@id\":\"https:\/\/aspros.cat\/#organization\"},\"potentialAction\":[{\"@type\":\"SearchAction\",\"target\":{\"@type\":\"EntryPoint\",\"urlTemplate\":\"https:\/\/aspros.cat\/?s={search_term_string}\"},\"query-input\":{\"@type\":\"PropertyValueSpecification\",\"valueRequired\":true,\"valueName\":\"search_term_string\"}}],\"inLanguage\":\"es\"},{\"@type\":\"Organization\",\"@id\":\"https:\/\/aspros.cat\/#organization\",\"name\":\"Fundaci\u00f3 Aspros \u2013 Servei Integral per la discapacitat ps\u00edquica\",\"url\":\"https:\/\/aspros.cat\/\",\"logo\":{\"@type\":\"ImageObject\",\"inLanguage\":\"es\",\"@id\":\"https:\/\/aspros.cat\/#\/schema\/logo\/image\/\",\"url\":\"https:\/\/aspros.cat\/wp-content\/uploads\/2021\/11\/cropped-ASPROS_positiu.png\",\"contentUrl\":\"https:\/\/aspros.cat\/wp-content\/uploads\/2021\/11\/cropped-ASPROS_positiu.png\",\"width\":1200,\"height\":400,\"caption\":\"Fundaci\u00f3 Aspros \u2013 Servei Integral per la discapacitat ps\u00edquica\"},\"image\":{\"@id\":\"https:\/\/aspros.cat\/#\/schema\/logo\/image\/\"}}]}<\/script>\n<!-- \/ Yoast SEO plugin. -->","yoast_head_json":{"title":"Pol\u00edtica de cookies - Fundaci\u00f3 Aspros \u2013 Servei Integral per la discapacitat ps\u00edquica","robots":{"index":"index","follow":"follow","max-snippet":"max-snippet:-1","max-image-preview":"max-image-preview:large","max-video-preview":"max-video-preview:-1"},"canonical":"https:\/\/aspros.cat\/politica-de-cookies\/","og_locale":"es_ES","og_type":"article","og_title":"Pol\u00edtica de cookies - Fundaci\u00f3 Aspros \u2013 Servei Integral per la discapacitat ps\u00edquica","og_description":"INFORMACI\u00d3N SOBRE COOKIES De acuerdo con la Ley 34\/2002, de 11 de julio, de servicios de la sociedad de la informaci\u00f3n y de comercio electr\u00f3nico (LSSI), en relaci\u00f3n con el Reglamento (UE) 2016\/679 del Parlamento Europeo y de Consejo, de 27 de abril de 2016, General de Protecci\u00f3n de Datos (GDPR), y la Ley Org\u00e1nica [&hellip;]","og_url":"https:\/\/aspros.cat\/politica-de-cookies\/","og_site_name":"Fundaci\u00f3 Aspros \u2013 Servei Integral per la discapacitat ps\u00edquica","article_modified_time":"2022-11-11T07:49:47+00:00","og_image":[{"url":"https:\/\/aspros.cat\/wp-content\/uploads\/2022\/07\/Captura-de-pantalla-2022-07-20-a-las-13.15.53.png","type":"","width":"","height":""}],"twitter_card":"summary_large_image","twitter_misc":{"Tiempo de lectura":"7 minutos"},"schema":{"@context":"https:\/\/schema.org","@graph":[{"@type":"WebPage","@id":"https:\/\/aspros.cat\/politica-de-cookies\/","url":"https:\/\/aspros.cat\/politica-de-cookies\/","name":"Pol\u00edtica de cookies - Fundaci\u00f3 Aspros \u2013 Servei Integral per la discapacitat ps\u00edquica","isPartOf":{"@id":"https:\/\/aspros.cat\/#website"},"primaryImageOfPage":{"@id":"https:\/\/aspros.cat\/politica-de-cookies\/#primaryimage"},"image":{"@id":"https:\/\/aspros.cat\/politica-de-cookies\/#primaryimage"},"thumbnailUrl":"https:\/\/aspros.cat\/wp-content\/uploads\/2022\/07\/Captura-de-pantalla-2022-07-20-a-las-13.15.53.png","datePublished":"2022-07-20T11:19:19+00:00","dateModified":"2022-11-11T07:49:47+00:00","breadcrumb":{"@id":"https:\/\/aspros.cat\/politica-de-cookies\/#breadcrumb"},"inLanguage":"es","potentialAction":[{"@type":"ReadAction","target":["https:\/\/aspros.cat\/politica-de-cookies\/"]}]},{"@type":"ImageObject","inLanguage":"es","@id":"https:\/\/aspros.cat\/politica-de-cookies\/#primaryimage","url":"https:\/\/aspros.cat\/wp-content\/uploads\/2022\/07\/Captura-de-pantalla-2022-07-20-a-las-13.15.53.png","contentUrl":"https:\/\/aspros.cat\/wp-content\/uploads\/2022\/07\/Captura-de-pantalla-2022-07-20-a-las-13.15.53.png"},{"@type":"BreadcrumbList","@id":"https:\/\/aspros.cat\/politica-de-cookies\/#breadcrumb","itemListElement":[{"@type":"ListItem","position":1,"name":"Inici","item":"https:\/\/aspros.cat\/"},{"@type":"ListItem","position":2,"name":"Pol\u00edtica de cookies"}]},{"@type":"WebSite","@id":"https:\/\/aspros.cat\/#website","url":"https:\/\/aspros.cat\/","name":"Fundaci\u00f3 Aspros \u2013 Servei Integral per la discapacitat ps\u00edquica","description":"Otro sitio realizado con WordPress","publisher":{"@id":"https:\/\/aspros.cat\/#organization"},"potentialAction":[{"@type":"SearchAction","target":{"@type":"EntryPoint","urlTemplate":"https:\/\/aspros.cat\/?s={search_term_string}"},"query-input":{"@type":"PropertyValueSpecification","valueRequired":true,"valueName":"search_term_string"}}],"inLanguage":"es"},{"@type":"Organization","@id":"https:\/\/aspros.cat\/#organization","name":"Fundaci\u00f3 Aspros \u2013 Servei Integral per la discapacitat ps\u00edquica","url":"https:\/\/aspros.cat\/","logo":{"@type":"ImageObject","inLanguage":"es","@id":"https:\/\/aspros.cat\/#\/schema\/logo\/image\/","url":"https:\/\/aspros.cat\/wp-content\/uploads\/2021\/11\/cropped-ASPROS_positiu.png","contentUrl":"https:\/\/aspros.cat\/wp-content\/uploads\/2021\/11\/cropped-ASPROS_positiu.png","width":1200,"height":400,"caption":"Fundaci\u00f3 Aspros \u2013 Servei Integral per la discapacitat ps\u00edquica"},"image":{"@id":"https:\/\/aspros.cat\/#\/schema\/logo\/image\/"}}]}},"campaignId":"","_links":{"self":[{"href":"https:\/\/aspros.cat\/es\/wp-json\/wp\/v2\/pages\/10131","targetHints":{"allow":["GET"]}}],"collection":[{"href":"https:\/\/aspros.cat\/es\/wp-json\/wp\/v2\/pages"}],"about":[{"href":"https:\/\/aspros.cat\/es\/wp-json\/wp\/v2\/types\/page"}],"author":[{"embeddable":true,"href":"https:\/\/aspros.cat\/es\/wp-json\/wp\/v2\/users\/1"}],"replies":[{"embeddable":true,"href":"https:\/\/aspros.cat\/es\/wp-json\/wp\/v2\/comments?post=10131"}],"version-history":[{"count":1,"href":"https:\/\/aspros.cat\/es\/wp-json\/wp\/v2\/pages\/10131\/revisions"}],"predecessor-version":[{"id":10132,"href":"https:\/\/aspros.cat\/es\/wp-json\/wp\/v2\/pages\/10131\/revisions\/10132"}],"wp:attachment":[{"href":"https:\/\/aspros.cat\/es\/wp-json\/wp\/v2\/media?parent=10131"}],"curies":[{"name":"wp","href":"https:\/\/api.w.org\/{rel}","templated":true}]}}