{"id":10110,"date":"2022-06-15T07:44:47","date_gmt":"2022-06-15T07:44:47","guid":{"rendered":"https:\/\/aspros.cat\/tratamiento-de-datos\/"},"modified":"2022-11-10T13:00:27","modified_gmt":"2022-11-10T13:00:27","slug":"tratamiento-de-datos","status":"publish","type":"page","link":"https:\/\/aspros.cat\/es\/tratamiento-de-datos\/","title":{"rendered":"Tratamiento de datos"},"content":{"rendered":"\t\t<div data-elementor-type=\"wp-page\" data-elementor-id=\"10110\" class=\"elementor elementor-10110 elementor-6941\" data-elementor-post-type=\"page\">\n\t\t\t\t\t\t<section class=\"elementor-section elementor-top-section elementor-element elementor-element-dea2ab7 elementor-section-full_width elementor-section-height-default elementor-section-height-default\" data-id=\"dea2ab7\" data-element_type=\"section\" data-e-type=\"section\" data-settings=\"{&quot;background_background&quot;:&quot;classic&quot;}\">\n\t\t\t\t\t\t\t<div class=\"elementor-background-overlay\"><\/div>\n\t\t\t\t\t\t\t<div class=\"elementor-container elementor-column-gap-no\">\n\t\t\t\t\t<div class=\"elementor-column elementor-col-100 elementor-top-column elementor-element elementor-element-5683c2b\" data-id=\"5683c2b\" data-element_type=\"column\" data-e-type=\"column\">\n\t\t\t<div class=\"elementor-widget-wrap elementor-element-populated\">\n\t\t\t\t\t\t<div class=\"elementor-element elementor-element-b0bd9a7 elementor-widget elementor-widget-heading\" data-id=\"b0bd9a7\" data-element_type=\"widget\" data-e-type=\"widget\" data-widget_type=\"heading.default\">\n\t\t\t\t<div class=\"elementor-widget-container\">\n\t\t\t\t\t<h1 class=\"elementor-heading-title elementor-size-default\">Pol\u00edtica de tratamiento de datos<\/h1>\t\t\t\t<\/div>\n\t\t\t\t<\/div>\n\t\t\t\t\t<\/div>\n\t\t<\/div>\n\t\t\t\t\t<\/div>\n\t\t<\/section>\n\t\t\t\t<section class=\"elementor-section elementor-top-section elementor-element elementor-element-5527ffa elementor-section-boxed elementor-section-height-default elementor-section-height-default\" data-id=\"5527ffa\" data-element_type=\"section\" data-e-type=\"section\">\n\t\t\t\t\t\t<div class=\"elementor-container elementor-column-gap-default\">\n\t\t\t\t\t<div class=\"elementor-column elementor-col-100 elementor-top-column elementor-element elementor-element-b1fb3da\" data-id=\"b1fb3da\" data-element_type=\"column\" data-e-type=\"column\">\n\t\t\t<div class=\"elementor-widget-wrap elementor-element-populated\">\n\t\t\t\t\t\t<div class=\"elementor-element elementor-element-8d2d92d elementor-widget elementor-widget-text-editor\" data-id=\"8d2d92d\" data-element_type=\"widget\" data-e-type=\"widget\" data-widget_type=\"text-editor.default\">\n\t\t\t\t<div class=\"elementor-widget-container\">\n\t\t\t\t\t\t\t\t\t<p><strong>INFORMACI\u00d3N PARA EL TRATAMIENTO DE DATOS PERSONALES EN RELACI\u00d3N CON LOS CANDIDATOS A EMPLEADO<\/strong><\/p>\n<p>&nbsp;<\/p>\n<p><strong>FUNDACI\u00d3N PRIVADA ASPROS<\/strong> es la responsable del tratamiento de los datos personales del interesado y le informa de que dichos datos se tratar\u00e1n de conformidad con lo establecido por el Reglamento (UE) 2016\/679, de 27 de abril (GDPR), y la Ley Org\u00e1nica 3\/2018, de 5 de diciembre (LOPDGDD). A continuaci\u00f3n se le facilita la informaci\u00f3n sobre el tratamiento:<\/p>\n<p>&nbsp;<\/p>\n<p><strong>Finalidad del tratamiento<\/strong>: hacer part\u00edcipe al interesado de los procesos de selecci\u00f3n de personal, efectuando un an\u00e1lisis del perfil del solicitante, con el objetivo de seleccionar al mejor candidato para el puesto vacante del responsable.<\/p>\n<p>&nbsp;<\/p>\n<p><strong>Legitimaci\u00f3n del tratamiento<\/strong>: consentimiento inequ\u00edvoco mediante una clara acci\u00f3n del interesado (GDPR, art. 6.1.a).<\/p>\n<p>&nbsp;<\/p>\n<p><strong>Criterios de conservaci\u00f3n de los datos<\/strong>: se conservar\u00e1n durante un plazo m\u00e1ximo de un a\u00f1o, una vez transcurrido el cual se proceder\u00e1 a la supresi\u00f3n de los datos, garantizando un total respeto por su confidencialidad, tanto en el tratamiento como en la destrucci\u00f3n posterior. En este sentido, una vez transcurrido el plazo, y si desea continuar participando en los procesos de selecci\u00f3n del responsable, le rogamos que nos vuelva a enviar su curr\u00edculo.<\/p>\n<p>&nbsp;<\/p>\n<p><strong>Actualizaci\u00f3n de los datos:<\/strong> en caso de que se produzca alg\u00fan cambio en sus datos, le rogamos que nos lo comunique por escrito lo antes posible con vistas a mantener sus datos debidamente actualizados.<\/p>\n<p>&nbsp;<\/p>\n<p><strong>Comunicaci\u00f3n de los datos:<\/strong> Puede que sus datos se cedan a la FUNDACI\u00d3N TUTELAR ALOSA o que sean cedidos por obligaci\u00f3n legal. Derechos que tiene el interesado:<\/p>\n<p>&nbsp;<\/p>\n<p><strong>Derecho a retirar su consentimiento en cualquier momento.<\/strong><\/p>\n<p>&#8211; Derecho de acceso a sus datos, as\u00ed como de rectificaci\u00f3n, portabilidad y supresi\u00f3n de los mismos, y de limitaci\u00f3n u oposici\u00f3n a su tratamiento.<\/p>\n<p>&#8211; Derecho a presentar una reclamaci\u00f3n ante la autoridad de control (<a href=\"http:\/\/www.aepd.es\/\">www.aepd.es<\/a>) si considera que el tratamiento no se ajusta a la normativa vigente<\/p>\n<p>&nbsp;<\/p>\n<p>Datos de contacto para ejercer sus derechos: FUNDACI\u00d3N PRIVADA ASPROS. Avda. Alcalde Areny, 30 &#8211; 25002 Lleida (Lleida). Direcci\u00f3n electr\u00f3nica: <a href=\"mailto:dpd@aspros.cat\">dpd@aspros.cat<\/a><\/p>\n\t\t\t\t\t\t\t\t<\/div>\n\t\t\t\t<\/div>\n\t\t\t\t\t<\/div>\n\t\t<\/div>\n\t\t\t\t\t<\/div>\n\t\t<\/section>\n\t\t\t\t<\/div>\n\t\t","protected":false},"excerpt":{"rendered":"<p>Pol\u00edtica de tratamiento de datos INFORMACI\u00d3N PARA EL TRATAMIENTO DE DATOS PERSONALES EN RELACI\u00d3N CON LOS CANDIDATOS A EMPLEADO &nbsp; FUNDACI\u00d3N PRIVADA ASPROS es la responsable del tratamiento de los datos personales del interesado y le informa de que dichos datos se tratar\u00e1n de conformidad con lo establecido por el Reglamento (UE) 2016\/679, de 27 [&hellip;]<\/p>\n","protected":false},"author":1,"featured_media":0,"parent":0,"menu_order":0,"comment_status":"closed","ping_status":"closed","template":"","meta":{"give_campaign_id":0,"site-sidebar-layout":"no-sidebar","site-content-layout":"page-builder","ast-site-content-layout":"default","site-content-style":"default","site-sidebar-style":"default","ast-global-header-display":"","ast-banner-title-visibility":"","ast-main-header-display":"","ast-hfb-above-header-display":"","ast-hfb-below-header-display":"","ast-hfb-mobile-header-display":"","site-post-title":"disabled","ast-breadcrumbs-content":"","ast-featured-img":"disabled","footer-sml-layout":"","ast-disable-related-posts":"","theme-transparent-header-meta":"","adv-header-id-meta":"","stick-header-meta":"","header-above-stick-meta":"","header-main-stick-meta":"","header-below-stick-meta":"","astra-migrate-meta-layouts":"default","ast-page-background-enabled":"default","ast-page-background-meta":{"desktop":{"background-color":"var(--ast-global-color-4)","background-image":"","background-repeat":"repeat","background-position":"center center","background-size":"auto","background-attachment":"scroll","background-type":"","background-media":"","overlay-type":"","overlay-color":"","overlay-opacity":"","overlay-gradient":""},"tablet":{"background-color":"","background-image":"","background-repeat":"repeat","background-position":"center center","background-size":"auto","background-attachment":"scroll","background-type":"","background-media":"","overlay-type":"","overlay-color":"","overlay-opacity":"","overlay-gradient":""},"mobile":{"background-color":"","background-image":"","background-repeat":"repeat","background-position":"center center","background-size":"auto","background-attachment":"scroll","background-type":"","background-media":"","overlay-type":"","overlay-color":"","overlay-opacity":"","overlay-gradient":""}},"ast-content-background-meta":{"desktop":{"background-color":"var(--ast-global-color-5)","background-image":"","background-repeat":"repeat","background-position":"center center","background-size":"auto","background-attachment":"scroll","background-type":"","background-media":"","overlay-type":"","overlay-color":"","overlay-opacity":"","overlay-gradient":""},"tablet":{"background-color":"var(--ast-global-color-5)","background-image":"","background-repeat":"repeat","background-position":"center center","background-size":"auto","background-attachment":"scroll","background-type":"","background-media":"","overlay-type":"","overlay-color":"","overlay-opacity":"","overlay-gradient":""},"mobile":{"background-color":"var(--ast-global-color-5)","background-image":"","background-repeat":"repeat","background-position":"center center","background-size":"auto","background-attachment":"scroll","background-type":"","background-media":"","overlay-type":"","overlay-color":"","overlay-opacity":"","overlay-gradient":""}},"footnotes":""},"class_list":["post-10110","page","type-page","status-publish","hentry"],"yoast_head":"<!-- This site is optimized with the Yoast SEO plugin v27.2 - https:\/\/yoast.com\/product\/yoast-seo-wordpress\/ -->\n<title>Tratamiento de datos - Fundaci\u00f3 Aspros \u2013 Servei Integral per la discapacitat ps\u00edquica<\/title>\n<meta name=\"robots\" content=\"index, follow, max-snippet:-1, max-image-preview:large, max-video-preview:-1\" \/>\n<link rel=\"canonical\" href=\"https:\/\/aspros.cat\/tractament-de-dades\/\" \/>\n<meta property=\"og:locale\" content=\"es_ES\" \/>\n<meta property=\"og:type\" content=\"article\" \/>\n<meta property=\"og:title\" content=\"Tratamiento de datos - Fundaci\u00f3 Aspros \u2013 Servei Integral per la discapacitat ps\u00edquica\" \/>\n<meta property=\"og:description\" content=\"Pol\u00edtica de tratamiento de datos INFORMACI\u00d3N PARA EL TRATAMIENTO DE DATOS PERSONALES EN RELACI\u00d3N CON LOS CANDIDATOS A EMPLEADO &nbsp; FUNDACI\u00d3N PRIVADA ASPROS es la responsable del tratamiento de los datos personales del interesado y le informa de que dichos datos se tratar\u00e1n de conformidad con lo establecido por el Reglamento (UE) 2016\/679, de 27 [&hellip;]\" \/>\n<meta property=\"og:url\" content=\"https:\/\/aspros.cat\/tractament-de-dades\/\" \/>\n<meta property=\"og:site_name\" content=\"Fundaci\u00f3 Aspros \u2013 Servei Integral per la discapacitat ps\u00edquica\" \/>\n<meta property=\"article:modified_time\" content=\"2022-11-10T13:00:27+00:00\" \/>\n<meta name=\"twitter:card\" content=\"summary_large_image\" \/>\n<meta name=\"twitter:label1\" content=\"Tiempo de lectura\" \/>\n\t<meta name=\"twitter:data1\" content=\"2 minutos\" \/>\n<script type=\"application\/ld+json\" class=\"yoast-schema-graph\">{\"@context\":\"https:\/\/schema.org\",\"@graph\":[{\"@type\":\"WebPage\",\"@id\":\"https:\/\/aspros.cat\/tractament-de-dades\/\",\"url\":\"https:\/\/aspros.cat\/tractament-de-dades\/\",\"name\":\"Tratamiento de datos - Fundaci\u00f3 Aspros \u2013 Servei Integral per la discapacitat ps\u00edquica\",\"isPartOf\":{\"@id\":\"https:\/\/aspros.cat\/#website\"},\"datePublished\":\"2022-06-15T07:44:47+00:00\",\"dateModified\":\"2022-11-10T13:00:27+00:00\",\"breadcrumb\":{\"@id\":\"https:\/\/aspros.cat\/tractament-de-dades\/#breadcrumb\"},\"inLanguage\":\"es\",\"potentialAction\":[{\"@type\":\"ReadAction\",\"target\":[\"https:\/\/aspros.cat\/tractament-de-dades\/\"]}]},{\"@type\":\"BreadcrumbList\",\"@id\":\"https:\/\/aspros.cat\/tractament-de-dades\/#breadcrumb\",\"itemListElement\":[{\"@type\":\"ListItem\",\"position\":1,\"name\":\"Inici\",\"item\":\"https:\/\/aspros.cat\/\"},{\"@type\":\"ListItem\",\"position\":2,\"name\":\"Tratamiento de datos\"}]},{\"@type\":\"WebSite\",\"@id\":\"https:\/\/aspros.cat\/#website\",\"url\":\"https:\/\/aspros.cat\/\",\"name\":\"Fundaci\u00f3 Aspros \u2013 Servei Integral per la discapacitat ps\u00edquica\",\"description\":\"Otro sitio realizado con WordPress\",\"publisher\":{\"@id\":\"https:\/\/aspros.cat\/#organization\"},\"potentialAction\":[{\"@type\":\"SearchAction\",\"target\":{\"@type\":\"EntryPoint\",\"urlTemplate\":\"https:\/\/aspros.cat\/?s={search_term_string}\"},\"query-input\":{\"@type\":\"PropertyValueSpecification\",\"valueRequired\":true,\"valueName\":\"search_term_string\"}}],\"inLanguage\":\"es\"},{\"@type\":\"Organization\",\"@id\":\"https:\/\/aspros.cat\/#organization\",\"name\":\"Fundaci\u00f3 Aspros \u2013 Servei Integral per la discapacitat ps\u00edquica\",\"url\":\"https:\/\/aspros.cat\/\",\"logo\":{\"@type\":\"ImageObject\",\"inLanguage\":\"es\",\"@id\":\"https:\/\/aspros.cat\/#\/schema\/logo\/image\/\",\"url\":\"https:\/\/aspros.cat\/wp-content\/uploads\/2021\/11\/cropped-ASPROS_positiu.png\",\"contentUrl\":\"https:\/\/aspros.cat\/wp-content\/uploads\/2021\/11\/cropped-ASPROS_positiu.png\",\"width\":1200,\"height\":400,\"caption\":\"Fundaci\u00f3 Aspros \u2013 Servei Integral per la discapacitat ps\u00edquica\"},\"image\":{\"@id\":\"https:\/\/aspros.cat\/#\/schema\/logo\/image\/\"}}]}<\/script>\n<!-- \/ Yoast SEO plugin. -->","yoast_head_json":{"title":"Tratamiento de datos - Fundaci\u00f3 Aspros \u2013 Servei Integral per la discapacitat ps\u00edquica","robots":{"index":"index","follow":"follow","max-snippet":"max-snippet:-1","max-image-preview":"max-image-preview:large","max-video-preview":"max-video-preview:-1"},"canonical":"https:\/\/aspros.cat\/tractament-de-dades\/","og_locale":"es_ES","og_type":"article","og_title":"Tratamiento de datos - Fundaci\u00f3 Aspros \u2013 Servei Integral per la discapacitat ps\u00edquica","og_description":"Pol\u00edtica de tratamiento de datos INFORMACI\u00d3N PARA EL TRATAMIENTO DE DATOS PERSONALES EN RELACI\u00d3N CON LOS CANDIDATOS A EMPLEADO &nbsp; FUNDACI\u00d3N PRIVADA ASPROS es la responsable del tratamiento de los datos personales del interesado y le informa de que dichos datos se tratar\u00e1n de conformidad con lo establecido por el Reglamento (UE) 2016\/679, de 27 [&hellip;]","og_url":"https:\/\/aspros.cat\/tractament-de-dades\/","og_site_name":"Fundaci\u00f3 Aspros \u2013 Servei Integral per la discapacitat ps\u00edquica","article_modified_time":"2022-11-10T13:00:27+00:00","twitter_card":"summary_large_image","twitter_misc":{"Tiempo de lectura":"2 minutos"},"schema":{"@context":"https:\/\/schema.org","@graph":[{"@type":"WebPage","@id":"https:\/\/aspros.cat\/tractament-de-dades\/","url":"https:\/\/aspros.cat\/tractament-de-dades\/","name":"Tratamiento de datos - Fundaci\u00f3 Aspros \u2013 Servei Integral per la discapacitat ps\u00edquica","isPartOf":{"@id":"https:\/\/aspros.cat\/#website"},"datePublished":"2022-06-15T07:44:47+00:00","dateModified":"2022-11-10T13:00:27+00:00","breadcrumb":{"@id":"https:\/\/aspros.cat\/tractament-de-dades\/#breadcrumb"},"inLanguage":"es","potentialAction":[{"@type":"ReadAction","target":["https:\/\/aspros.cat\/tractament-de-dades\/"]}]},{"@type":"BreadcrumbList","@id":"https:\/\/aspros.cat\/tractament-de-dades\/#breadcrumb","itemListElement":[{"@type":"ListItem","position":1,"name":"Inici","item":"https:\/\/aspros.cat\/"},{"@type":"ListItem","position":2,"name":"Tratamiento de datos"}]},{"@type":"WebSite","@id":"https:\/\/aspros.cat\/#website","url":"https:\/\/aspros.cat\/","name":"Fundaci\u00f3 Aspros \u2013 Servei Integral per la discapacitat ps\u00edquica","description":"Otro sitio realizado con WordPress","publisher":{"@id":"https:\/\/aspros.cat\/#organization"},"potentialAction":[{"@type":"SearchAction","target":{"@type":"EntryPoint","urlTemplate":"https:\/\/aspros.cat\/?s={search_term_string}"},"query-input":{"@type":"PropertyValueSpecification","valueRequired":true,"valueName":"search_term_string"}}],"inLanguage":"es"},{"@type":"Organization","@id":"https:\/\/aspros.cat\/#organization","name":"Fundaci\u00f3 Aspros \u2013 Servei Integral per la discapacitat ps\u00edquica","url":"https:\/\/aspros.cat\/","logo":{"@type":"ImageObject","inLanguage":"es","@id":"https:\/\/aspros.cat\/#\/schema\/logo\/image\/","url":"https:\/\/aspros.cat\/wp-content\/uploads\/2021\/11\/cropped-ASPROS_positiu.png","contentUrl":"https:\/\/aspros.cat\/wp-content\/uploads\/2021\/11\/cropped-ASPROS_positiu.png","width":1200,"height":400,"caption":"Fundaci\u00f3 Aspros \u2013 Servei Integral per la discapacitat ps\u00edquica"},"image":{"@id":"https:\/\/aspros.cat\/#\/schema\/logo\/image\/"}}]}},"campaignId":"","_links":{"self":[{"href":"https:\/\/aspros.cat\/es\/wp-json\/wp\/v2\/pages\/10110","targetHints":{"allow":["GET"]}}],"collection":[{"href":"https:\/\/aspros.cat\/es\/wp-json\/wp\/v2\/pages"}],"about":[{"href":"https:\/\/aspros.cat\/es\/wp-json\/wp\/v2\/types\/page"}],"author":[{"embeddable":true,"href":"https:\/\/aspros.cat\/es\/wp-json\/wp\/v2\/users\/1"}],"replies":[{"embeddable":true,"href":"https:\/\/aspros.cat\/es\/wp-json\/wp\/v2\/comments?post=10110"}],"version-history":[{"count":1,"href":"https:\/\/aspros.cat\/es\/wp-json\/wp\/v2\/pages\/10110\/revisions"}],"predecessor-version":[{"id":10111,"href":"https:\/\/aspros.cat\/es\/wp-json\/wp\/v2\/pages\/10110\/revisions\/10111"}],"wp:attachment":[{"href":"https:\/\/aspros.cat\/es\/wp-json\/wp\/v2\/media?parent=10110"}],"curies":[{"name":"wp","href":"https:\/\/api.w.org\/{rel}","templated":true}]}}